{"id":4603,"date":"2021-02-02T13:21:19","date_gmt":"2021-02-02T16:21:19","guid":{"rendered":"https:\/\/flordeibez.org\/flor\/?page_id=4603"},"modified":"2022-06-10T16:14:20","modified_gmt":"2022-06-10T19:14:20","slug":"tree","status":"publish","type":"page","link":"https:\/\/flordeibez.org\/flor\/tree\/","title":{"rendered":"Tree"},"content":{"rendered":"<div id=\"pl-4603\"  class=\"panel-layout\" ><div id=\"pg-4603-0\"  class=\"panel-grid panel-has-style\" ><div class=\"panel-row-style panel-row-style-for-4603-0\" ><div id=\"pgc-4603-0-0\"  class=\"panel-grid-cell panel-grid-cell-empty\" ><\/div><div id=\"pgc-4603-0-1\"  class=\"panel-grid-cell panel-grid-cell-mobile-last\" ><div id=\"panel-4603-0-1-0\" class=\"so-panel widget widget_text panel-first-child\" data-index=\"0\" ><div class=\"panel-widget-style panel-widget-style-for-4603-0-1-0\" >\t\t\t<div class=\"textwidget\"><p><a href=\"https:\/\/flordeibez.org\/flor\/campanha-relampago-cafe\/\" target=\"_blank\" rel=\"noopener\"><button style=\"text-align: center; font-size: 18px; font-family: helvetica, arial, sans-serif; color: #1c1c1c; font-weight: normal; padding: 5% 19%;\">Campanha<br \/>\nCaf\u00e9 Agroflorestal<\/button><\/a><\/p>\n<\/div>\n\t\t<\/div><\/div><div id=\"panel-4603-0-1-1\" class=\"so-panel widget widget_text\" data-index=\"1\" >\t\t\t<div class=\"textwidget\"><p><a href=\"https:\/\/forms.gle\/9VAe8F2iNSX6Rs4a7\" target=\"_blank\" rel=\"noopener\"><button style=\"text-align: center; font-size: 18px; font-family: helvetica, arial, sans-serif; color: #1c1c1c; font-weight: normal; padding: 5% 21%;\">Bioconstru\u00e7\u00e3o<br \/>\n<span style=\"font-size: 14px;\">v i v \u00ea n c i a &#8211; junho<\/span><\/button><\/a><\/p>\n<\/div>\n\t\t<\/div><div id=\"panel-4603-0-1-2\" class=\"so-panel widget widget_text\" data-index=\"2\" >\t\t\t<div class=\"textwidget\"><p><a href=\"https:\/\/forms.gle\/vawYu49wspeVJdra9\" target=\"_blank\" rel=\"noopener\"><button style=\"text-align: center; font-size: 18px; font-family: helvetica, arial, sans-serif; color: #1c1c1c; font-weight: normal; padding: 5% 23%;\">Bioconstru\u00e7\u00e3o<br \/>\n<span style=\"font-size: 14px;\">c u r s o &#8211; julho<\/span><\/button><\/a><\/p>\n<\/div>\n\t\t<\/div><div id=\"panel-4603-0-1-3\" class=\"so-panel widget widget_text\" data-index=\"3\" >\t\t\t<div class=\"textwidget\"><p><a href=\"https:\/\/youtu.be\/53LHoCPFGzc\" target=\"_blank\" rel=\"noopener\"><button style=\"text-align: center; font-size: 18px; font-family: helvetica, arial, sans-serif; color: #1c1c1c; font-weight: normal; padding: 5% 11%;\">Perguntas e Respostas<br \/>\n<span style=\"font-size: 14px;\">com Artur, 7 de junho<\/span><\/button><\/a><\/p>\n<\/div>\n\t\t<\/div><div id=\"panel-4603-0-1-4\" class=\"so-panel widget widget_text\" data-index=\"4\" >\t\t\t<div class=\"textwidget\"><p><a href=\"https:\/\/forms.gle\/vqYq1RJLLaK3JqxJ9\" target=\"_blank\" rel=\"noopener\"><button style=\"text-align: center; font-size: 18px; font-family: helvetica, arial, sans-serif; color: #1c1c1c; font-weight: normal; padding: 5% 20%;\">Luzes no espa\u00e7o<br \/>\n<span style=\"font-size: 14px;\">Grupo de Estudos<\/span><\/button><\/a><\/p>\n<\/div>\n\t\t<\/div><div id=\"panel-4603-0-1-5\" class=\"so-panel widget widget_text\" data-index=\"5\" ><div class=\"panel-widget-style panel-widget-style-for-4603-0-1-5\" >\t\t\t<div class=\"textwidget\"><p><a href=\"https:\/\/forms.gle\/avVPg2iWPs1mQed39\" target=\"_blank\" rel=\"noopener\"><button style=\"text-align: center; font-size: 18px; font-family: helvetica, arial, sans-serif; color: #1c1c1c; font-weight: normal; padding: 5% 28%;\">Rifa da Flor<\/button><\/a><\/p>\n<\/div>\n\t\t<\/div><\/div><div id=\"panel-4603-0-1-6\" class=\"so-panel widget widget_text\" data-index=\"6\" >\t\t\t<div class=\"textwidget\"><p><a href=\"https:\/\/www.youtube.com\/c\/FlordeIbez\" target=\"_blank\" rel=\"noopener\"><button style=\"text-align: center; font-size: 18px; font-family: helvetica, arial, sans-serif; color: #1c1c1c; font-weight: normal; padding: 5% 22%;\">V\u00eddeos<br \/>\n<span style=\"font-size: 14px;\">canal de Flor de Ibez<\/span><\/button><\/a><\/p>\n<\/div>\n\t\t<\/div><div id=\"panel-4603-0-1-7\" class=\"so-panel widget widget_text\" data-index=\"7\" >\t\t\t<div class=\"textwidget\"><p><a href=\"https:\/\/flordeibez.org\/flor\/semeie-uma-flor\/\" target=\"_blank\" rel=\"noopener\"><button style=\"text-align: center; font-size: 18px; font-family: helvetica, arial, sans-serif; color: #1c1c1c; font-weight: normal; padding: 5% 5%;\">Campanha Semeie uma Flor<br \/>\n<span style=\"font-size: 14px;\">Segunda etapa<\/span><\/button><\/a><\/p>\n<\/div>\n\t\t<\/div><div id=\"panel-4603-0-1-8\" class=\"so-panel widget widget_text panel-last-child\" data-index=\"8\" ><div class=\"panel-widget-style panel-widget-style-for-4603-0-1-8\" >\t\t\t<div class=\"textwidget\"><p><a href=\"https:\/\/flordeibez.org\/flor\/\" target=\"_blank\" rel=\"noopener\"><button style=\"text-align: center; font-size: 18px; font-family:helvetica, arial, sans-serif; color: #1c1c1c; font-weight: normal; padding: 5% 14%;\">Site &#8211; p\u00e1gina principal<\/button><\/a><\/p>\n<\/div>\n\t\t<\/div><\/div><\/div><div id=\"pgc-4603-0-2\"  class=\"panel-grid-cell panel-grid-cell-empty\" ><\/div><\/div><\/div><\/div>","protected":false},"excerpt":{"rendered":"<p>Campanha Caf\u00e9 Agroflorestal Bioconstru\u00e7\u00e3o v i v \u00ea n c i a &#8211; junho Bioconstru\u00e7\u00e3o c u r s o &#8211; julho Perguntas e Respostas com Artur, 7 de junho Luzes no espa\u00e7o Grupo de Estudos Rifa da Flor V\u00eddeos canal de Flor de Ibez Campanha Semeie uma Flor Segunda etapa Site &#8211; p\u00e1gina principal<\/p>\n","protected":false},"author":2,"featured_media":0,"parent":0,"menu_order":0,"comment_status":"closed","ping_status":"closed","template":"","meta":[],"_links":{"self":[{"href":"https:\/\/flordeibez.org\/flor\/wp-json\/wp\/v2\/pages\/4603"}],"collection":[{"href":"https:\/\/flordeibez.org\/flor\/wp-json\/wp\/v2\/pages"}],"about":[{"href":"https:\/\/flordeibez.org\/flor\/wp-json\/wp\/v2\/types\/page"}],"author":[{"embeddable":true,"href":"https:\/\/flordeibez.org\/flor\/wp-json\/wp\/v2\/users\/2"}],"replies":[{"embeddable":true,"href":"https:\/\/flordeibez.org\/flor\/wp-json\/wp\/v2\/comments?post=4603"}],"version-history":[{"count":10,"href":"https:\/\/flordeibez.org\/flor\/wp-json\/wp\/v2\/pages\/4603\/revisions"}],"predecessor-version":[{"id":5164,"href":"https:\/\/flordeibez.org\/flor\/wp-json\/wp\/v2\/pages\/4603\/revisions\/5164"}],"wp:attachment":[{"href":"https:\/\/flordeibez.org\/flor\/wp-json\/wp\/v2\/media?parent=4603"}],"curies":[{"name":"wp","href":"https:\/\/api.w.org\/{rel}","templated":true}]}}