{"id":4508,"date":"2021-01-31T00:34:52","date_gmt":"2021-01-31T03:34:52","guid":{"rendered":"https:\/\/flordeibez.org\/flor\/?page_id=4508"},"modified":"2021-02-12T19:42:20","modified_gmt":"2021-02-12T22:42:20","slug":"formacao-vivencial-campanha","status":"publish","type":"page","link":"https:\/\/flordeibez.org\/flor\/formacao-vivencial-campanha\/","title":{"rendered":"Mar\u00e3 Robdzuri &#8211; campanha"},"content":{"rendered":"<div id=\"pl-4508\"  class=\"panel-layout\" ><div id=\"pg-4508-0\"  class=\"panel-grid panel-has-style\" ><div class=\"panel-row-style panel-row-style-for-4508-0\" ><div id=\"pgc-4508-0-0\"  class=\"panel-grid-cell panel-grid-cell-mobile-last\" ><div id=\"panel-4508-0-0-0\" class=\"so-panel widget widget_text panel-first-child panel-last-child\" data-index=\"0\" ><div class=\"panel-widget-style panel-widget-style-for-4508-0-0-0\" >\t\t\t<div class=\"textwidget\"><p style=\"text-align: left; font-size: 26px; font-family: helvetica, arial, sans-serif; color: #fff; font-weight: normal;\">c a m p a n h a<\/p>\n<p style=\"text-align: left; font-size: 36px; font-family: helvetica, arial, sans-serif; color: #fff; font-weight: bold;\">Mar\u00e3 Robdzuri &#8211; plantar na floresta<\/p>\n<p style=\"text-align: left; font-size: 28px; font-family: helvetica, arial, sans-serif; color: #d86420; font-weight: bold;\">Forma\u00e7\u00e3o vivencial inter\u00e9tnica em agrofloresta e pr\u00e1ticas sustent\u00e1veis<\/p>\n<p style=\"text-align: left; font-size: 23px; font-family: helvetica, arial, sans-serif; color: #fff; font-weight:normal;\">fevereiro 2021<\/p>\n<\/div>\n\t\t<\/div><\/div><\/div><div id=\"pgc-4508-0-1\"  class=\"panel-grid-cell panel-grid-cell-empty\" ><\/div><\/div><\/div><div id=\"pg-4508-1\"  class=\"panel-grid panel-has-style\" ><div class=\"panel-row-style panel-row-style-for-4508-1\" ><div id=\"pgc-4508-1-0\"  class=\"panel-grid-cell\" ><div id=\"panel-4508-1-0-0\" class=\"so-panel widget widget_sow-editor panel-first-child panel-last-child\" data-index=\"1\" ><div class=\"panel-widget-style panel-widget-style-for-4508-1-0-0\" ><div\n\t\t\t\n\t\t\tclass=\"so-widget-sow-editor so-widget-sow-editor-base\"\n\t\t\t\n\t\t>\n<div class=\"siteorigin-widget-tinymce textwidget\">\n\t<p style=\"text-align: left; font-size: 24px; font-family: helvetica, arial, sans-serif; color: #8c8c8c; font-weight: normal;\"><b>Mar\u00e3 Robdzuri - Plantar na Floresta<\/b> \u00e9 um projeto de Flor de Ibez voltado para o atendimento dos povos ind\u00edgenas, com especial \u00eanfase no povo Auw\u1ebd Xavante, que habita grande parte do que \u00e9 hoje o estado do Mato Grosso. Esta campanha visa levantar recursos para viabilizar essa importante forma\u00e7\u00e3o vivencial.<\/p>\n<p style=\"text-align: left; font-size: 24px; font-family: helvetica, arial, sans-serif; color: #8c8c8c; font-weight: normal;\">O primeiro m\u00f3dulo formativo acontecer\u00e1 de 9 de fevereiro a 9 de mar\u00e7o 2021.<\/p>\n<\/div>\n<\/div><\/div><\/div><\/div><\/div><\/div><div id=\"pg-4508-2\"  class=\"panel-grid panel-has-style\" ><div class=\"panel-row-style panel-row-style-for-4508-2\" ><div id=\"pgc-4508-2-0\"  class=\"panel-grid-cell\" ><div id=\"panel-4508-2-0-0\" class=\"so-panel widget widget_sow-editor panel-first-child panel-last-child\" data-index=\"2\" ><div class=\"panel-widget-style panel-widget-style-for-4508-2-0-0\" ><div\n\t\t\t\n\t\t\tclass=\"so-widget-sow-editor so-widget-sow-editor-base\"\n\t\t\t\n\t\t>\n<div class=\"siteorigin-widget-tinymce textwidget\">\n\t<p style=\"text-align: right; font-size: 22px; font-family: helvetica, arial, sans-serif; color: #8c8c8c; font-weight: normal;\">Quatro integrantes da aldeia S\u00e3o Br\u00e1s, Terra Ind\u00edgena Xavante S\u00e3o Marcos, participar\u00e3o do primeiro m\u00f3dulo da forma\u00e7\u00e3o vivencial inter\u00e9tnica em agrofloresta e pr\u00e1ticas sustent\u00e1veis em Flor de Ibez.<\/p>\n<p style=\"text-align: right; font-size: 28px; font-family: helvetica, arial, sans-serif; color: #8c8c8c; font-weight: bold;\">Ajude-nos a tornar poss\u00edvel essa forma\u00e7\u00e3o!<\/p>\n<\/div>\n<\/div><\/div><\/div><\/div><div id=\"pgc-4508-2-1\"  class=\"panel-grid-cell\" ><div id=\"panel-4508-2-1-0\" class=\"so-panel widget widget_media_image panel-first-child panel-last-child\" data-index=\"3\" ><img width=\"800\" height=\"624\" src=\"https:\/\/flordeibez.org\/flor\/wp-content\/uploads\/2021\/02\/aldeia-sbras-2021-web-800x624.jpg\" class=\"image wp-image-4581  attachment-medium size-medium\" alt=\"\" decoding=\"async\" loading=\"lazy\" style=\"max-width: 100%; height: auto;\" srcset=\"https:\/\/flordeibez.org\/flor\/wp-content\/uploads\/2021\/02\/aldeia-sbras-2021-web-800x624.jpg 800w, https:\/\/flordeibez.org\/flor\/wp-content\/uploads\/2021\/02\/aldeia-sbras-2021-web-768x599.jpg 768w, https:\/\/flordeibez.org\/flor\/wp-content\/uploads\/2021\/02\/aldeia-sbras-2021-web.jpg 916w\" sizes=\"(max-width: 800px) 100vw, 800px\" \/><\/div><\/div><\/div><\/div><div id=\"pg-4508-3\"  class=\"panel-grid panel-has-style\" ><div class=\"panel-row-style panel-row-style-for-4508-3\" ><div id=\"pgc-4508-3-0\"  class=\"panel-grid-cell\" ><div id=\"panel-4508-3-0-0\" class=\"so-panel widget widget_sow-editor panel-first-child panel-last-child\" data-index=\"4\" ><div class=\"panel-widget-style panel-widget-style-for-4508-3-0-0\" ><div\n\t\t\t\n\t\t\tclass=\"so-widget-sow-editor so-widget-sow-editor-base\"\n\t\t\t\n\t\t>\n<div class=\"siteorigin-widget-tinymce textwidget\">\n\t<p style=\"text-align: right; font-size: 19px; font-family: helvetica, arial, sans-serif; color: #8c8c8c; font-weight: normal;\">Cacique Cirino Hi'a'u Ur\u00e9b\u00e9t\u00e9 (\u00e0 direita na foto), sua esposa Deocelina \u2018Repidzariwe Rumoriae (abaixo), seu filho Hiderwal Waptun\u00e9 Hi'a'u (foto abaixo) e seu irm\u00e3o Nh\u00f5i 're Ur\u00e9b\u00e9t\u00e9 (\u00e0 esquerda na foto) ser\u00e3o os participantes do primeiro m\u00f3dulo formativo. Sua filha Valderina 'Retsi aba 'r\u00e9iw\u0113 Hi'a'u (abaixo) acompanhar\u00e1 o grupo.<\/p>\n<\/div>\n<\/div><\/div><\/div><\/div><div id=\"pgc-4508-3-1\"  class=\"panel-grid-cell\" ><div id=\"panel-4508-3-1-0\" class=\"so-panel widget widget_media_image panel-first-child panel-last-child\" data-index=\"5\" ><img width=\"600\" height=\"395\" src=\"https:\/\/flordeibez.org\/flor\/wp-content\/uploads\/2021\/02\/irmaos-urebete_pb-768x505.jpg\" class=\"image wp-image-4568  attachment-600x395 size-600x395\" alt=\"\" decoding=\"async\" loading=\"lazy\" style=\"max-width: 100%; height: auto;\" srcset=\"https:\/\/flordeibez.org\/flor\/wp-content\/uploads\/2021\/02\/irmaos-urebete_pb-768x505.jpg 768w, https:\/\/flordeibez.org\/flor\/wp-content\/uploads\/2021\/02\/irmaos-urebete_pb-800x526.jpg 800w, https:\/\/flordeibez.org\/flor\/wp-content\/uploads\/2021\/02\/irmaos-urebete_pb.jpg 921w\" sizes=\"(max-width: 600px) 100vw, 600px\" \/><\/div><\/div><\/div><\/div><div id=\"pg-4508-4\"  class=\"panel-grid panel-has-style\" ><div class=\"panel-row-style panel-row-style-for-4508-4\" ><div id=\"pgc-4508-4-0\"  class=\"panel-grid-cell\" ><div id=\"panel-4508-4-0-0\" class=\"so-panel widget widget_media_image panel-first-child panel-last-child\" data-index=\"6\" ><div class=\"panel-widget-style panel-widget-style-for-4508-4-0-0\" ><img width=\"293\" height=\"400\" src=\"https:\/\/flordeibez.org\/flor\/wp-content\/uploads\/2021\/02\/cirino-esposa-2_pb.jpg\" class=\"image wp-image-4563  attachment-293x400 size-293x400\" alt=\"\" decoding=\"async\" loading=\"lazy\" style=\"max-width: 100%; height: auto;\" \/><\/div><\/div><\/div><div id=\"pgc-4508-4-1\"  class=\"panel-grid-cell\" ><div id=\"panel-4508-4-1-0\" class=\"so-panel widget widget_media_image panel-first-child panel-last-child\" data-index=\"7\" ><div class=\"panel-widget-style panel-widget-style-for-4508-4-1-0\" ><img width=\"307\" height=\"429\" src=\"https:\/\/flordeibez.org\/flor\/wp-content\/uploads\/2021\/02\/hiderwal-pb.jpg\" class=\"image wp-image-4595  attachment-full size-full\" alt=\"\" decoding=\"async\" loading=\"lazy\" style=\"max-width: 100%; height: auto;\" \/><\/div><\/div><\/div><div id=\"pgc-4508-4-2\"  class=\"panel-grid-cell\" ><div id=\"panel-4508-4-2-0\" class=\"so-panel widget widget_media_image panel-first-child panel-last-child\" data-index=\"8\" ><div class=\"panel-widget-style panel-widget-style-for-4508-4-2-0\" ><img width=\"319\" height=\"400\" src=\"https:\/\/flordeibez.org\/flor\/wp-content\/uploads\/2021\/02\/filha-cirino_pb.jpg\" class=\"image wp-image-4566  attachment-319x400 size-319x400\" alt=\"\" decoding=\"async\" loading=\"lazy\" style=\"max-width: 100%; height: auto;\" \/><\/div><\/div><\/div><\/div><\/div><div id=\"pg-4508-5\"  class=\"panel-grid panel-has-style\" ><div class=\"panel-row-style panel-row-style-for-4508-5\" ><div id=\"pgc-4508-5-0\"  class=\"panel-grid-cell panel-grid-cell-empty\" ><\/div><div id=\"pgc-4508-5-1\"  class=\"panel-grid-cell\" ><div id=\"panel-4508-5-1-0\" class=\"so-panel widget widget_text panel-first-child\" data-index=\"9\" ><div class=\"panel-widget-style panel-widget-style-for-4508-5-1-0\" >\t\t\t<div class=\"textwidget\"><p style=\"text-align: left; font-size: 21px; font-family: helvetica, arial, sans-serif; color: #1c1c1c; font-weight: bold;\">Desenvolvemos projetos junto a comunidades ind\u00edgenas estimulando a soberania alimentar, aliando a produ\u00e7\u00e3o agroflorestal \u00e0 valoriza\u00e7\u00e3o da cultura tradicional, sempre associadas \u00e0 biodiversidade do bioma, \u00e0 recupera\u00e7\u00e3o do ciclo das \u00e1guas e ao fortalecimento dessas comunidades. Trabalhamos com os irm\u00e3os ind\u00edgenas sob os princ\u00edpios de produ\u00e7\u00e3o ecol\u00f3gica e manejo sustent\u00e1vel do territ\u00f3rio, da troca de saberes e da autonomia das comunidades, adequando as novas tecnologias para a realidade local.<\/p>\n<p style=\"text-align: left; font-size: 21px; font-family: helvetica, arial, sans-serif; color: #1c1c1c; font-weight: bold;\">Venha conosco! Vamos tornar poss\u00edvel essa forma\u00e7\u00e3o vivencial!<\/p>\n<\/div>\n\t\t<\/div><\/div><div id=\"panel-4508-5-1-1\" class=\"so-panel widget widget_text panel-last-child\" data-index=\"10\" ><div class=\"panel-widget-style panel-widget-style-for-4508-5-1-1\" >\t\t\t<div class=\"textwidget\"><p><a href=\"#donation\"><button style=\"text-align: center; font-size: 21px; font-family: helvetica, arial, sans-serif; color: #1c1c1c; font-weight: normal; border: none; background-color: #dd8500; padding: 3% 5%;\">QUERO DOAR!<\/button><\/a><br \/>\n<div class=\"wptime-plugin-progress-wrap\" style=\"max-width:100%;background:#fff6d5;margin-bottom:20px;\"><div class=\"wptime-plugin-progress-bar\" style=\"background:#55d400;width:100%;\"><\/div><span style=\"color:#2b1100;\">100%<\/span><\/div><\/p>\n<p style=\"text-align: center; font-size: 15px; font-family: helvetica, arial, sans-serif; color: #1c1c1c;\">Porcentagem alcan\u00e7ada do valor total de R$6.900,00. Doa\u00e7\u00f5es que excedam esse valor ser\u00e3o destinadas ao prosseguimento da forma\u00e7\u00e3o dos ind\u00edgenas participantes.<\/p>\n<p style=\"text-align: center; font-size: 15px; font-family: helvetica, arial, sans-serif; color: #1c1c1c; font-weight: bold;\">Atualizado em 12 de fevereiro de 2021<\/p>\n<\/div>\n\t\t<\/div><\/div><\/div><\/div><\/div><div id=\"pg-4508-6\"  class=\"panel-grid panel-no-style\" ><div id=\"pgc-4508-6-0\"  class=\"panel-grid-cell panel-grid-cell-empty\" ><\/div><div id=\"pgc-4508-6-1\"  class=\"panel-grid-cell panel-grid-cell-mobile-last\" ><div id=\"panel-4508-6-1-0\" class=\"so-panel widget widget_text panel-first-child\" data-index=\"11\" ><div class=\"panel-widget-style panel-widget-style-for-4508-6-1-0\" >\t\t\t<div class=\"textwidget\"><p style=\"text-align: left; font-size: 21px; font-family: helvetica, arial, sans-serif; color: #8c8c8c; line-height: 180%;\"><b>Forma\u00e7\u00e3o vivencial<\/b> prov\u00e9m do termo ingl\u00eas \u201cexperiential education\u201d e refere-se a modalidades educativas que fomentam a aprendizagem baseada em experi\u00eancias, em vez da transmiss\u00e3o cognitiva dos conceitos.<\/p>\n<p style=\"text-align: left; font-size: 19px; font-family: helvetica, arial, sans-serif; color: #8c8c8c; line-height: 180%;\">Cada etapa (30 dias) da forma\u00e7\u00e3o vivencial Mar\u00e3 Robdzuri \u00e9 subdivida em 4 fases de uma semana, cada qual com o foco em um tema espec\u00edfico. A cada dia, aprofundamos algum aspecto desse tema, partindo do conhecimento tradicional auw\u1ebd, valorizando a complementarieade entre povos e culturas e, especialmente, atentos \u00e0s necessidades e dons de cada participante.<\/p>\n<\/div>\n\t\t<\/div><\/div><div id=\"panel-4508-6-1-1\" class=\"so-panel widget widget_media_video\" data-index=\"12\" ><div class=\"panel-widget-style panel-widget-style-for-4508-6-1-1\" ><div style=\"width:100%;\" class=\"wp-video\"><!--[if lt IE 9]><script>document.createElement('video');<\/script><![endif]-->\n<video class=\"wp-video-shortcode\" id=\"video-4508-1\" preload=\"metadata\" controls=\"controls\"><source type=\"video\/youtube\" src=\"https:\/\/youtu.be\/noU5FVgQCTM?_=1\" \/><a href=\"https:\/\/youtu.be\/noU5FVgQCTM\">https:\/\/youtu.be\/noU5FVgQCTM<\/a><\/video><\/div><\/div><\/div><div id=\"panel-4508-6-1-2\" class=\"so-panel widget widget_text panel-last-child\" data-index=\"13\" ><div class=\"panel-widget-style panel-widget-style-for-4508-6-1-2\" >\t\t\t<div class=\"textwidget\"><p style=\"text-align: left; font-size: 21px; font-family: helvetica, arial, sans-serif; color: #8c8c8c; line-height: 180%;\">Para que este m\u00f3dulo de fevereiro\/mar\u00e7o de 2021 da forma\u00e7\u00e3o vivencial possa acontecer precisamos de <b>R$6900,00<\/b>, para suprir os seguintes itens, para quatro participantes.<\/p>\n<p style=\"text-align: left; font-size: 16px; font-family: helvetica, arial, sans-serif; color: #8c8c8c; line-height: 180%;\"><b>Mem\u00f3ria de c\u00e1lculo<\/b>:<br \/>\nTraslados aldeia (ida e volta) e cidade: R$250,00<br \/>\nTeste covid (5 x R$260,00): R$1300,00<br \/>\nBotas, luvas, material did\u00e1tico, camiseta: R$850,00<br \/>\nAlimenta\u00e7\u00e3o e despesas b\u00e1sicas (3 refei\u00e7\u00f5es principais e 2 lanches, energia el\u00e9trica, g\u00e1s, material higiene) por 30 dias: R$20,00 x 30 dias x 4 = R$2100,00<br \/>\nAux\u00edlio (para possibilitar aos ind\u00edgenas ausentar-se da aldeia pelo per\u00edodo da forma\u00e7\u00e3o): R$600,00 x 4 = R$2400,00<br \/>\nTotal: R$6900,00<\/p>\n<p id=\"donation\" style=\"text-align: left; font-size: 21px; font-family: helvetica, arial, sans-serif; color: #8c8c8c; line-height: 180%; font-weight: bold;\">\u00c9 f\u00e1cil colaborar! Veja a seguir:<\/p>\n<\/div>\n\t\t<\/div><\/div><\/div><div id=\"pgc-4508-6-2\"  class=\"panel-grid-cell panel-grid-cell-empty\" ><\/div><\/div><div id=\"pg-4508-7\"  class=\"panel-grid panel-has-style\" ><div class=\"panel-row-style panel-row-style-for-4508-7\" ><div id=\"pgc-4508-7-0\"  class=\"panel-grid-cell\" ><div id=\"panel-4508-7-0-0\" class=\"so-panel widget widget_text panel-first-child\" data-index=\"14\" ><div class=\"panel-widget-style panel-widget-style-for-4508-7-0-0\" >\t\t\t<div class=\"textwidget\"><p style=\"text-align: right; color: #8c8c8c; font-size: 26px; font-family: helvetica, arial, sans-serif;\"><b>transfer\u00eancia<br \/>\nou dep\u00f3sito banc\u00e1rio<\/b><\/p>\n<\/div>\n\t\t<\/div><\/div><div id=\"panel-4508-7-0-1\" class=\"so-panel widget widget_text panel-last-child\" data-index=\"15\" ><div class=\"panel-widget-style panel-widget-style-for-4508-7-0-1\" >\t\t\t<div class=\"textwidget\"><p style=\"text-align: right; font-size: 19px; font-family: helvetica, arial, sans-serif; color: #8c8c8c;\"><b>Gratid\u00e3o imensa por participar!<\/b><\/p>\n<div class=\"wptime-plugin-progress-wrap\" style=\"max-width:100%;background:#fff6d5;margin-bottom:20px;\"><div class=\"wptime-plugin-progress-bar\" style=\"background:#55d400;width:100%;\"><\/div><span style=\"color:#2b1100;\">100%<\/span><\/div>\n<p style=\"text-align: center; font-size: 12px; font-family: helvetica, arial, sans-serif; color: #8c8c8c;\">Porcentagem alcan\u00e7ada do valor total de R$6.900,00. Doa\u00e7\u00f5es que excedam esse valor ser\u00e3o destinadas ao prosseguimento da forma\u00e7\u00e3o dos ind\u00edgenas participantes.<\/p>\n<p style=\"text-align: center; font-size: 15px; font-family: helvetica, arial, sans-serif; color: #6c6c6c; font-weight: bold;\">Atualizado em 12 de fevereiro de 2021<\/p>\n<\/div>\n\t\t<\/div><\/div><\/div><div id=\"pgc-4508-7-1\"  class=\"panel-grid-cell panel-grid-cell-mobile-last\" ><div id=\"panel-4508-7-1-0\" class=\"so-panel widget widget_text panel-first-child\" data-index=\"16\" ><div class=\"panel-widget-style panel-widget-style-for-4508-7-1-0\" >\t\t\t<div class=\"textwidget\"><p style=\"color: #8c8c8c; font-size: 16px; font-family: helvetica, arial, sans-serif;\"><b>Qualquer valor \u00e9 bem-vindo! Quando poss\u00edvel, efetue sua colabora\u00e7\u00e3o por meio de uma transfer\u00eancia ou de um dep\u00f3sito banc\u00e1rio.<\/b><\/p>\n<p style=\"color: #8c8c8c; font-size: 14px; font-family: helvetica, arial, sans-serif; margin-left: 9%;\"><b>Flor de Ibez &#8212; Instituto de Vida Integral<br \/>\nBanco 237 &#8211; Bradesco<br \/>\nAg\u00eancia 3292-1 \u00a0 CC 6751-2<br \/>\nCNPJ 27.233.268\/0001-20<br \/>\npix 27233268000120 ou contato@flordeibez.org<\/b><\/p>\n<p style=\"color: #8c8c8c; font-size: 14px; font-family: helvetica, arial, sans-serif;\"><b>Envios com termina\u00e7\u00e3o R$5,00<\/b> (como R$35,00 R$55,00 R$205,00 etc) identificam valores destinados para este projeto <b>Mar\u00e3 Robdzuri<\/b>. Caso deposite sem essa termina\u00e7\u00e3o, por favor avise-nos, para que possamos identificar o seu dep\u00f3sito.<\/p>\n<p style=\"color: #8c8c8c; font-size: 16px; font-family: helvetica, arial, sans-serif; font-weight: bold;\">Para utilizar o PagSeguro, clique no bot\u00e3o abaixo.<\/p>\n<\/div>\n\t\t<\/div><\/div><div id=\"panel-4508-7-1-1\" class=\"widget_text so-panel widget widget_custom_html panel-last-child\" data-index=\"17\" ><div class=\"widget_text panel-widget-style panel-widget-style-for-4508-7-1-1\" ><div class=\"textwidget custom-html-widget\"><!-- INICIO FORMULARIO BOTAO PAGSEGURO -->\n<form action=\"https:\/\/pagseguro.uol.com.br\/checkout\/v2\/donation.html\" method=\"post\">\n<!-- N\u00c3O EDITE OS COMANDOS DAS LINHAS ABAIXO -->\n<input type=\"hidden\" name=\"currency\" value=\"BRL\" \/>\n<input type=\"hidden\" name=\"receiverEmail\" value=\"contato@flordeibez.org\" \/>\n<input type=\"hidden\" name=\"iot\" value=\"button\" \/>\n<input type=\"image\" src=\"https:\/\/stc.pagseguro.uol.com.br\/public\/img\/botoes\/doacoes\/120x53-doar.gif\" name=\"submit\" alt=\"Pague com PagSeguro - \u00e9 r\u00e1pido, gr\u00e1tis e seguro!\" \/>\n<\/form>\n<!-- FINAL FORMULARIO BOTAO PAGSEGURO -->\n\n\n<\/div><\/div><\/div><\/div><div id=\"pgc-4508-7-2\"  class=\"panel-grid-cell panel-grid-cell-empty\" ><\/div><\/div><\/div><div id=\"pg-4508-8\"  class=\"panel-grid panel-has-style\" ><div class=\"panel-row-style panel-row-style-for-4508-8\" ><div id=\"pgc-4508-8-0\"  class=\"panel-grid-cell panel-grid-cell-empty\" ><\/div><div id=\"pgc-4508-8-1\"  class=\"panel-grid-cell panel-grid-cell-mobile-last\" ><div id=\"panel-4508-8-1-0\" class=\"so-panel widget widget_text panel-first-child\" data-index=\"18\" ><div class=\"panel-widget-style panel-widget-style-for-4508-8-1-0\" >\t\t\t<div class=\"textwidget\"><p style=\"color: #8c8c8c; font-size: 16px; font-family: helvetica, arial, sans-serif; font-weight: normal;\"><b>Para doa\u00e7\u00f5es internacionais, clique abaixo (Paypal)<\/b><\/p>\n<\/div>\n\t\t<\/div><\/div><div id=\"panel-4508-8-1-1\" class=\"widget_text so-panel widget widget_custom_html panel-last-child\" data-index=\"19\" ><div class=\"widget_text panel-widget-style panel-widget-style-for-4508-8-1-1\" ><div class=\"textwidget custom-html-widget\"><form action=\"https:\/\/www.paypal.com\/donate\" method=\"post\" target=\"_top\"><input name=\"hosted_button_id\" type=\"hidden\" value=\"DRRSG8BJLMSQ8\" \/>\n<input title=\"PayPal - The safer, easier way to pay online!\" alt=\"Donate with PayPal button\" name=\"submit\" src=\"https:\/\/www.paypalobjects.com\/en_US\/i\/btn\/btn_donateCC_LG.gif\" type=\"image\" \/>\n<img src=\"https:\/\/www.paypal.com\/en_BR\/i\/scr\/pixel.gif\" alt=\"\" width=\"1\" height=\"1\" border=\"0\" \/><\/form>\n\n<p style=\"color: #8c8c8c; font-size: 16px; font-family: helvetica, arial, sans-serif; font-weight: normal;\">ou fale conosco diretamente\n(secretaria@flordeibez.org whatsApp +55 66 99673-7893).<\/p><\/div><\/div><\/div><\/div><div id=\"pgc-4508-8-2\"  class=\"panel-grid-cell panel-grid-cell-empty\" ><\/div><\/div><\/div><div id=\"pg-4508-9\"  class=\"panel-grid panel-has-style\" ><div class=\"panel-row-style panel-row-style-for-4508-9\" ><div id=\"pgc-4508-9-0\"  class=\"panel-grid-cell\" ><div id=\"panel-4508-9-0-0\" class=\"so-panel widget widget_text panel-first-child panel-last-child\" data-index=\"20\" ><div class=\"panel-widget-style panel-widget-style-for-4508-9-0-0\" >\t\t\t<div class=\"textwidget\"><p style=\"text-align: left; font-size: 26px; font-family: helvetica, arial, sans-serif; color: #fff;\"><strong>materiais para doar?<\/strong><\/p>\n<p style=\"text-align: left; font-size: 17px; font-family: helvetica, arial, sans-serif; color: #fff; font-weight: bold;\">Aceitamos doa\u00e7\u00f5es de ferramentas agr\u00edcolas, como enxada, enxad\u00e3o, foice, rastelo e outras, al\u00e9m de combust\u00edvel (gasolina e diesel) para as m\u00e1quinas. Caso voc\u00ea resida em nossa regi\u00e3o, tenha um excedente sem uso em sua casa ou comercialize esse tipo de material e queira colaborar, sua participa\u00e7\u00e3o ser\u00e1 muito bem-vinda. Lembrar que Flor de Ibez est\u00e1 sediada em Barra do Gar\u00e7as-MT. Para contato, Telegram ou sms para +55 66 99673-7893.<\/p>\n<\/div>\n\t\t<\/div><\/div><\/div><div id=\"pgc-4508-9-1\"  class=\"panel-grid-cell\" ><div id=\"panel-4508-9-1-0\" class=\"so-panel widget widget_text panel-first-child\" data-index=\"21\" ><div class=\"panel-widget-style panel-widget-style-for-4508-9-1-0\" >\t\t\t<div class=\"textwidget\"><p style=\"text-align: center; font-size: 19px; font-family: helvetica, arial, sans-serif; color: #fff; font-weight: bold; background-color: #9d9d9d;\">Para conhecer mais detalhes do projeto Mar\u00e3 Robdzuri<a href=\"https:\/\/flordeibez.org\/flor\/projeto-mara-robdzuri\/\" target=\"_blank\" rel=\"noopener\"><br \/>\nclique aqui.<\/a><\/p>\n<p style=\"text-align: center; font-size: 19px; font-family: helvetica, arial, sans-serif; color: #fff; font-weight: bold; background-color: #9d9d9d;\">Portf\u00f3lio de Flor de Ibez<br \/>\n<a href=\"https:\/\/flordeibez.org\/flor\/wp-content\/uploads\/2020\/04\/flordeibez.pdf\" target=\"_blank\" rel=\"noopener\"><b>Clique para visualizar!<\/b><\/a><\/p>\n<\/div>\n\t\t<\/div><\/div><div id=\"panel-4508-9-1-1\" class=\"so-panel widget widget_media_video panel-last-child\" data-index=\"22\" ><div class=\"panel-widget-style panel-widget-style-for-4508-9-1-1\" ><div style=\"width:100%;\" class=\"wp-video\"><video class=\"wp-video-shortcode\" id=\"video-4508-2\" preload=\"metadata\" controls=\"controls\"><source type=\"video\/youtube\" src=\"https:\/\/youtu.be\/LyEqe6AK8Bo?_=2\" \/><a href=\"https:\/\/youtu.be\/LyEqe6AK8Bo\">https:\/\/youtu.be\/LyEqe6AK8Bo<\/a><\/video><\/div><\/div><\/div><\/div><\/div><\/div><div id=\"pg-4508-10\"  class=\"panel-grid panel-has-style\" ><div class=\"siteorigin-panels-stretch panel-row-style panel-row-style-for-4508-10\" data-stretch-type=\"full-stretched\" ><div id=\"pgc-4508-10-0\"  class=\"panel-grid-cell\" ><div id=\"panel-4508-10-0-0\" class=\"so-panel widget widget_text panel-first-child panel-last-child\" data-index=\"23\" ><div class=\"panel-widget-style panel-widget-style-for-4508-10-0-0\" >\t\t\t<div class=\"textwidget\"><p style=\"text-align: center; font-size: 16px; font-family: helvetica, arial, sans-serif; color: #decd87;\">e-mail secretaria@flordeibez.org<br \/>\nTelegram +55 66 9 9673-7893<br \/>\nfacebook e instagram @flordeibez<\/p>\n<p style=\"text-align: center; font-size: 16px; font-family: helvetica, arial, sans-serif; color: #decd87;\"><b>Paz a todos os seres!<\/b><\/p>\n<\/div>\n\t\t<\/div><\/div><\/div><\/div><\/div><\/div>","protected":false},"excerpt":{"rendered":"<p>c a m p a n h a Mar\u00e3 Robdzuri &#8211; plantar na floresta Forma\u00e7\u00e3o vivencial inter\u00e9tnica em agrofloresta e pr\u00e1ticas sustent\u00e1veis fevereiro 2021 Mar\u00e3 Robdzuri &#8211; Plantar na Floresta \u00e9 um projeto de Flor de Ibez voltado para o atendimento dos povos ind\u00edgenas, com especial \u00eanfase no povo Auw\u1ebd Xavante, que habita grande parte [&hellip;]<\/p>\n","protected":false},"author":2,"featured_media":0,"parent":0,"menu_order":0,"comment_status":"closed","ping_status":"closed","template":"","meta":[],"_links":{"self":[{"href":"https:\/\/flordeibez.org\/flor\/wp-json\/wp\/v2\/pages\/4508"}],"collection":[{"href":"https:\/\/flordeibez.org\/flor\/wp-json\/wp\/v2\/pages"}],"about":[{"href":"https:\/\/flordeibez.org\/flor\/wp-json\/wp\/v2\/types\/page"}],"author":[{"embeddable":true,"href":"https:\/\/flordeibez.org\/flor\/wp-json\/wp\/v2\/users\/2"}],"replies":[{"embeddable":true,"href":"https:\/\/flordeibez.org\/flor\/wp-json\/wp\/v2\/comments?post=4508"}],"version-history":[{"count":82,"href":"https:\/\/flordeibez.org\/flor\/wp-json\/wp\/v2\/pages\/4508\/revisions"}],"predecessor-version":[{"id":4524,"href":"https:\/\/flordeibez.org\/flor\/wp-json\/wp\/v2\/pages\/4508\/revisions\/4524"}],"wp:attachment":[{"href":"https:\/\/flordeibez.org\/flor\/wp-json\/wp\/v2\/media?parent=4508"}],"curies":[{"name":"wp","href":"https:\/\/api.w.org\/{rel}","templated":true}]}}