{"id":4363,"date":"2020-09-04T01:54:11","date_gmt":"2020-09-04T04:54:11","guid":{"rendered":"https:\/\/flordeibez.org\/flor\/?page_id=4363"},"modified":"2020-09-05T10:11:46","modified_gmt":"2020-09-05T13:11:46","slug":"ervas-covid","status":"publish","type":"page","link":"https:\/\/flordeibez.org\/flor\/ervas-covid\/","title":{"rendered":"Plantas do cerrado e covid-19"},"content":{"rendered":"<div id=\"pl-4363\"  class=\"panel-layout\" ><div id=\"pg-4363-0\"  class=\"panel-grid panel-has-style\" ><div class=\"panel-row-style panel-row-style-for-4363-0\" ><div id=\"pgc-4363-0-0\"  class=\"panel-grid-cell\" ><div id=\"panel-4363-0-0-0\" class=\"so-panel widget widget_media_image panel-first-child panel-last-child\" data-index=\"0\" ><img width=\"1280\" height=\"720\" src=\"https:\/\/flordeibez.org\/flor\/wp-content\/uploads\/2020\/09\/capa_ervas-covid_web.jpg\" class=\"image wp-image-4364  attachment-full size-full\" alt=\"\" decoding=\"async\" loading=\"lazy\" style=\"max-width: 100%; height: auto;\" srcset=\"https:\/\/flordeibez.org\/flor\/wp-content\/uploads\/2020\/09\/capa_ervas-covid_web.jpg 1280w, https:\/\/flordeibez.org\/flor\/wp-content\/uploads\/2020\/09\/capa_ervas-covid_web-800x450.jpg 800w, https:\/\/flordeibez.org\/flor\/wp-content\/uploads\/2020\/09\/capa_ervas-covid_web-768x432.jpg 768w\" sizes=\"(max-width: 1280px) 100vw, 1280px\" \/><\/div><\/div><\/div><\/div><div id=\"pg-4363-1\"  class=\"panel-grid panel-has-style\" ><div class=\"panel-row-style panel-row-style-for-4363-1\" ><div id=\"pgc-4363-1-0\"  class=\"panel-grid-cell\" ><div id=\"panel-4363-1-0-0\" class=\"so-panel widget widget_sow-editor panel-first-child panel-last-child\" data-index=\"1\" ><div class=\"panel-widget-style panel-widget-style-for-4363-1-0-0\" ><div\n\t\t\t\n\t\t\tclass=\"so-widget-sow-editor so-widget-sow-editor-base\"\n\t\t\t\n\t\t>\n<div class=\"siteorigin-widget-tinymce textwidget\">\n\t<p style=\"text-align: right; font-size: 42px; font-family: helvetica, arial, sans-serif; color: #8c8c8c; font-weight: normal;\">manual de uso terap\u00eautico<\/p>\n<p style=\"text-align: right; font-size: 33px; font-family: helvetica, arial, sans-serif; color: #8c8c8c; font-weight: bold;\">plantas do cerrado<\/p>\n<\/div>\n<\/div><\/div><\/div><\/div><div id=\"pgc-4363-1-1\"  class=\"panel-grid-cell\" ><div id=\"panel-4363-1-1-0\" class=\"so-panel widget widget_sow-editor panel-first-child panel-last-child\" data-index=\"2\" ><div class=\"panel-widget-style panel-widget-style-for-4363-1-1-0\" ><div\n\t\t\t\n\t\t\tclass=\"so-widget-sow-editor so-widget-sow-editor-base\"\n\t\t\t\n\t\t>\n<div class=\"siteorigin-widget-tinymce textwidget\">\n\t<p style=\"text-align: left; font-size: 23px; font-family: helvetica, arial, sans-serif; color: #8c8c8c; font-weight: normal;\">O manual que compartilhamos abaixo foi organizado com foco no povo A'uw\u1ebd Xavante, que habita o Cerrado do Brasil central, e para o presente momento de pandemia mundial.<\/p>\n<p style=\"text-align: left; font-size: 23px; font-family: helvetica, arial, sans-serif; color: #8c8c8c; font-weight: normal;\">O uso de plantas para al\u00edvio dos sintomas de Covid-19 gera conforto e pode evitar que a doen\u00e7a tenha evolu\u00e7\u00f5es mais graves. Para isso se utilizam ervas de efeito analg\u00e9sico e ervas anti-inflamat\u00f3rias. Ervas para redu\u00e7\u00e3o da febre podem ajudar a evitar desidrata\u00e7\u00e3o nas aldeias com pouco acesso a \u00e1gua. Al\u00e9m disso, sintomas de m\u00e1 circula\u00e7\u00e3o e problemas tromb\u00f3ticos t\u00eam sido encontrados em muitos pacientes com Covid-19, portanto dentre as ervas selecionadas para esse material foram inclu\u00eddas ervas anticoagulantes.<\/p>\n<\/div>\n<\/div><\/div><\/div><\/div><\/div><\/div><div id=\"pg-4363-2\"  class=\"panel-grid panel-no-style\" ><div id=\"pgc-4363-2-0\"  class=\"panel-grid-cell\" ><div id=\"panel-4363-2-0-0\" class=\"so-panel widget widget_media_image panel-first-child panel-last-child\" data-index=\"3\" ><div class=\"panel-widget-style panel-widget-style-for-4363-2-0-0\" ><img width=\"592\" height=\"447\" src=\"https:\/\/flordeibez.org\/flor\/wp-content\/uploads\/2020\/09\/jatoba.jpg\" class=\"image wp-image-4365  attachment-full size-full\" alt=\"\" decoding=\"async\" loading=\"lazy\" style=\"max-width: 100%; height: auto;\" \/><\/div><\/div><\/div><div id=\"pgc-4363-2-1\"  class=\"panel-grid-cell\" ><div id=\"panel-4363-2-1-0\" class=\"so-panel widget widget_text panel-first-child panel-last-child\" data-index=\"4\" ><div class=\"panel-widget-style panel-widget-style-for-4363-2-1-0\" >\t\t\t<div class=\"textwidget\"><p style=\"text-align: left; font-size: 21px; font-family: helvetica, arial, sans-serif; color: #8c8c8c; font-weight: bold;\">Este manual disponibiliza um conjunto de orienta\u00e7\u00f5es baseadas no conhecimento cient\u00edfico atual e no uso ancestral-tradicional, mas ele n\u00e3o substitui o acompanhamento m\u00e9dico.<\/p>\n<\/div>\n\t\t<\/div><\/div><\/div><\/div><div id=\"pg-4363-3\"  class=\"panel-grid panel-has-style\" ><div class=\"panel-row-style panel-row-style-for-4363-3\" ><div id=\"pgc-4363-3-0\"  class=\"panel-grid-cell\" ><div id=\"panel-4363-3-0-0\" class=\"so-panel widget widget_text panel-first-child panel-last-child\" data-index=\"5\" ><div class=\"panel-widget-style panel-widget-style-for-4363-3-0-0\" >\t\t\t<div class=\"textwidget\"><p style=\"text-align: left; font-size: 26px; font-family: helvetica, arial, sans-serif; color: #fff; font-weight: bold;\">plantas do cerrado de uso do povo A&#8217;uw\u1ebd Xavante x covid19<\/p>\n<p style=\"text-align: left; font-size: 18px; font-family: helvetica, arial, sans-serif; color: #fff; font-weight: normal;\">Clique abaixo para abrir e baixar:<\/p>\n<\/div>\n\t\t<\/div><\/div><\/div><\/div><\/div><div id=\"pg-4363-4\"  class=\"panel-grid panel-has-style\" ><div class=\"panel-row-style panel-row-style-for-4363-4\" ><div id=\"pgc-4363-4-0\"  class=\"panel-grid-cell\" ><div id=\"panel-4363-4-0-0\" class=\"so-panel widget widget_text panel-first-child\" data-index=\"6\" ><div class=\"panel-widget-style panel-widget-style-for-4363-4-0-0\" >\t\t\t<div class=\"textwidget\"><p style=\"text-align: left; font-size: 16px; font-family: helvetica, arial, sans-serif; color: #fff; font-weight: bold;\">PDF <a href=\"https:\/\/flordeibez.org\/flor\/wp-content\/uploads\/2020\/09\/plantas_xavante_compacto.pdf\" target=\"_blank\" rel=\"noopener\"><b>Vers\u00e3o reduzida para celular<\/b><\/a><\/p>\n<\/div>\n\t\t<\/div><\/div><div id=\"panel-4363-4-0-1\" class=\"so-panel widget widget_media_image panel-last-child\" data-index=\"7\" ><div class=\"panel-widget-style panel-widget-style-for-4363-4-0-1\" ><img width=\"280\" height=\"158\" src=\"https:\/\/flordeibez.org\/flor\/wp-content\/uploads\/2020\/09\/capa_manual_ervas-covid.jpg\" class=\"image wp-image-4353  attachment-280x158 size-280x158\" alt=\"\" decoding=\"async\" loading=\"lazy\" style=\"max-width: 100%; height: auto;\" \/><\/div><\/div><\/div><div id=\"pgc-4363-4-1\"  class=\"panel-grid-cell\" ><div id=\"panel-4363-4-1-0\" class=\"so-panel widget widget_text panel-first-child\" data-index=\"8\" ><div class=\"panel-widget-style panel-widget-style-for-4363-4-1-0\" >\t\t\t<div class=\"textwidget\"><p style=\"text-align: left; font-size: 16px; font-family: helvetica, arial, sans-serif; color: #fff; font-weight: bold;\">PDF <a href=\"https:\/\/flordeibez.org\/flor\/wp-content\/uploads\/2020\/09\/plantas_xavante.pdf\" target=\"_blank\" rel=\"noopener\"><b>Vers\u00e3o grande para impress\u00e3o<\/b><\/a><\/p>\n<\/div>\n\t\t<\/div><\/div><div id=\"panel-4363-4-1-1\" class=\"so-panel widget widget_media_image panel-last-child\" data-index=\"9\" ><div class=\"panel-widget-style panel-widget-style-for-4363-4-1-1\" ><a href=\"https:\/\/flordeibez.org\/flor\/wp-content\/uploads\/2020\/09\/plantas_xavante.pdf\"><img width=\"400\" height=\"225\" src=\"https:\/\/flordeibez.org\/flor\/wp-content\/uploads\/2020\/09\/capa_manual_ervas-covid.jpg\" class=\"image wp-image-4353  attachment-full size-full\" alt=\"\" decoding=\"async\" loading=\"lazy\" style=\"max-width: 100%; height: auto;\" \/><\/a><\/div><\/div><\/div><\/div><\/div><div id=\"pg-4363-5\"  class=\"panel-grid panel-no-style\" ><div id=\"pgc-4363-5-0\"  class=\"panel-grid-cell\" ><div id=\"panel-4363-5-0-0\" class=\"so-panel widget widget_media_image panel-first-child panel-last-child\" data-index=\"10\" ><div class=\"panel-widget-style panel-widget-style-for-4363-5-0-0\" ><img width=\"858\" height=\"572\" src=\"https:\/\/flordeibez.org\/flor\/wp-content\/uploads\/2020\/09\/erica.jpg\" class=\"image wp-image-4368  attachment-full size-full\" alt=\"\" decoding=\"async\" loading=\"lazy\" style=\"max-width: 100%; height: auto;\" srcset=\"https:\/\/flordeibez.org\/flor\/wp-content\/uploads\/2020\/09\/erica.jpg 858w, https:\/\/flordeibez.org\/flor\/wp-content\/uploads\/2020\/09\/erica-800x533.jpg 800w, https:\/\/flordeibez.org\/flor\/wp-content\/uploads\/2020\/09\/erica-768x512.jpg 768w, https:\/\/flordeibez.org\/flor\/wp-content\/uploads\/2020\/09\/erica-272x182.jpg 272w\" sizes=\"(max-width: 858px) 100vw, 858px\" \/><\/div><\/div><\/div><div id=\"pgc-4363-5-1\"  class=\"panel-grid-cell\" ><div id=\"panel-4363-5-1-0\" class=\"so-panel widget widget_text panel-first-child panel-last-child\" data-index=\"11\" ><div class=\"panel-widget-style panel-widget-style-for-4363-5-1-0\" >\t\t\t<div class=\"textwidget\"><p style=\"text-align: left; font-size: 19px; font-family: helvetica, arial, sans-serif; color: #8c8c8c; font-weight: normal;\"><b>autora:<\/b> \u00c9rica Soares Assis &#8211; psic\u00f3loga, pesquisadora em sa\u00fade e medicinas tradicionais<br \/>\ne-mail: erica.s.assis@gmail.com \/ facebook: erica.assis.50 \/ instagram: erica.s.assis<\/p>\n<p style=\"text-align: left; font-size: 19px; font-family: helvetica, arial, sans-serif; color: #8c8c8c; font-weight: normal;\"><b>tradu\u00e7\u00e3o:<\/b> Oscar Waraiwe Urebete (T.I. S\u00e3o Marcos)<\/p>\n<p style=\"text-align: left; font-size: 19px; font-family: helvetica, arial, sans-serif; color: #8c8c8c; font-weight: normal;\"><b>apoio:<\/b> For de Ibez &#8211; Instituto de Vida Integral<\/p>\n<\/div>\n\t\t<\/div><\/div><\/div><\/div><div id=\"pg-4363-6\"  class=\"panel-grid panel-has-style\" ><div class=\"siteorigin-panels-stretch panel-row-style panel-row-style-for-4363-6\" data-stretch-type=\"full-stretched\" ><div id=\"pgc-4363-6-0\"  class=\"panel-grid-cell\" ><div id=\"panel-4363-6-0-0\" class=\"so-panel widget widget_text panel-first-child panel-last-child\" data-index=\"12\" ><div class=\"panel-widget-style panel-widget-style-for-4363-6-0-0\" >\t\t\t<div class=\"textwidget\"><p style=\"text-align: center; font-size: 16px; font-family: helvetica, arial, sans-serif; color: #decd87;\">e-mail secretaria@flordeibez.org<br \/>\nwhats app +55 66 9 9673-7893<br \/>\nfacebook e instagram @flordeibez<\/p>\n<p style=\"text-align: center; font-size: 16px; font-family: helvetica, arial, sans-serif; color: #decd87;\"><b>Paz a todos os seres!<\/b><\/p>\n<\/div>\n\t\t<\/div><\/div><\/div><\/div><\/div><\/div>","protected":false},"excerpt":{"rendered":"<p>manual de uso terap\u00eautico plantas do cerrado O manual que compartilhamos abaixo foi organizado com foco no povo A&#8217;uw\u1ebd Xavante, que habita o Cerrado do Brasil central, e para o presente momento de pandemia mundial. O uso de plantas para al\u00edvio dos sintomas de Covid-19 gera conforto e pode evitar que a doen\u00e7a tenha evolu\u00e7\u00f5es [&hellip;]<\/p>\n","protected":false},"author":2,"featured_media":0,"parent":0,"menu_order":0,"comment_status":"closed","ping_status":"closed","template":"","meta":[],"_links":{"self":[{"href":"https:\/\/flordeibez.org\/flor\/wp-json\/wp\/v2\/pages\/4363"}],"collection":[{"href":"https:\/\/flordeibez.org\/flor\/wp-json\/wp\/v2\/pages"}],"about":[{"href":"https:\/\/flordeibez.org\/flor\/wp-json\/wp\/v2\/types\/page"}],"author":[{"embeddable":true,"href":"https:\/\/flordeibez.org\/flor\/wp-json\/wp\/v2\/users\/2"}],"replies":[{"embeddable":true,"href":"https:\/\/flordeibez.org\/flor\/wp-json\/wp\/v2\/comments?post=4363"}],"version-history":[{"count":20,"href":"https:\/\/flordeibez.org\/flor\/wp-json\/wp\/v2\/pages\/4363\/revisions"}],"predecessor-version":[{"id":4383,"href":"https:\/\/flordeibez.org\/flor\/wp-json\/wp\/v2\/pages\/4363\/revisions\/4383"}],"wp:attachment":[{"href":"https:\/\/flordeibez.org\/flor\/wp-json\/wp\/v2\/media?parent=4363"}],"curies":[{"name":"wp","href":"https:\/\/api.w.org\/{rel}","templated":true}]}}