{"id":4329,"date":"2020-09-01T17:49:47","date_gmt":"2020-09-01T20:49:47","guid":{"rendered":"https:\/\/flordeibez.org\/flor\/?page_id=4329"},"modified":"2020-11-20T00:53:41","modified_gmt":"2020-11-20T03:53:41","slug":"casa-amiga","status":"publish","type":"page","link":"https:\/\/flordeibez.org\/flor\/casa-amiga\/","title":{"rendered":"Casa-Amiga"},"content":{"rendered":"<div id=\"pl-4329\"  class=\"panel-layout\" ><div id=\"pg-4329-0\"  class=\"panel-grid panel-has-style\" ><div class=\"panel-row-style panel-row-style-for-4329-0\" ><div id=\"pgc-4329-0-0\"  class=\"panel-grid-cell\" ><div id=\"panel-4329-0-0-0\" class=\"so-panel widget widget_media_image panel-first-child panel-last-child\" data-index=\"0\" ><img width=\"1280\" height=\"281\" src=\"https:\/\/flordeibez.org\/flor\/wp-content\/uploads\/2018\/11\/panoramica-casa-amiga.jpg\" class=\"image wp-image-2839  attachment-full size-full\" alt=\"\" decoding=\"async\" loading=\"lazy\" style=\"max-width: 100%; height: auto;\" srcset=\"https:\/\/flordeibez.org\/flor\/wp-content\/uploads\/2018\/11\/panoramica-casa-amiga.jpg 1280w, https:\/\/flordeibez.org\/flor\/wp-content\/uploads\/2018\/11\/panoramica-casa-amiga-800x176.jpg 800w, https:\/\/flordeibez.org\/flor\/wp-content\/uploads\/2018\/11\/panoramica-casa-amiga-768x169.jpg 768w\" sizes=\"(max-width: 1280px) 100vw, 1280px\" \/><\/div><\/div><\/div><\/div><div id=\"pg-4329-1\"  class=\"panel-grid panel-has-style\" ><div class=\"panel-row-style panel-row-style-for-4329-1\" ><div id=\"pgc-4329-1-0\"  class=\"panel-grid-cell\" ><div id=\"panel-4329-1-0-0\" class=\"so-panel widget widget_sow-editor panel-first-child panel-last-child\" data-index=\"1\" ><div class=\"panel-widget-style panel-widget-style-for-4329-1-0-0\" ><div\n\t\t\t\n\t\t\tclass=\"so-widget-sow-editor so-widget-sow-editor-base\"\n\t\t\t\n\t\t>\n<div class=\"siteorigin-widget-tinymce textwidget\">\n\t<p style=\"text-align: right; font-size: 36px; font-family: helvetica, arial, sans-serif; color: #8c8c8c; font-weight: bold;\">Temos boas<br \/>\nnot\u00edcias!<\/p>\n<\/div>\n<\/div><\/div><\/div><\/div><div id=\"pgc-4329-1-1\"  class=\"panel-grid-cell\" ><div id=\"panel-4329-1-1-0\" class=\"so-panel widget widget_sow-editor panel-first-child panel-last-child\" data-index=\"2\" ><div class=\"panel-widget-style panel-widget-style-for-4329-1-1-0\" ><div\n\t\t\t\n\t\t\tclass=\"so-widget-sow-editor so-widget-sow-editor-base\"\n\t\t\t\n\t\t>\n<div class=\"siteorigin-widget-tinymce textwidget\">\n\t<p style=\"text-align: left; font-size: 24px; font-family: helvetica, arial, sans-serif; color: #8c8c8c; font-weight: bold;\">A Casa-Amiga vai fazer parte da a\u00e7\u00e3o social do 16&deg Semin\u00e1rio Internacional de Feng Shui!<\/p>\n<\/div>\n<\/div><\/div><\/div><\/div><\/div><\/div><div id=\"pg-4329-2\"  class=\"panel-grid panel-has-style\" ><div class=\"panel-row-style panel-row-style-for-4329-2\" ><div id=\"pgc-4329-2-0\"  class=\"panel-grid-cell\" ><\/div><div id=\"pgc-4329-2-1\"  class=\"panel-grid-cell\" ><div id=\"panel-4329-2-1-0\" class=\"so-panel widget widget_text panel-first-child\" data-index=\"4\" ><div class=\"panel-widget-style panel-widget-style-for-4329-2-1-0\" >\t\t\t<div class=\"textwidget\"><p style=\"text-align: left; font-size: 21px; font-family: helvetica, arial, sans-serif; color: #1c1c1c; font-weight: normal;\">Em Flor de Ibez a constru\u00e7\u00e3o da casa continua! Ser\u00e1 um local para hospedagem de colaboradores ind\u00edgenas e n\u00e3o-ind\u00edgenas, e tamb\u00e9m para retiros, espa\u00e7o simples mas muito necess\u00e1rio para o desenvolvimento dos trabalhos.<\/p>\n<p style=\"text-align: left; font-size: 21px; font-family: helvetica, arial, sans-serif; color: #1c1c1c; font-weight: bold;\">Por isso estamos lhe convidando a participar do t\u00e9rmino da obra.<\/p>\n<\/div>\n\t\t<\/div><\/div><div id=\"panel-4329-2-1-1\" class=\"so-panel widget widget_text panel-last-child\" data-index=\"5\" ><div class=\"panel-widget-style panel-widget-style-for-4329-2-1-1\" >\t\t\t<div class=\"textwidget\"><p><a href=\"#donation\"><button style=\"text-align: center; font-size: 21px; font-family: helvetica, arial, sans-serif; color: #1c1c1c; font-weight: normal; border: none; background-color: #dd8500; padding: 3% 5%;\">QUERO DOAR!<\/button><\/a><br \/>\n<div class=\"wptime-plugin-progress-wrap\" style=\"max-width:100%;background:#fff6d5;margin-bottom:20px;\"><div class=\"wptime-plugin-progress-bar\" style=\"background:#55d400;width:100%;\"><\/div><span style=\"color:#2b1100;\">100%<\/span><\/div><\/p>\n<p style=\"text-align: center; font-size: 15px; font-family: helvetica, arial, sans-serif; color: #1c1c1c;\">Porcentagem alcan\u00e7ada do valor total de R$18.000,00<\/p>\n<p style=\"text-align: center; font-size: 15px; font-family: helvetica, arial, sans-serif; color: #1c1c1c; font-weight: bold;\">Atualizado em 19 de novembro de 2020<\/p>\n<p style=\"text-align: left; font-size: 17px; font-family: helvetica, arial, sans-serif; color: #1c1c1c; font-weight: normal; background-color: #b4ed1a; padding: 20px;\">Para colaborar com a pr\u00f3xima etapa da <b>campanha Semeie uma flor<\/b><a href=\"https:\/\/flordeibez.org\/flor\/semeie-uma-flor\/\" target=\"_blank\" rel=\"noopener\"><b> clique aqui!<\/b><\/a><\/p>\n<\/div>\n\t\t<\/div><\/div><\/div><\/div><\/div><div id=\"pg-4329-3\"  class=\"panel-grid panel-no-style\" ><div id=\"pgc-4329-3-0\"  class=\"panel-grid-cell\" ><div id=\"panel-4329-3-0-0\" class=\"so-panel widget widget_text panel-first-child panel-last-child\" data-index=\"6\" ><div class=\"panel-widget-style panel-widget-style-for-4329-3-0-0\" >\t\t\t<div class=\"textwidget\"><p style=\"text-align: left; font-size: 26px; font-family: helvetica, arial, sans-serif; color: #8c8c8c; line-height: 220%;\">A Casa-Amiga \u00e9 a primeira etapa da Campanha <b>Semeie uma Flor<\/b>, a\u00e7\u00e3o social do 16\u00ba Semin\u00e1rio de Feng Shui.<\/p>\n<p style=\"text-align: left; font-size: 26px; font-family: helvetica, arial, sans-serif; color: #8c8c8c; line-height: 220%;\">Para termin\u00e1-la, precisamos de ajuda para instala\u00e7\u00e3o el\u00e9trica (solar) e hidr\u00e1ulica, piso, telhado, portas, janelas e alambrado para o canil. Custo total: R$18.000,00<\/p>\n<p id=\"donation\" style=\"text-align: left; font-size: 26px; font-family: helvetica, arial, sans-serif; color: #8c8c8c; line-height: 220%;\">\u00c9 f\u00e1cil colaborar! Veja a seguir:<\/p>\n<\/div>\n\t\t<\/div><\/div><\/div><\/div><div id=\"pg-4329-4\"  class=\"panel-grid panel-has-style\" ><div class=\"panel-row-style panel-row-style-for-4329-4\" ><div id=\"pgc-4329-4-0\"  class=\"panel-grid-cell\" ><div id=\"panel-4329-4-0-0\" class=\"so-panel widget widget_text panel-first-child\" data-index=\"7\" ><div class=\"panel-widget-style panel-widget-style-for-4329-4-0-0\" >\t\t\t<div class=\"textwidget\"><p style=\"text-align: right; color: #8c8c8c; font-size: 26px; font-family: helvetica, arial, sans-serif;\"><b>transfer\u00eancia<br \/>\nou dep\u00f3sito banc\u00e1rio<\/b><\/p>\n<\/div>\n\t\t<\/div><\/div><div id=\"panel-4329-4-0-1\" class=\"so-panel widget widget_text panel-last-child\" data-index=\"8\" ><div class=\"panel-widget-style panel-widget-style-for-4329-4-0-1\" >\t\t\t<div class=\"textwidget\"><p style=\"text-align: right; font-size: 19px; font-family: helvetica, arial, sans-serif; color: #8c8c8c;\"><b>Gratid\u00e3o imensa por participar!<\/b><\/p>\n<div class=\"wptime-plugin-progress-wrap\" style=\"max-width:100%;background:#fff6d5;margin-bottom:20px;\"><div class=\"wptime-plugin-progress-bar\" style=\"background:#55d400;width:100%;\"><\/div><span style=\"color:#2b1100;\">100%<\/span><\/div>\n<p style=\"text-align: center; font-size: 12px; font-family: helvetica, arial, sans-serif; color: #8c8c8c;\">Porcentagem alcan\u00e7ada do valor total de R$18.000,00<\/p>\n<p style=\"text-align: center; font-size: 15px; font-family: helvetica, arial, sans-serif; color: #6c6c6c; font-weight: bold;\">Atualizado em 19 de novembro de 2020<\/p>\n<p style=\"text-align: right; font-size: 17px; font-family: helvetica, arial, sans-serif; color: #1c1c1c; font-weight: normal; background-color: #b4ed1a; padding: 20px;\">Para colaborar com a pr\u00f3xima etapa da <b>campanha Semeie uma flor<\/b><a href=\"https:\/\/flordeibez.org\/flor\/semeie-uma-flor\/\" target=\"_blank\" rel=\"noopener\"><b> clique aqui!<\/b><\/a><\/p>\n<\/div>\n\t\t<\/div><\/div><\/div><div id=\"pgc-4329-4-1\"  class=\"panel-grid-cell panel-grid-cell-mobile-last\" ><div id=\"panel-4329-4-1-0\" class=\"so-panel widget widget_text panel-first-child\" data-index=\"9\" ><div class=\"panel-widget-style panel-widget-style-for-4329-4-1-0\" >\t\t\t<div class=\"textwidget\"><p style=\"color: #8c8c8c; font-size: 16px; font-family: helvetica, arial, sans-serif;\"><b>Qualquer valor \u00e9 bem-vindo! Quando poss\u00edvel, efetue sua colabora\u00e7\u00e3o por meio de uma transfer\u00eancia ou de um dep\u00f3sito banc\u00e1rio.<\/b><\/p>\n<p style=\"color: #8c8c8c; font-size: 14px; font-family: helvetica, arial, sans-serif; margin-left: 9%;\"><b>Flor de Ibez &#8212; Instituto de Vida Integral<br \/>\nBanco 237 &#8211; Bradesco<br \/>\nAg\u00eancia 3292-1 \u00a0 CC 6751-2<br \/>\nCNPJ 27.233.268\/0001-20<\/b><\/p>\n<p style=\"color: #8c8c8c; font-size: 14px; font-family: helvetica, arial, sans-serif;\"><b>Envios com termina\u00e7\u00e3o R$3,00<\/b> (como R$33,00 R$53,00 R$203,00 etc) identificam valores destinados para este projeto <b>casa-amiga<\/b>. Caso deposite sem essa termina\u00e7\u00e3o, por favor avise-nos, para que possamos identificar o seu dep\u00f3sito.<\/p>\n<p style=\"color: #8c8c8c; font-size: 16px; font-family: helvetica, arial, sans-serif; font-weight: bold;\">Para utilizar o PagSeguro, clique no bot\u00e3o abaixo.<\/p>\n<\/div>\n\t\t<\/div><\/div><div id=\"panel-4329-4-1-1\" class=\"widget_text so-panel widget widget_custom_html panel-last-child\" data-index=\"10\" ><div class=\"widget_text panel-widget-style panel-widget-style-for-4329-4-1-1\" ><div class=\"textwidget custom-html-widget\"><!-- INICIO FORMULARIO BOTAO PAGSEGURO -->\n<form action=\"https:\/\/pagseguro.uol.com.br\/checkout\/v2\/donation.html\" method=\"post\">\n<!-- N\u00c3O EDITE OS COMANDOS DAS LINHAS ABAIXO -->\n<input type=\"hidden\" name=\"currency\" value=\"BRL\" \/>\n<input type=\"hidden\" name=\"receiverEmail\" value=\"contato@flordeibez.org\" \/>\n<input type=\"hidden\" name=\"iot\" value=\"button\" \/>\n<input type=\"image\" src=\"https:\/\/stc.pagseguro.uol.com.br\/public\/img\/botoes\/doacoes\/120x53-doar.gif\" name=\"submit\" alt=\"Pague com PagSeguro - \u00e9 r\u00e1pido, gr\u00e1tis e seguro!\" \/>\n<\/form>\n<!-- FINAL FORMULARIO BOTAO PAGSEGURO -->\n\n\n<\/div><\/div><\/div><\/div><div id=\"pgc-4329-4-2\"  class=\"panel-grid-cell panel-grid-cell-empty\" ><\/div><\/div><\/div><div id=\"pg-4329-5\"  class=\"panel-grid panel-has-style\" ><div class=\"panel-row-style panel-row-style-for-4329-5\" ><div id=\"pgc-4329-5-0\"  class=\"panel-grid-cell panel-grid-cell-empty\" ><\/div><div id=\"pgc-4329-5-1\"  class=\"panel-grid-cell panel-grid-cell-mobile-last\" ><div id=\"panel-4329-5-1-0\" class=\"so-panel widget widget_text panel-first-child\" data-index=\"11\" ><div class=\"panel-widget-style panel-widget-style-for-4329-5-1-0\" >\t\t\t<div class=\"textwidget\"><p style=\"color: #8c8c8c; font-size: 16px; font-family: helvetica, arial, sans-serif; font-weight: normal;\"><b>Para doa\u00e7\u00f5es internacionais, fale conosco diretamente<\/b> (secretaria@flordeibez.org whatsApp +55 66 99673-7893).<\/p>\n<\/div>\n\t\t<\/div><\/div><div id=\"panel-4329-5-1-1\" class=\"so-panel widget widget_siteorigin-panels-builder panel-last-child\" data-index=\"12\" ><div class=\"panel-widget-style panel-widget-style-for-4329-5-1-1\" ><div id=\"pl-w5fb73dc5cd254\"  class=\"panel-layout\" ><div id=\"pg-w5fb73dc5cd254-0\"  class=\"panel-grid panel-no-style\" ><div id=\"pgc-w5fb73dc5cd254-0-0\"  class=\"panel-grid-cell\" ><div id=\"panel-w5fb73dc5cd254-0-0-0\" class=\"widget_text so-panel widget widget_custom_html panel-first-child panel-last-child\" data-index=\"0\" ><div class=\"widget_text panel-widget-style panel-widget-style-for-w5fb73dc5cd254-0-0-0\" ><div class=\"textwidget custom-html-widget\"><\/div><\/div><\/div><\/div><div id=\"pgc-w5fb73dc5cd254-0-1\"  class=\"panel-grid-cell\" ><\/div><\/div><\/div><\/div><\/div><\/div><div id=\"pgc-4329-5-2\"  class=\"panel-grid-cell panel-grid-cell-empty\" ><\/div><\/div><\/div><div id=\"pg-4329-6\"  class=\"panel-grid panel-no-style\" ><div id=\"pgc-4329-6-0\"  class=\"panel-grid-cell\" ><div id=\"panel-4329-6-0-0\" class=\"so-panel widget widget_text panel-first-child panel-last-child\" data-index=\"13\" ><div class=\"panel-widget-style panel-widget-style-for-4329-6-0-0\" >\t\t\t<div class=\"textwidget\"><p style=\"text-align: left; font-size: 26px; font-family: helvetica, arial, sans-serif; color: #8c8c8c;\"><strong>materiais para doar?<\/strong><\/p>\n<p style=\"text-align: left; font-size: 17px; font-family: helvetica, arial, sans-serif; color: #8c8c8c; font-weight: normal;\">Aceitamos doa\u00e7\u00f5es de materiais para constru\u00e7\u00e3o como cimento, cal, lajotas, pisos, janelas, portas, materiais de instala\u00e7\u00e3o el\u00e9trica e hidr\u00e1ulica. Caso voc\u00ea resida em nossa regi\u00e3o, tenha um excedente sem uso em sua casa ou comercialize esse tipo de material e queira colaborar, sua participa\u00e7\u00e3o ser\u00e1 muito bem-vinda. Lembrar que Flor de Ibez est\u00e1 sediada em Barra do Gar\u00e7as-MT. Para contato, whatsApp +55 66 99673-7893.<\/p>\n<\/div>\n\t\t<\/div><\/div><\/div><div id=\"pgc-4329-6-1\"  class=\"panel-grid-cell\" ><div id=\"panel-4329-6-1-0\" class=\"so-panel widget widget_text panel-first-child panel-last-child\" data-index=\"14\" ><div class=\"panel-widget-style panel-widget-style-for-4329-6-1-0\" >\t\t\t<div class=\"textwidget\"><p style=\"text-align: left; font-size: 19px; font-family: helvetica, arial, sans-serif; color: #fff; font-weight: bold;\">Conhe\u00e7a nossos trabalhos!<\/p>\n<p style=\"text-align: left; font-size: 19px; font-family: helvetica, arial, sans-serif; color: #fff; font-weight: normal;\">Desenvolvemos projetos junto a comunidades ind\u00edgenas estimulando a soberania alimentar, aliando a produ\u00e7\u00e3o agroflorestal \u00e0 valoriza\u00e7\u00e3o da cultura tradicional, sempre associadas \u00e0 biodiversidade do bioma, \u00e0 recupera\u00e7\u00e3o do ciclo das \u00e1guas e ao fortalecimento dessas comunidades. Trabalhamos com os irm\u00e3os ind\u00edgenas sob os princ\u00edpios de produ\u00e7\u00e3o ecol\u00f3gica e manejo sustent\u00e1vel do territ\u00f3rio, da troca de saberes e da autonomia das comunidades, adequando as novas tecnologias para a realidade local.<\/p>\n<p style=\"text-align: center; font-size: 19px; font-family: helvetica, arial, sans-serif; color: #fff; font-weight: bold; background-color: #6d6d6d;\">Portf\u00f3lio de Flor de Ibez<br \/>\n<a href=\"https:\/\/flordeibez.org\/flor\/wp-content\/uploads\/2020\/04\/flordeibez.pdf\" target=\"_blank\" rel=\"noopener\"><b>Clique para visualizar!<\/b><\/a><\/p>\n<\/div>\n\t\t<\/div><\/div><\/div><\/div><div id=\"pg-4329-7\"  class=\"panel-grid panel-has-style\" ><div class=\"panel-row-style panel-row-style-for-4329-7\" ><div id=\"pgc-4329-7-0\"  class=\"panel-grid-cell\" ><div id=\"panel-4329-7-0-0\" class=\"so-panel widget widget_media_image panel-first-child panel-last-child\" data-index=\"15\" ><div class=\"panel-widget-style panel-widget-style-for-4329-7-0-0\" ><img width=\"800\" height=\"442\" src=\"https:\/\/flordeibez.org\/flor\/wp-content\/uploads\/2020\/09\/imagem_sympla-800x442.jpg\" class=\"image wp-image-4330  attachment-medium size-medium\" alt=\"\" decoding=\"async\" loading=\"lazy\" style=\"max-width: 100%; height: auto;\" srcset=\"https:\/\/flordeibez.org\/flor\/wp-content\/uploads\/2020\/09\/imagem_sympla-800x442.jpg 800w, https:\/\/flordeibez.org\/flor\/wp-content\/uploads\/2020\/09\/imagem_sympla-768x424.jpg 768w, https:\/\/flordeibez.org\/flor\/wp-content\/uploads\/2020\/09\/imagem_sympla.jpg 1134w\" sizes=\"(max-width: 800px) 100vw, 800px\" \/><\/div><\/div><\/div><div id=\"pgc-4329-7-1\"  class=\"panel-grid-cell\" ><div id=\"panel-4329-7-1-0\" class=\"so-panel widget widget_text panel-first-child panel-last-child\" data-index=\"16\" ><div class=\"panel-widget-style panel-widget-style-for-4329-7-1-0\" >\t\t\t<div class=\"textwidget\"><p style=\"text-align: left; font-size: 19px; font-family: helvetica, arial, sans-serif; color: #4c4c4c; font-weight: normal;\">O <b>Semin\u00e1rio<\/b>, totalmente <b>online<\/b>, est\u00e1 sendo preparado em todos os detalhes com um cuidado super especial e amoroso da equipe. Essa edi\u00e7\u00e3o vai ser linda&#8230; N\u00e3o perca essa oportunidade!<\/p>\n<p style=\"text-align: left; font-size: 19px; font-family: helvetica, arial, sans-serif; color: #4c4c4c; font-weight: normal;\">Para conhecer detalhes do Semin\u00e1rio, <a href=\"https:\/\/www.sympla.com.br\/16-seminario-de-feng-shui----edicao-internacional-virtual__758174\" target=\"_blank\" rel=\"noopener\">clique aqui<\/a><\/p>\n<\/div>\n\t\t<\/div><\/div><\/div><\/div><\/div><div id=\"pg-4329-8\"  class=\"panel-grid panel-no-style\" ><div id=\"pgc-4329-8-0\"  class=\"panel-grid-cell\" ><div id=\"panel-4329-8-0-0\" class=\"so-panel widget widget_sow-image-grid panel-first-child panel-last-child\" data-index=\"17\" ><div class=\"panel-widget-style panel-widget-style-for-4329-8-0-0\" ><div\n\t\t\t\n\t\t\tclass=\"so-widget-sow-image-grid so-widget-sow-image-grid-default-555de9c308f5-4329\"\n\t\t\t\n\t\t>\t<div class=\"sow-image-grid-wrapper\"\n\t\t\t\t>\n\t\t\t\t\t<div class=\"sow-image-grid-image\">\n\t\t\t\t\t\t\t\t\t\t\t\t<img width=\"150\" height=\"150\" src=\"https:\/\/flordeibez.org\/flor\/wp-content\/uploads\/2019\/06\/vivencia_xavante-01-150x150.jpg\" class=\"sow-image-grid-image_html\" alt=\"\" decoding=\"async\" loading=\"lazy\" title=\"\" srcset=\"https:\/\/flordeibez.org\/flor\/wp-content\/uploads\/2019\/06\/vivencia_xavante-01-150x150.jpg 150w, https:\/\/flordeibez.org\/flor\/wp-content\/uploads\/2019\/06\/vivencia_xavante-01.jpg 600w\" sizes=\"(max-width: 150px) 100vw, 150px\" \/>\t\t\t\t\t\t\t\t\t\t\t<\/div>\n\t\t\t\t\t<div class=\"sow-image-grid-image\">\n\t\t\t\t\t\t\t\t\t\t\t\t<img width=\"150\" height=\"150\" src=\"https:\/\/flordeibez.org\/flor\/wp-content\/uploads\/2019\/06\/vivencia_bananas-150x150.jpg\" class=\"sow-image-grid-image_html\" alt=\"\" decoding=\"async\" loading=\"lazy\" title=\"\" srcset=\"https:\/\/flordeibez.org\/flor\/wp-content\/uploads\/2019\/06\/vivencia_bananas-150x150.jpg 150w, https:\/\/flordeibez.org\/flor\/wp-content\/uploads\/2019\/06\/vivencia_bananas.jpg 600w\" sizes=\"(max-width: 150px) 100vw, 150px\" \/>\t\t\t\t\t\t\t\t\t\t\t<\/div>\n\t\t\t\t\t<div class=\"sow-image-grid-image\">\n\t\t\t\t\t\t\t\t\t\t\t\t<img width=\"150\" height=\"150\" src=\"https:\/\/flordeibez.org\/flor\/wp-content\/uploads\/2019\/04\/saf-vista-interna-150x150.jpg\" class=\"sow-image-grid-image_html\" alt=\"\" decoding=\"async\" loading=\"lazy\" title=\"\" \/>\t\t\t\t\t\t\t\t\t\t\t<\/div>\n\t\t\t\t\t<div class=\"sow-image-grid-image\">\n\t\t\t\t\t\t\t\t\t\t\t\t<img width=\"150\" height=\"150\" src=\"https:\/\/flordeibez.org\/flor\/wp-content\/uploads\/2018\/11\/na_obra-150x150.jpg\" class=\"sow-image-grid-image_html\" alt=\"\" decoding=\"async\" loading=\"lazy\" title=\"\" \/>\t\t\t\t\t\t\t\t\t\t\t<\/div>\n\t\t\t\t\t<div class=\"sow-image-grid-image\">\n\t\t\t\t\t\t\t\t\t\t\t\t<img width=\"150\" height=\"150\" src=\"https:\/\/flordeibez.org\/flor\/wp-content\/uploads\/2018\/02\/casa_gatil_chuva_-150x150.jpg\" class=\"sow-image-grid-image_html\" alt=\"\" decoding=\"async\" loading=\"lazy\" title=\"\" \/>\t\t\t\t\t\t\t\t\t\t\t<\/div>\n\t\t\t\t\t<div class=\"sow-image-grid-image\">\n\t\t\t\t\t\t\t\t\t\t\t\t<img width=\"150\" height=\"150\" src=\"https:\/\/flordeibez.org\/flor\/wp-content\/uploads\/2018\/11\/barracas-150x150.jpg\" class=\"sow-image-grid-image_html\" alt=\"\" decoding=\"async\" loading=\"lazy\" title=\"\" \/>\t\t\t\t\t\t\t\t\t\t\t<\/div>\n\t\t\t\t\t<div class=\"sow-image-grid-image\">\n\t\t\t\t\t\t\t\t\t\t\t\t<img width=\"150\" height=\"150\" src=\"https:\/\/flordeibez.org\/flor\/wp-content\/uploads\/2018\/11\/panoramica-casa-amiga-150x150.jpg\" class=\"sow-image-grid-image_html\" alt=\"\" decoding=\"async\" loading=\"lazy\" title=\"\" \/>\t\t\t\t\t\t\t\t\t\t\t<\/div>\n\t\t\t\t\t<div class=\"sow-image-grid-image\">\n\t\t\t\t\t\t\t\t\t\t\t\t<img width=\"150\" height=\"150\" src=\"https:\/\/flordeibez.org\/flor\/wp-content\/uploads\/2017\/11\/imesao-1_nov-12-150x150.jpg\" class=\"sow-image-grid-image_html\" alt=\"\" decoding=\"async\" loading=\"lazy\" title=\"\" \/>\t\t\t\t\t\t\t\t\t\t\t<\/div>\n\t\t\t\t\t<div class=\"sow-image-grid-image\">\n\t\t\t\t\t\t\t\t\t\t\t\t<img width=\"150\" height=\"150\" src=\"https:\/\/flordeibez.org\/flor\/wp-content\/uploads\/2017\/12\/noticias-2017-dez_red-150x150.jpg\" class=\"sow-image-grid-image_html\" alt=\"\" decoding=\"async\" loading=\"lazy\" title=\"\" \/>\t\t\t\t\t\t\t\t\t\t\t<\/div>\n\t\t\t\t\t<div class=\"sow-image-grid-image\">\n\t\t\t\t\t\t\t\t\t\t\t\t<img width=\"150\" height=\"150\" src=\"https:\/\/flordeibez.org\/flor\/wp-content\/uploads\/2019\/08\/simon_-150x150.jpg\" class=\"sow-image-grid-image_html\" alt=\"\" decoding=\"async\" loading=\"lazy\" title=\"\" \/>\t\t\t\t\t\t\t\t\t\t\t<\/div>\n\t\t\t\t\t<div class=\"sow-image-grid-image\">\n\t\t\t\t\t\t\t\t\t\t\t\t<img width=\"150\" height=\"150\" src=\"https:\/\/flordeibez.org\/flor\/wp-content\/uploads\/2019\/10\/grupo_meditando-150x150.jpg\" class=\"sow-image-grid-image_html\" alt=\"\" decoding=\"async\" loading=\"lazy\" title=\"\" \/>\t\t\t\t\t\t\t\t\t\t\t<\/div>\n\t\t\t\t\t<div class=\"sow-image-grid-image\">\n\t\t\t\t\t\t\t\t\t\t\t\t<img width=\"150\" height=\"150\" src=\"https:\/\/flordeibez.org\/flor\/wp-content\/uploads\/2019\/06\/grupo_oficina_01-150x150.jpg\" class=\"sow-image-grid-image_html\" alt=\"\" decoding=\"async\" loading=\"lazy\" title=\"\" \/>\t\t\t\t\t\t\t\t\t\t\t<\/div>\n\t\t\t\t\t<div class=\"sow-image-grid-image\">\n\t\t\t\t\t\t\t\t\t\t\t\t<img width=\"150\" height=\"150\" src=\"https:\/\/flordeibez.org\/flor\/wp-content\/uploads\/2019\/03\/manuelzinho-w-150x150.jpg\" class=\"sow-image-grid-image_html\" alt=\"\" decoding=\"async\" loading=\"lazy\" title=\"\" \/>\t\t\t\t\t\t\t\t\t\t\t<\/div>\n\t\t\t\t\t<div class=\"sow-image-grid-image\">\n\t\t\t\t\t\t\t\t\t\t\t\t<img width=\"150\" height=\"150\" src=\"https:\/\/flordeibez.org\/flor\/wp-content\/uploads\/2017\/08\/estagio-150x150.jpg\" class=\"sow-image-grid-image_html\" alt=\"\" decoding=\"async\" loading=\"lazy\" title=\"\" srcset=\"https:\/\/flordeibez.org\/flor\/wp-content\/uploads\/2017\/08\/estagio-150x150.jpg 150w, https:\/\/flordeibez.org\/flor\/wp-content\/uploads\/2017\/08\/estagio-270x270.jpg 270w, https:\/\/flordeibez.org\/flor\/wp-content\/uploads\/2017\/08\/estagio-230x230.jpg 230w\" sizes=\"(max-width: 150px) 100vw, 150px\" \/>\t\t\t\t\t\t\t\t\t\t\t<\/div>\n\t\t\t\t\t<div class=\"sow-image-grid-image\">\n\t\t\t\t\t\t\t\t\t\t\t\t<img width=\"150\" height=\"150\" src=\"https:\/\/flordeibez.org\/flor\/wp-content\/uploads\/2019\/08\/teto_gilson-150x150.jpg\" class=\"sow-image-grid-image_html\" alt=\"\" decoding=\"async\" loading=\"lazy\" title=\"\" \/>\t\t\t\t\t\t\t\t\t\t\t<\/div>\n\t\t\t\t\t<div class=\"sow-image-grid-image\">\n\t\t\t\t\t\t\t\t\t\t\t\t<img width=\"150\" height=\"150\" src=\"https:\/\/flordeibez.org\/flor\/wp-content\/uploads\/2018\/11\/janela-150x150.jpg\" class=\"sow-image-grid-image_html\" alt=\"\" decoding=\"async\" loading=\"lazy\" title=\"\" \/>\t\t\t\t\t\t\t\t\t\t\t<\/div>\n\t\t\t<\/div>\n<\/div><\/div><\/div><\/div><\/div><div id=\"pg-4329-9\"  class=\"panel-grid panel-has-style\" ><div class=\"siteorigin-panels-stretch panel-row-style panel-row-style-for-4329-9\" data-stretch-type=\"full-stretched\" ><div id=\"pgc-4329-9-0\"  class=\"panel-grid-cell\" ><div id=\"panel-4329-9-0-0\" class=\"so-panel widget widget_text panel-first-child panel-last-child\" data-index=\"18\" ><div class=\"panel-widget-style panel-widget-style-for-4329-9-0-0\" >\t\t\t<div class=\"textwidget\"><p style=\"text-align: center; font-size: 16px; font-family: helvetica, arial, sans-serif; color: #decd87;\">e-mail secretaria@flordeibez.org<br \/>\nwhats app +55 66 9 9673-7893<br \/>\nfacebook e instagram @flordeibez<\/p>\n<p style=\"text-align: center; font-size: 16px; font-family: helvetica, arial, sans-serif; color: #decd87;\"><b>Paz a todos os seres!<\/b><\/p>\n<\/div>\n\t\t<\/div><\/div><\/div><\/div><\/div><\/div>","protected":false},"excerpt":{"rendered":"<p>Temos boas not\u00edcias! A Casa-Amiga vai fazer parte da a\u00e7\u00e3o social do 16&#038;deg Semin\u00e1rio Internacional de Feng Shui!<\/p>\n","protected":false},"author":2,"featured_media":0,"parent":0,"menu_order":0,"comment_status":"closed","ping_status":"closed","template":"","meta":[],"_links":{"self":[{"href":"https:\/\/flordeibez.org\/flor\/wp-json\/wp\/v2\/pages\/4329"}],"collection":[{"href":"https:\/\/flordeibez.org\/flor\/wp-json\/wp\/v2\/pages"}],"about":[{"href":"https:\/\/flordeibez.org\/flor\/wp-json\/wp\/v2\/types\/page"}],"author":[{"embeddable":true,"href":"https:\/\/flordeibez.org\/flor\/wp-json\/wp\/v2\/users\/2"}],"replies":[{"embeddable":true,"href":"https:\/\/flordeibez.org\/flor\/wp-json\/wp\/v2\/comments?post=4329"}],"version-history":[{"count":85,"href":"https:\/\/flordeibez.org\/flor\/wp-json\/wp\/v2\/pages\/4329\/revisions"}],"predecessor-version":[{"id":4489,"href":"https:\/\/flordeibez.org\/flor\/wp-json\/wp\/v2\/pages\/4329\/revisions\/4489"}],"wp:attachment":[{"href":"https:\/\/flordeibez.org\/flor\/wp-json\/wp\/v2\/media?parent=4329"}],"curies":[{"name":"wp","href":"https:\/\/api.w.org\/{rel}","templated":true}]}}