{"id":4216,"date":"2020-03-15T10:48:18","date_gmt":"2020-03-15T13:48:18","guid":{"rendered":"http:\/\/flordeibez.org\/flor\/?page_id=4216"},"modified":"2020-03-21T17:53:25","modified_gmt":"2020-03-21T20:53:25","slug":"arte-de-contemplar-abr20","status":"publish","type":"page","link":"https:\/\/flordeibez.org\/flor\/arte-de-contemplar-abr20\/","title":{"rendered":"A arte de contemplar a natureza"},"content":{"rendered":"<div id=\"pl-4216\"  class=\"panel-layout\" ><div id=\"pg-4216-0\"  class=\"panel-grid panel-has-style\" ><div class=\"panel-row-style panel-row-style-for-4216-0\" ><div id=\"pgc-4216-0-0\"  class=\"panel-grid-cell\" ><div id=\"panel-4216-0-0-0\" class=\"so-panel widget widget_text panel-first-child panel-last-child\" data-index=\"0\" ><div class=\"panel-widget-style panel-widget-style-for-4216-0-0-0\" >\t\t\t<div class=\"textwidget\"><p style=\"text-align: right; font-size: 56px; font-family: helvetica, arial, sans-serif; color: #fff; font-weight: bold;\">A ARTE<br \/>\nDE CONTEMPLAR<br \/>\nA NATUREZA<\/p>\n<p style=\"text-align: right; font-size: 26px; font-family: helvetica, arial, sans-serif; color: #fff; font-weight: normal;\">11 de abril 2020 (adiado!)<\/p>\n<\/div>\n\t\t<\/div><\/div><\/div><\/div><\/div><div id=\"pg-4216-1\"  class=\"panel-grid panel-no-style\" ><div id=\"pgc-4216-1-0\"  class=\"panel-grid-cell\" ><div id=\"panel-4216-1-0-0\" class=\"so-panel widget widget_text panel-first-child panel-last-child\" data-index=\"1\" ><div class=\"panel-widget-style panel-widget-style-for-4216-1-0-0\" >\t\t\t<div class=\"textwidget\"><p style=\"text-align: center; font-size: 36px; font-family: helvetica, arial, sans-serif; color: #002351; font-weight: bold;\">Este \u00e9 um convite para ingressarmos na arte da contempla\u00e7\u00e3o e experimentar seu poder profundamente transformador<\/p>\n<\/div>\n\t\t<\/div><\/div><\/div><\/div><div id=\"pg-4216-2\"  class=\"panel-grid panel-has-style\" ><div class=\"panel-row-style panel-row-style-for-4216-2\" ><div id=\"pgc-4216-2-0\"  class=\"panel-grid-cell\" ><div id=\"panel-4216-2-0-0\" class=\"so-panel widget widget_text panel-first-child panel-last-child\" data-index=\"2\" ><div class=\"panel-widget-style panel-widget-style-for-4216-2-0-0\" >\t\t\t<div class=\"textwidget\"><p style=\"text-align: left; font-size: 26px; font-family: helvetica, arial, sans-serif; color: #002351; font-weight: normal;\">Com as exig\u00eancias externas da vida, de movimento e extrovers\u00e3o, muitas vezes deixamos de valorizar os momentos de esvaziamento e escuta. Essa viv\u00eancia \u00e9 uma resposta a esse chamado interno, uma oportunidade para escutar a voz interior, que silenciosamente emerge da nossa ess\u00eancia.<\/p>\n<p style=\"text-align: left; font-size: 20px; font-family: helvetica, arial, sans-serif; color: #002351; font-weight: normal;\">Para isso, seremos ajudados pela natureza em torno, em comunh\u00e3o com o reino vegetal, com sua ampla diversidade de formas, cores e s\u00edmbolos. A observa\u00e7\u00e3o goetheanista ser\u00e1 o ve\u00edculo que nos conduzir\u00e1 nessa imers\u00e3o interior.<\/p>\n<p style=\"text-align: left; font-size: 20px; font-family: helvetica, arial, sans-serif; color: #002351; font-weight: normal;\">Ao resgatar a no\u00e7\u00e3o grega de morphe ou forma, Goethe convida a engajar olhar e pensar de uma maneira emp\u00e1tica, din\u00e2mica e n\u00e3o muito usual, em adequa\u00e7\u00e3o \u00e0 pr\u00f3pria natureza do objeto a ser estudado, por exemplo, um ser vivo. Forma (ou morphe), para Goethe, significa forma\u00e7\u00e3o e transforma\u00e7\u00e3o n\u00e3o s\u00f3 do organismo observado, mas tamb\u00e9m do sujeito que o observa.<\/p>\n<p style=\"text-align: left; font-size: 20px; font-family: helvetica, arial, sans-serif; color: #002351; font-weight: normal;\">Realizaremos exerc\u00edcios art\u00edsticos e de observa\u00e7\u00e3o que visam a forma\u00e7\u00e3o desse olhar din\u00e2mico para as formas vegetais e para sua inter-rela\u00e7\u00e3o com os demais reinos da natureza.<\/p>\n<p style=\"text-align: left; font-size: 20px; font-family: helvetica, arial, sans-serif; color: #002351; font-weight: normal;\">Essa proposta, indicada para os que buscam renovar suas vidas, \u00e9 transformadora, pois, ao vivenciarmos a fundo esse exerc\u00edcio de observa\u00e7\u00e3o do externo e a express\u00e3o do interno por meio da atividade art\u00edstica, entramos em contato com regi\u00f5es da nossa consci\u00eancia antes para n\u00f3s desconhecidas ou ignoradas e assim mudamos a forma de nos relacionar conosco e com a vida.<\/p>\n<p style=\"text-align: left; font-size: 20px; font-family: helvetica, arial, sans-serif; color: #002351; font-weight: normal;\">Como apontou Goethe, &#8220;a mais linda alegria do ser humano pensante \u00e9 investigar o investig\u00e1vel e venerar calmamente o que n\u00e3o \u00e9 investig\u00e1vel&#8221;.<\/p>\n<\/div>\n\t\t<\/div><\/div><\/div><\/div><\/div><div id=\"pg-4216-3\"  class=\"panel-grid panel-has-style\" ><div class=\"panel-row-style panel-row-style-for-4216-3\" ><div id=\"pgc-4216-3-0\"  class=\"panel-grid-cell\" ><div id=\"panel-4216-3-0-0\" class=\"so-panel widget widget_text panel-first-child panel-last-child\" data-index=\"3\" ><div class=\"panel-widget-style panel-widget-style-for-4216-3-0-0\" >\t\t\t<div class=\"textwidget\"><p style=\"text-align: left; font-size: 20px; font-family: helvetica, arial, sans-serif; color: #fff; font-weight: normal;\"><b>Facilitadores<\/b>: Miya (Cynthia Miyasaki), Lucas Morato e Sim\u00f3n Paz<\/p>\n<p style=\"text-align: left; font-size: 20px; font-family: helvetica, arial, sans-serif; color: #fff; font-weight: normal;\">Estamos em um local em meio \u00e0 natureza, no cerrado do Brasil Central, e buscamos uma rela\u00e7\u00e3o harm\u00f4nica com ela. Durante sua estada aqui voc\u00ea participar\u00e1 conosco dessa aventura.<\/p>\n<p style=\"text-align: left; font-size: 20px; font-family: helvetica, arial, sans-serif; color: #fff; font-weight: normal;\"><b>Data<\/b>: 11 de abril.<\/p>\n<p style=\"text-align: left; font-size: 20px; font-family: helvetica, arial, sans-serif; color: #fff; font-weight: normal;\"><b>Local<\/b>: \u00c1rea rural, a aproximadamente 20km de Barra do Gar\u00e7as\/MT. Os participantes receber\u00e3o instru\u00e7\u00f5es detalhadas de como chegar.<\/p>\n<p style=\"text-align: left; font-size: 20px; font-family: helvetica, arial, sans-serif; color: #fff; font-weight: normal;\"><b>Carona solid\u00e1ria<\/b>: Avise-nos se disp\u00f5e de um ve\u00edculo para a vinda ao curso, e se tem assentos vazios para carona.<\/p>\n<p style=\"text-align: left; font-size: 20px; font-family: helvetica, arial, sans-serif; color: #fff; font-weight: normal;\"><b>Alimenta\u00e7\u00e3o<\/b>: Em Flor de Ibez a alimenta\u00e7\u00e3o \u00e9 vegana, preparada com muito amor e consci\u00eancia, para nutrir o corpo com sa\u00fade. Durante o curso ser\u00e3o servidos lanche no meio da manh\u00e3, almo\u00e7o e lanche da tarde.<\/p>\n<p style=\"text-align: left; font-size: 20px; font-family: helvetica, arial, sans-serif; color: #fff; font-weight: normal;\"><b>Investimento<\/b>: Para efetivar sua inscri\u00e7\u00e3o voc\u00ea deve preencher corretamente o <a href=\"https:\/\/forms.gle\/dVgWqDtYXW2aHWij8\" target=\"_blank\" rel=\"noopener\"><b>formul\u00e1rio<\/b><\/a> e realizar seu pagamento. Logo, enviar o comprovante de dep\u00f3sito com seu nome completo para flordeibez@gmail.com<\/p>\n<p style=\"text-align: left; font-size: 20px; font-family: helvetica, arial, sans-serif; color: #fff; font-weight: normal;\">Assim que recebermos seu formul\u00e1rio devidamente preenchido e comprovante do dep\u00f3sito banc\u00e1rio sua inscri\u00e7\u00e3o ser\u00e1 efetivada e lhe enviaremos mais detalhes do curso e para a sua vinda.<\/p>\n<p style=\"text-align: left; font-size: 20px; font-family: helvetica, arial, sans-serif; color: #fff; font-weight: normal;\">Valores segundo as datas em que voc\u00ea realizar\u00e1 o dep\u00f3sito banc\u00e1rio:<\/p>\n<p style=\"text-align: left; font-size: 20px; font-family: helvetica, arial, sans-serif; color: #fff; font-weight: normal;\">At\u00e9 dia 31 de mar\u00e7o: R$180,00<\/p>\n<p style=\"text-align: left; font-size: 20px; font-family: helvetica, arial, sans-serif; color: #fff; font-weight: normal;\">De 1 de abril: R$210,00<\/p>\n<p style=\"text-align: left; font-size: 20px; font-family: helvetica, arial, sans-serif; color: #fff; font-weight: normal;\">*Descontos especias para grupos e estudantes de escola p\u00fablica<\/p>\n<p style=\"text-align: left; font-size: 20px; font-family: helvetica, arial, sans-serif; color: #fff; font-weight: normal;\"><b>Dados para dep\u00f3sito<\/b>:<br \/>\nDEP\u00d3SITO EM CONTA (por favor, envie-nos o comprovante do seu dep\u00f3sito, flordeibez@gmail.com)<br \/>\n<b>Flor de Ibez &#8212; Instituto de Vida Integral<\/b><br \/>\nCNPJ: 027.233.268\/0001-20<br \/>\nBanco: 237 &#8211; Bradesco<br \/>\nAg\u00eancia: 3292-1<br \/>\nConta Corrente: 6751-2<\/p>\n<p style=\"text-align: left; font-size: 20px; font-family: helvetica, arial, sans-serif; color: #fff; font-weight: normal;\"><b>Cancelamentos<\/b>:<br \/>\nEm caso de necessidade, o participante poder\u00e1 solicitar o cancelamento da inscri\u00e7\u00e3o e a devolu\u00e7\u00e3o do valor pago.<\/p>\n<p style=\"text-align: left; font-size: 20px; font-family: helvetica, arial, sans-serif; color: #fff; font-weight: normal;\">Para isso dever\u00e1 comunicar-nos pelo e-mail flordeibez@gmail.com, informando o motivo da desist\u00eancia. Para cancelamentos solicitados at\u00e9 3 dias antes do inicio do curso (tr\u00eas dias de anteced\u00eancia), reembolsaremos 80% do valor pago. Cancelamentos com menos de 3 dias de anteced\u00eancia ser\u00e1 reembolsado 50% do valor pago. Caso a aus\u00eancia seja comunicada ap\u00f3s o in\u00edcio do curso, o valor pago N\u00c3O ser\u00e1 reembolsado. Esses valores ser\u00e3o retidos para cobrir custos de organiza\u00e7\u00e3o do curso que j\u00e1 ter\u00e3o sido efetivados contando com a presen\u00e7a de cada inscrito.<\/p>\n<p style=\"text-align: left; font-size: 20px; font-family: helvetica, arial, sans-serif; color: #fff; font-weight: normal;\">Todavia, caso o participante solicite o cancelamento por motivo de sa\u00fade antes do in\u00edcio do curso, reembolsaremos 95% do valor pago, desde que seja apresentado o atestado m\u00e9dico.<\/p>\n<p style=\"text-align: left; font-size: 20px; font-family: helvetica, arial, sans-serif; color: #fff; font-weight: normal;\">Em qualquer das situa\u00e7\u00f5es acima, o reembolso ser\u00e1 feito via transfer\u00eancia banc\u00e1ria para o participante, que dever\u00e1 informar os dados banc\u00e1rios no ato de cancelamento.<\/p>\n<p style=\"text-align: left; font-size: 20px; font-family: helvetica, arial, sans-serif; color: #fff; font-weight: normal;\">Em caso de algum imprevisto muito s\u00e9rio, Flor de Ibez poder\u00e1 cancelar ou adiar a realiza\u00e7\u00e3o do curso. Caso isso ocorra, haver\u00e1 a devolu\u00e7\u00e3o de 100% do valor pago atrav\u00e9s de dep\u00f3sito banc\u00e1rio na conta corrente indicada pelos participantes em at\u00e9 7 dias \u00fateis.<\/p>\n<\/div>\n\t\t<\/div><\/div><\/div><\/div><\/div><div id=\"pg-4216-4\"  class=\"panel-grid panel-no-style\" ><div id=\"pgc-4216-4-0\"  class=\"panel-grid-cell\" ><div id=\"panel-4216-4-0-0\" class=\"so-panel widget widget_text panel-first-child panel-last-child\" data-index=\"4\" ><div class=\"panel-widget-style panel-widget-style-for-4216-4-0-0\" >\t\t\t<div class=\"textwidget\"><p style=\"text-align: center; font-size: 16px; font-family: helvetica, arial, sans-serif; color: #6d6d6d;\">e-mail flordeibez@gmail.com<br \/>\nwhats app +55 66 9 9673-7893<br \/>\nfacebook Flor de Ibez<\/p>\n<p style=\"text-align: center; font-size: 16px; font-family: helvetica, arial, sans-serif; color: #6d6d6d;\"><b>Paz a todos os seres!<\/b><\/p>\n<\/div>\n\t\t<\/div><\/div><\/div><\/div><\/div>","protected":false},"excerpt":{"rendered":"<p>A ARTE DE CONTEMPLAR A NATUREZA 11 de abril 2020 (adiado!) Este \u00e9 um convite para ingressarmos na arte da contempla\u00e7\u00e3o e experimentar seu poder profundamente transformador<\/p>\n","protected":false},"author":2,"featured_media":0,"parent":0,"menu_order":0,"comment_status":"closed","ping_status":"closed","template":"","meta":[],"_links":{"self":[{"href":"https:\/\/flordeibez.org\/flor\/wp-json\/wp\/v2\/pages\/4216"}],"collection":[{"href":"https:\/\/flordeibez.org\/flor\/wp-json\/wp\/v2\/pages"}],"about":[{"href":"https:\/\/flordeibez.org\/flor\/wp-json\/wp\/v2\/types\/page"}],"author":[{"embeddable":true,"href":"https:\/\/flordeibez.org\/flor\/wp-json\/wp\/v2\/users\/2"}],"replies":[{"embeddable":true,"href":"https:\/\/flordeibez.org\/flor\/wp-json\/wp\/v2\/comments?post=4216"}],"version-history":[{"count":15,"href":"https:\/\/flordeibez.org\/flor\/wp-json\/wp\/v2\/pages\/4216\/revisions"}],"predecessor-version":[{"id":4247,"href":"https:\/\/flordeibez.org\/flor\/wp-json\/wp\/v2\/pages\/4216\/revisions\/4247"}],"wp:attachment":[{"href":"https:\/\/flordeibez.org\/flor\/wp-json\/wp\/v2\/media?parent=4216"}],"curies":[{"name":"wp","href":"https:\/\/api.w.org\/{rel}","templated":true}]}}