{"id":4199,"date":"2020-03-02T23:19:49","date_gmt":"2020-03-03T02:19:49","guid":{"rendered":"http:\/\/flordeibez.org\/flor\/?page_id=4199"},"modified":"2020-03-21T18:17:25","modified_gmt":"2020-03-21T21:17:25","slug":"introducao-a-bioconstrucao","status":"publish","type":"page","link":"https:\/\/flordeibez.org\/flor\/introducao-a-bioconstrucao\/","title":{"rendered":"Introdu\u00e7\u00e3o \u00e0 Bioconstru\u00e7\u00e3o"},"content":{"rendered":"<div id=\"pl-4199\"  class=\"panel-layout\" ><div id=\"pg-4199-0\"  class=\"panel-grid panel-has-style\" ><div class=\"panel-row-style panel-row-style-for-4199-0\" ><div id=\"pgc-4199-0-0\"  class=\"panel-grid-cell\" ><div id=\"panel-4199-0-0-0\" class=\"so-panel widget widget_text panel-first-child panel-last-child\" data-index=\"0\" ><div class=\"panel-widget-style panel-widget-style-for-4199-0-0-0\" >\t\t\t<div class=\"textwidget\"><p style=\"text-align: left; font-size: 400%; font-family: helvetica, arial, sans-serif; color: #ddd144; font-weight: bold;\">curso INTRODU\u00c7\u00c3O<br \/>\n\u00c0 BIOCONSTRU\u00c7\u00c3O<\/p>\n<p style=\"text-align: left; font-size: 36px; font-family: helvetica, arial, sans-serif; color: #fff; font-weight: bold;\">21 e 22 de mar\u00e7o (adiado)<\/p>\n<\/div>\n\t\t<\/div><\/div><\/div><\/div><\/div><div id=\"pg-4199-1\"  class=\"panel-grid panel-no-style\" ><div id=\"pgc-4199-1-0\"  class=\"panel-grid-cell\" ><div id=\"panel-4199-1-0-0\" class=\"so-panel widget widget_text panel-first-child panel-last-child\" data-index=\"1\" ><div class=\"panel-widget-style panel-widget-style-for-4199-1-0-0\" >\t\t\t<div class=\"textwidget\"><p style=\"text-align: left; font-size: 36px; font-family: helvetica, arial, sans-serif; color: #f9f9f9; font-weight: bold;\">Flor de Ibez convida!<\/p>\n<p style=\"text-align: left; font-size: 21px; font-family: helvetica, arial, sans-serif; color: #fff; font-weight: bold;\">Venha conectar-se com a terra e aprender a mold\u00e1-la para a constru\u00e7\u00e3o. O curso ser\u00e1 bastante pr\u00e1tico, portanto venha preparado para por a m\u00e3o na massa!<\/p>\n<p style=\"text-align: left; font-size: 20px; font-family: helvetica, arial, sans-serif; color: #fff; font-weight: normal;\">Neste curso aprenderemos sobre:<\/p>\n<p style=\"text-align: left; font-size: 20px; font-family: helvetica, arial, sans-serif; color: #fff; font-weight: normal;\">&#8211; bioconstru\u00e7\u00e3o no mundo<br \/>\n&#8211; arquitetura vernacular<br \/>\n&#8211; t\u00e9cnicas de bioconstru\u00e7\u00e3o<br \/>\n&#8211; princ\u00edpios construtivos com terra crua<br \/>\n&#8211; conhecendo o solo<br \/>\n&#8211; testes de solo<br \/>\n&#8211; pr\u00e1tica de taipa de m\u00e3o (alambrado-a-pique) e acabamentos de embo\u00e7o e reboco<\/p>\n<p style=\"text-align: left; font-size: 20px; font-family: helvetica, arial, sans-serif; color: #fff; font-weight: normal;\"><b>Facilitador<\/b>: Sim\u00f3n Paz<\/p>\n<p style=\"text-align: left; font-size: 20px; font-family: helvetica, arial, sans-serif; color: #fff; font-weight: normal;\">Estamos em um local em meio \u00e0 natureza, no cerrado do Brasil Central, e buscamos uma rela\u00e7\u00e3o harm\u00f4nica com ela. Durante sua estada aqui voc\u00ea participar\u00e1 conosco dessa aventura.<\/p>\n<p style=\"text-align: left; font-size: 20px; font-family: helvetica, arial, sans-serif; color: #fff; font-weight: normal;\"><b>Datas<\/b>: Chegada no dia 21\/3 e sa\u00edda no dia 22\/03.<\/p>\n<p style=\"text-align: left; font-size: 20px; font-family: helvetica, arial, sans-serif; color: #fff; font-weight: normal;\">Ser\u00e1 entregue certificado, por Flor de Ibez.<\/p>\n<p style=\"text-align: left; font-size: 20px; font-family: helvetica, arial, sans-serif; color: #fff; font-weight: normal;\"><b>Local<\/b>: \u00c1rea rural, a aproximadamente 20km de Barra do Gar\u00e7as\/MT. Os participantes receber\u00e3o instru\u00e7\u00f5es detalhadas de como chegar.<\/p>\n<p style=\"text-align: left; font-size: 20px; font-family: helvetica, arial, sans-serif; color: #fff; font-weight: normal;\"><b>Carona solid\u00e1ria<\/b>: Avise-nos se disp\u00f5e de um ve\u00edculo para a vinda ao curso, e se tem assentos vazios para carona.<\/p>\n<p style=\"text-align: left; font-size: 20px; font-family: helvetica, arial, sans-serif; color: #fff; font-weight: normal;\"><b>Hospedagem<\/b>: Em camping, na fazenda. O participante dever\u00e1 trazer sua pr\u00f3pria barraca e complementos. Oferecemos ambiente harmonioso para alojar sua barraca.<\/p>\n<p style=\"text-align: left; font-size: 20px; font-family: helvetica, arial, sans-serif; color: #fff; font-weight: normal;\"><b>Alimenta\u00e7\u00e3o<\/b>: Em Flor de Ibez a alimenta\u00e7\u00e3o \u00e9 vegana, preparada com muito amor e consci\u00eancia, para nutrir o corpo com sa\u00fade. Durante o curso ser\u00e3o servidas 3 refei\u00e7\u00f5es di\u00e1rias e lanche.<\/p>\n<p style=\"text-align: left; font-size: 20px; font-family: helvetica, arial, sans-serif; color: #fff; font-weight: normal;\"><b>Investimento<\/b>: Para efetivar sua inscri\u00e7\u00e3o voc\u00ea deve preencher corretamente o <a href=\"https:\/\/forms.gle\/YwcWvhWWuTZNNLsS6\" target=\"_blank\" rel=\"noopener\"><b>formul\u00e1rio<\/b><\/a> e realizar seu pagamento. Logo, enviar o comprovante de dep\u00f3sito com seu nome completo para flordeibez@gmail.com<\/p>\n<p style=\"text-align: left; font-size: 20px; font-family: helvetica, arial, sans-serif; color: #fff; font-weight: normal;\">Assim que recebermos seu formul\u00e1rio devidamente preenchido e comprovante do dep\u00f3sito banc\u00e1rio sua inscri\u00e7\u00e3o ser\u00e1 efetivada e lhe enviaremos mais detalhes do curso e para a sua vinda.<\/p>\n<p style=\"text-align: left; font-size: 20px; font-family: helvetica, arial, sans-serif; color: #fff; font-weight: normal;\">Valores segundo as datas em que voc\u00ea realizar\u00e1 o dep\u00f3sito banc\u00e1rio:<\/p>\n<p style=\"text-align: left; font-size: 20px; font-family: helvetica, arial, sans-serif; color: #fff; font-weight: normal;\">At\u00e9 dia 10 de mar\u00e7o: R$330,00<\/p>\n<p style=\"text-align: left; font-size: 20px; font-family: helvetica, arial, sans-serif; color: #fff; font-weight: normal;\">De 11 a 20 de mar\u00e7o: R$410,00<\/p>\n<p style=\"text-align: left; font-size: 20px; font-family: helvetica, arial, sans-serif; color: #fff; font-weight: normal;\">*Descontos especias para grupos, estudantes de escola p\u00fablica, ind\u00edgenas e assentados<\/p>\n<p style=\"text-align: left; font-size: 20px; font-family: helvetica, arial, sans-serif; color: #fff; font-weight: normal;\"><b>Dados para dep\u00f3sito<\/b>:<br \/>\nDEP\u00d3SITO EM CONTA (por favor, envie-nos o comprovante do seu dep\u00f3sito, flordeibez@gmail.com)<br \/>\n<b>Flor de Ibez &#8212; Instituto de Vida Integral<\/b><br \/>\nCNPJ: 027.233.268\/0001-20<br \/>\nBanco: 237 &#8211; Bradesco<br \/>\nAg\u00eancia: 3292-1<br \/>\nConta Corrente: 6751-2<\/p>\n<\/div>\n\t\t<\/div><\/div><\/div><div id=\"pgc-4199-1-1\"  class=\"panel-grid-cell\" ><div id=\"panel-4199-1-1-0\" class=\"so-panel widget widget_media_image panel-first-child\" data-index=\"2\" ><img width=\"800\" height=\"443\" src=\"https:\/\/flordeibez.org\/flor\/wp-content\/uploads\/2018\/11\/grupo_reunido_-800x443.jpg\" class=\"image wp-image-2919  attachment-medium size-medium\" alt=\"\" decoding=\"async\" loading=\"lazy\" style=\"max-width: 100%; height: auto;\" srcset=\"https:\/\/flordeibez.org\/flor\/wp-content\/uploads\/2018\/11\/grupo_reunido_-800x443.jpg 800w, https:\/\/flordeibez.org\/flor\/wp-content\/uploads\/2018\/11\/grupo_reunido_-768x425.jpg 768w, https:\/\/flordeibez.org\/flor\/wp-content\/uploads\/2018\/11\/grupo_reunido_.jpg 1280w\" sizes=\"(max-width: 800px) 100vw, 800px\" \/><\/div><div id=\"panel-4199-1-1-1\" class=\"so-panel widget widget_media_image\" data-index=\"3\" ><img width=\"400\" height=\"225\" src=\"https:\/\/flordeibez.org\/flor\/wp-content\/uploads\/2018\/11\/na_obra.jpg\" class=\"image wp-image-2897  attachment-full size-full\" alt=\"\" decoding=\"async\" loading=\"lazy\" style=\"max-width: 100%; height: auto;\" \/><\/div><div id=\"panel-4199-1-1-2\" class=\"so-panel widget widget_media_image\" data-index=\"4\" ><img width=\"400\" height=\"225\" src=\"https:\/\/flordeibez.org\/flor\/wp-content\/uploads\/2018\/11\/grupo_unido.jpg\" class=\"image wp-image-2896  attachment-full size-full\" alt=\"\" decoding=\"async\" loading=\"lazy\" style=\"max-width: 100%; height: auto;\" \/><\/div><div id=\"panel-4199-1-1-3\" class=\"so-panel widget widget_media_image\" data-index=\"5\" ><img width=\"800\" height=\"450\" src=\"https:\/\/flordeibez.org\/flor\/wp-content\/uploads\/2019\/03\/cupula-w-800x450.jpg\" class=\"image wp-image-3071  attachment-medium size-medium\" alt=\"\" decoding=\"async\" loading=\"lazy\" style=\"max-width: 100%; height: auto;\" srcset=\"https:\/\/flordeibez.org\/flor\/wp-content\/uploads\/2019\/03\/cupula-w.jpg 800w, https:\/\/flordeibez.org\/flor\/wp-content\/uploads\/2019\/03\/cupula-w-768x432.jpg 768w\" sizes=\"(max-width: 800px) 100vw, 800px\" \/><\/div><div id=\"panel-4199-1-1-4\" class=\"so-panel widget widget_media_image\" data-index=\"6\" ><img width=\"800\" height=\"450\" src=\"https:\/\/flordeibez.org\/flor\/wp-content\/uploads\/2017\/12\/noticias-2017-dez_05.jpg\" class=\"image wp-image-2314  attachment-full size-full\" alt=\"\" decoding=\"async\" loading=\"lazy\" style=\"max-width: 100%; height: auto;\" srcset=\"https:\/\/flordeibez.org\/flor\/wp-content\/uploads\/2017\/12\/noticias-2017-dez_05.jpg 800w, https:\/\/flordeibez.org\/flor\/wp-content\/uploads\/2017\/12\/noticias-2017-dez_05-768x432.jpg 768w\" sizes=\"(max-width: 800px) 100vw, 800px\" \/><\/div><div id=\"panel-4199-1-1-5\" class=\"so-panel widget widget_media_image\" data-index=\"7\" ><img width=\"900\" height=\"506\" src=\"https:\/\/flordeibez.org\/flor\/wp-content\/uploads\/2018\/02\/casa-gatil_jan18_f02.jpg\" class=\"image wp-image-2410  attachment-full size-full\" alt=\"\" decoding=\"async\" loading=\"lazy\" style=\"max-width: 100%; height: auto;\" srcset=\"https:\/\/flordeibez.org\/flor\/wp-content\/uploads\/2018\/02\/casa-gatil_jan18_f02.jpg 900w, https:\/\/flordeibez.org\/flor\/wp-content\/uploads\/2018\/02\/casa-gatil_jan18_f02-800x450.jpg 800w, https:\/\/flordeibez.org\/flor\/wp-content\/uploads\/2018\/02\/casa-gatil_jan18_f02-768x432.jpg 768w\" sizes=\"(max-width: 900px) 100vw, 900px\" \/><\/div><div id=\"panel-4199-1-1-6\" class=\"so-panel widget widget_media_image\" data-index=\"8\" ><img width=\"900\" height=\"506\" src=\"https:\/\/flordeibez.org\/flor\/wp-content\/uploads\/2017\/11\/imesao-1_nov-07.jpg\" class=\"image wp-image-2277  attachment-full size-full\" alt=\"\" decoding=\"async\" loading=\"lazy\" style=\"max-width: 100%; height: auto;\" srcset=\"https:\/\/flordeibez.org\/flor\/wp-content\/uploads\/2017\/11\/imesao-1_nov-07.jpg 900w, https:\/\/flordeibez.org\/flor\/wp-content\/uploads\/2017\/11\/imesao-1_nov-07-800x450.jpg 800w, https:\/\/flordeibez.org\/flor\/wp-content\/uploads\/2017\/11\/imesao-1_nov-07-768x432.jpg 768w\" sizes=\"(max-width: 900px) 100vw, 900px\" \/><\/div><div id=\"panel-4199-1-1-7\" class=\"so-panel widget widget_media_image\" data-index=\"9\" ><img width=\"800\" height=\"450\" src=\"https:\/\/flordeibez.org\/flor\/wp-content\/uploads\/2017\/10\/casa-gatil_out-3.jpg\" class=\"image wp-image-2239  attachment-full size-full\" alt=\"\" decoding=\"async\" loading=\"lazy\" style=\"max-width: 100%; height: auto;\" srcset=\"https:\/\/flordeibez.org\/flor\/wp-content\/uploads\/2017\/10\/casa-gatil_out-3.jpg 800w, https:\/\/flordeibez.org\/flor\/wp-content\/uploads\/2017\/10\/casa-gatil_out-3-768x432.jpg 768w\" sizes=\"(max-width: 800px) 100vw, 800px\" \/><\/div><div id=\"panel-4199-1-1-8\" class=\"so-panel widget widget_media_image\" data-index=\"10\" ><img width=\"800\" height=\"450\" src=\"https:\/\/flordeibez.org\/flor\/wp-content\/uploads\/2017\/10\/imersao_out-06.jpg\" class=\"image wp-image-2238  attachment-full size-full\" alt=\"\" decoding=\"async\" loading=\"lazy\" style=\"max-width: 100%; height: auto;\" srcset=\"https:\/\/flordeibez.org\/flor\/wp-content\/uploads\/2017\/10\/imersao_out-06.jpg 800w, https:\/\/flordeibez.org\/flor\/wp-content\/uploads\/2017\/10\/imersao_out-06-768x432.jpg 768w\" sizes=\"(max-width: 800px) 100vw, 800px\" \/><\/div><div id=\"panel-4199-1-1-9\" class=\"so-panel widget widget_media_image panel-last-child\" data-index=\"11\" ><img width=\"900\" height=\"506\" src=\"https:\/\/flordeibez.org\/flor\/wp-content\/uploads\/2017\/11\/imesao-1_nov-13.jpg\" class=\"image wp-image-2271  attachment-full size-full\" alt=\"\" decoding=\"async\" loading=\"lazy\" style=\"max-width: 100%; height: auto;\" srcset=\"https:\/\/flordeibez.org\/flor\/wp-content\/uploads\/2017\/11\/imesao-1_nov-13.jpg 900w, https:\/\/flordeibez.org\/flor\/wp-content\/uploads\/2017\/11\/imesao-1_nov-13-800x450.jpg 800w, https:\/\/flordeibez.org\/flor\/wp-content\/uploads\/2017\/11\/imesao-1_nov-13-768x432.jpg 768w\" sizes=\"(max-width: 900px) 100vw, 900px\" \/><\/div><\/div><\/div><\/div>","protected":false},"excerpt":{"rendered":"<p>curso INTRODU\u00c7\u00c3O \u00c0 BIOCONSTRU\u00c7\u00c3O 21 e 22 de mar\u00e7o (adiado) Flor de Ibez convida! Venha conectar-se com a terra e aprender a mold\u00e1-la para a constru\u00e7\u00e3o. O curso ser\u00e1 bastante pr\u00e1tico, portanto venha preparado para por a m\u00e3o na massa! Neste curso aprenderemos sobre: &#8211; bioconstru\u00e7\u00e3o no mundo &#8211; arquitetura vernacular &#8211; t\u00e9cnicas de bioconstru\u00e7\u00e3o [&hellip;]<\/p>\n","protected":false},"author":2,"featured_media":0,"parent":0,"menu_order":0,"comment_status":"closed","ping_status":"closed","template":"","meta":[],"_links":{"self":[{"href":"https:\/\/flordeibez.org\/flor\/wp-json\/wp\/v2\/pages\/4199"}],"collection":[{"href":"https:\/\/flordeibez.org\/flor\/wp-json\/wp\/v2\/pages"}],"about":[{"href":"https:\/\/flordeibez.org\/flor\/wp-json\/wp\/v2\/types\/page"}],"author":[{"embeddable":true,"href":"https:\/\/flordeibez.org\/flor\/wp-json\/wp\/v2\/users\/2"}],"replies":[{"embeddable":true,"href":"https:\/\/flordeibez.org\/flor\/wp-json\/wp\/v2\/comments?post=4199"}],"version-history":[{"count":15,"href":"https:\/\/flordeibez.org\/flor\/wp-json\/wp\/v2\/pages\/4199\/revisions"}],"predecessor-version":[{"id":4248,"href":"https:\/\/flordeibez.org\/flor\/wp-json\/wp\/v2\/pages\/4199\/revisions\/4248"}],"wp:attachment":[{"href":"https:\/\/flordeibez.org\/flor\/wp-json\/wp\/v2\/media?parent=4199"}],"curies":[{"name":"wp","href":"https:\/\/api.w.org\/{rel}","templated":true}]}}