{"id":3895,"date":"2019-08-08T10:58:18","date_gmt":"2019-08-08T13:58:18","guid":{"rendered":"http:\/\/flordeibez.org\/flor\/?page_id=3895"},"modified":"2019-08-10T15:55:23","modified_gmt":"2019-08-10T18:55:23","slug":"campanha-relampago-pelos-caes","status":"publish","type":"page","link":"https:\/\/flordeibez.org\/flor\/campanha-relampago-pelos-caes\/","title":{"rendered":"Campanha Rel\u00e2mpago Pelos C\u00e3es!"},"content":{"rendered":"<div id=\"pl-3895\"  class=\"panel-layout\" ><div id=\"pg-3895-0\"  class=\"panel-grid panel-has-style\" ><div class=\"siteorigin-panels-stretch panel-row-style panel-row-style-for-3895-0\" data-stretch-type=\"full-stretched\" ><div id=\"pgc-3895-0-0\"  class=\"panel-grid-cell\" ><div id=\"panel-3895-0-0-0\" class=\"so-panel widget widget_sow-editor panel-first-child panel-last-child\" data-index=\"0\" ><div class=\"panel-widget-style panel-widget-style-for-3895-0-0-0\" ><div\n\t\t\t\n\t\t\tclass=\"so-widget-sow-editor so-widget-sow-editor-base\"\n\t\t\t\n\t\t>\n<div class=\"siteorigin-widget-tinymce textwidget\">\n\t<p style=\"text-align: left; font-size: 37px; font-family: helvetica, arial, sans-serif; color: #d45500;\"><b>Campanha Rel\u00e2mpago<br \/>\nPelos C\u00e3es!<\/b><\/p>\n<p style=\"text-align: left; font-size: 28px; font-family: helvetica, arial, sans-serif; color: #9c9c9c;\"><b>Ontem tivemos mais uma corrida ao veterin\u00e1rio......<\/b><\/p>\n<p style=\"text-align: left; font-size: 18px; font-family: helvetica, arial, sans-serif; color: #9c9c9c;\">Em 6.08.19<\/p>\n<\/div>\n<\/div><\/div><\/div><\/div><\/div><\/div><div id=\"pg-3895-1\"  class=\"panel-grid panel-no-style\" ><div id=\"pgc-3895-1-0\"  class=\"panel-grid-cell\" ><div id=\"panel-3895-1-0-0\" class=\"so-panel widget widget_text panel-first-child panel-last-child\" data-index=\"1\" ><div class=\"panel-widget-style panel-widget-style-for-3895-1-0-0\" >\t\t\t<div class=\"textwidget\"><p style=\"text-align: left; font-size: 21px; font-family: helvetica, arial, sans-serif; color: #9c9c9c; font-weight: bold;\">Dessa vez o Sadhak teve um encontro infeliz com um quati. Recebeu um corte profundo no pesco\u00e7o. Apesar da dist\u00e2ncia, chegamos a tempo no veterin\u00e1rio, onde foi prontamente atendido. Teve a art\u00e9ria rompida e levou 8 pontos. Pelas b\u00ean\u00e7\u00e3os dos C\u00e9us est\u00e1 passando bem, em recupera\u00e7\u00e3o.<\/p>\n<\/div>\n\t\t<\/div><\/div><\/div><div id=\"pgc-3895-1-1\"  class=\"panel-grid-cell\" ><div id=\"panel-3895-1-1-0\" class=\"so-panel widget widget_media_image panel-first-child panel-last-child\" data-index=\"2\" ><div class=\"panel-widget-style panel-widget-style-for-3895-1-1-0\" ><figure style=\"width: 600px\" class=\"wp-caption alignnone\"><img width=\"600\" height=\"600\" src=\"https:\/\/flordeibez.org\/flor\/wp-content\/uploads\/2018\/11\/sadhak.jpg\" class=\"image wp-image-3856  attachment-full size-full\" alt=\"foto Sadhak\" decoding=\"async\" loading=\"lazy\" style=\"max-width: 100%; height: auto;\" srcset=\"https:\/\/flordeibez.org\/flor\/wp-content\/uploads\/2018\/11\/sadhak.jpg 600w, https:\/\/flordeibez.org\/flor\/wp-content\/uploads\/2018\/11\/sadhak-150x150.jpg 150w\" sizes=\"(max-width: 600px) 100vw, 600px\" \/><figcaption class=\"wp-caption-text\">Sadhak logo ap\u00f3s o atendimento<\/figcaption><\/figure><\/div><\/div><\/div><\/div><div id=\"pg-3895-2\"  class=\"panel-grid panel-no-style\" ><div id=\"pgc-3895-2-0\"  class=\"panel-grid-cell\" ><div id=\"panel-3895-2-0-0\" class=\"so-panel widget widget_text panel-first-child panel-last-child\" data-index=\"3\" ><div class=\"panel-widget-style panel-widget-style-for-3895-2-0-0\" >\t\t\t<div class=\"textwidget\"><p style=\"text-align: left; font-size: 21px; font-family: helvetica, arial, sans-serif; color: #9c9c9c; font-weight: bold;\">H\u00e1 um m\u00eas o nosso c\u00e3ozinho devoto &#8212; o Tilak &#8211;, apesar de extremamente d\u00f3cil e simp\u00e1tico com os humanos e outros c\u00e3es, n\u00e3o se entendeu muito bem com o quati comedor de mam\u00e3o e levou muitos cortes no pesco\u00e7o. Foi um corre corre no in\u00edcio da noite, com sangue jorrando para todo lado. Teve a veia cortada, mas n\u00e3o pegou a art\u00e9ria. Levou 5 pontos e agora est\u00e1 bem.<\/p>\n<\/div>\n\t\t<\/div><\/div><\/div><div id=\"pgc-3895-2-1\"  class=\"panel-grid-cell\" ><div id=\"panel-3895-2-1-0\" class=\"so-panel widget widget_media_image panel-first-child panel-last-child\" data-index=\"4\" ><div class=\"panel-widget-style panel-widget-style-for-3895-2-1-0\" ><figure style=\"width: 600px\" class=\"wp-caption alignnone\"><img width=\"600\" height=\"600\" src=\"https:\/\/flordeibez.org\/flor\/wp-content\/uploads\/2018\/11\/tilak.jpg\" class=\"image wp-image-3857  attachment-full size-full\" alt=\"foto Tilak\" decoding=\"async\" loading=\"lazy\" style=\"max-width: 100%; height: auto;\" srcset=\"https:\/\/flordeibez.org\/flor\/wp-content\/uploads\/2018\/11\/tilak.jpg 600w, https:\/\/flordeibez.org\/flor\/wp-content\/uploads\/2018\/11\/tilak-150x150.jpg 150w\" sizes=\"(max-width: 600px) 100vw, 600px\" \/><figcaption class=\"wp-caption-text\">Tilak com as suturas no pesco\u00e7o<\/figcaption><\/figure><\/div><\/div><\/div><\/div><div id=\"pg-3895-3\"  class=\"panel-grid panel-no-style\" ><div id=\"pgc-3895-3-0\"  class=\"panel-grid-cell\" ><div id=\"panel-3895-3-0-0\" class=\"so-panel widget widget_text panel-first-child panel-last-child\" data-index=\"5\" ><div class=\"panel-widget-style panel-widget-style-for-3895-3-0-0\" >\t\t\t<div class=\"textwidget\"><p style=\"text-align: left; font-size: 27px; font-family: helvetica, arial, sans-serif; color: #6d6d6d; line-height: 230%;\">Por tudo isso lan\u00e7amos essa <b>campanha rel\u00e2mpago<\/b>. Caso sinta no cora\u00e7\u00e3o apoiar esse gasto inesperado, seremos gratos pela generosidade.<\/p>\n<p>. <\/p>\n<\/div>\n\t\t<\/div><\/div><\/div><\/div><div id=\"pg-3895-4\"  class=\"panel-grid panel-no-style\" ><div id=\"pgc-3895-4-0\"  class=\"panel-grid-cell\" ><div id=\"panel-3895-4-0-0\" class=\"so-panel widget widget_text panel-first-child panel-last-child\" data-index=\"6\" ><div class=\"panel-widget-style panel-widget-style-for-3895-4-0-0\" >\t\t\t<div class=\"textwidget\"><p style=\"text-align: center; font-size: 26px; font-family: helvetica, arial, sans-serif; color: #fff; background-color: #d45500;\"><b>Despesas<\/b><\/p>\n<p style=\"text-align: left; font-size: 19px; font-family: helvetica, arial, sans-serif; color: #d14c00;\">Campanha emergencial<br \/>\n<span style=\"font-size: 19px; color: #9c9c9c;\">Tilak e Sadhak<\/span><\/p>\n<ul style=\"font-size: 17px; font-family: helvetica, arial, sans-serif; color: #6d6d6d;\">\n<li>Atendimento Tilak: <b>R$ 380,00<\/b><\/li>\n<li>Atendimento Sadhak: <b>R$ 370,00<\/b><\/li>\n<li><span style=\"background-color: #ffcc00;\">Total: <b>R$750,00<\/b><\/span><br \/>\n<span style=\"font-size: 15px;\"><b>Acompanhe ao lado o term\u00f4metro do andamento do projeto!<\/b><\/span><\/li>\n<\/ul>\n<\/div>\n\t\t<\/div><\/div><\/div><div id=\"pgc-3895-4-1\"  class=\"panel-grid-cell\" ><div id=\"panel-3895-4-1-0\" class=\"so-panel widget widget_text panel-first-child panel-last-child\" data-index=\"7\" ><div class=\"panel-widget-style panel-widget-style-for-3895-4-1-0\" >\t\t\t<div class=\"textwidget\"><p style=\"text-align: left; font-size: 23px; font-family: helvetica, arial, sans-serif; color: #d14c00;\"><b>Quer participar?<\/b><\/p>\n<p style=\"text-align: left; font-size: 18px; font-family: helvetica, arial, sans-serif; color: #2b1100;\"><b>Qualquer valor \u00e9 bem-vindo!<\/b><\/p>\n<p style=\"text-align: left; font-size: 16px; font-family: helvetica, arial, sans-serif; color: #d14c00;\">Campanha emergencial<\/p>\n<div class=\"wptime-plugin-progress-wrap\" style=\"max-width:100%;background:#fff6d5;margin-bottom:20px;\"><div class=\"wptime-plugin-progress-bar\" style=\"background:#55d400;width:137%;\"><\/div><span style=\"color:#2b1100;\">137%<\/span><\/div>\n<\/div>\n\t\t<\/div><\/div><\/div><\/div><div id=\"pg-3895-5\"  class=\"panel-grid panel-has-style\" ><div class=\"panel-row-style panel-row-style-for-3895-5\" ><div id=\"pgc-3895-5-0\"  class=\"panel-grid-cell panel-grid-cell-empty\" ><\/div><\/div><\/div><div id=\"pg-3895-6\"  class=\"panel-grid panel-has-style\" ><div class=\"panel-row-style panel-row-style-for-3895-6\" ><div id=\"pgc-3895-6-0\"  class=\"panel-grid-cell\" ><div id=\"panel-3895-6-0-0\" class=\"widget_text so-panel widget widget_custom_html panel-first-child panel-last-child\" data-index=\"8\" ><div class=\"textwidget custom-html-widget\"><a name=\"donation\"><\/a><p style=\"text-align: center; font-size: 26px; font-family: helvetica, arial, sans-serif; color: #d14c00;\"><b>Para transfer\u00eancia ou dep\u00f3sito banc\u00e1rio<\/b><\/p><\/div><\/div><\/div><\/div><\/div><div id=\"pg-3895-7\"  class=\"panel-grid panel-no-style\" ><div id=\"pgc-3895-7-0\"  class=\"panel-grid-cell\" ><div id=\"panel-3895-7-0-0\" class=\"so-panel widget widget_text panel-first-child panel-last-child\" data-index=\"9\" ><div class=\"panel-widget-style panel-widget-style-for-3895-7-0-0\" >\t\t\t<div class=\"textwidget\"><p style=\"color: #9c9c9c; font-size: 16px; font-family: helvetica, arial, sans-serif;\">Quando poss\u00edvel,\u00a0<b>efetue sua colabora\u00e7\u00e3o por meio de uma transfer\u00eancia ou de um dep\u00f3sito banc\u00e1rio<\/b>.<\/p>\n<p style=\"color: #6d6d6d; font-size: 14px; font-family: helvetica, arial, sans-serif; margin-left: 9%;\"><b>Flor de Ibez &#8212; Instituto de Vida Integral<br \/>\nBanco 237 &#8211; Bradesco<br \/>\nAg\u00eancia 3292-1 \u00a0 CC 6751-2<br \/>\nCNPJ 27.233.268\/0001-20<\/b><\/p>\n<p style=\"color: #9c9c9c; font-size: 14px; font-family: helvetica, arial, sans-serif;\"><b>Envios com termina\u00e7\u00e3o R$3,00<\/b> (como R$33,00 R$53,00 R$203,00 etc) identificam valores destinados para esta campanha. Caso deposite sem essa termina\u00e7\u00e3o, por favor avise-nos, para que possamos identificar o seu dep\u00f3sito.<\/p>\n<p style=\"color: #9c9c9c; font-size: 14px; font-family: helvetica, arial, sans-serif;\"><b> Para que possamos mant\u00ea-l@ informad@ do andamento desse e de outros projetos, por favor anote seus dados nos campos ao lado!<\/b><br \/>\nPara utilizar o PagSeguro, veja link abaixo.<\/p>\n<p><!-- INICIO FORMULARIO BOTAO PAGSEGURO --><\/p>\n<form action=\"https:\/\/pagseguro.uol.com.br\/checkout\/v2\/donation.html\" method=\"post\">\n<!-- N\u00c3O EDITE OS COMANDOS DAS LINHAS ABAIXO --><br \/>\n<input type=\"hidden\" name=\"currency\" value=\"BRL\" \/><br \/>\n<input type=\"hidden\" name=\"receiverEmail\" value=\"contato@flordeibez.org\" \/><br \/>\n<input type=\"hidden\" name=\"iot\" value=\"button\" \/><br \/>\n<input type=\"image\" src=\"https:\/\/stc.pagseguro.uol.com.br\/public\/img\/botoes\/doacoes\/209x48-doar-assina.gif\" name=\"submit\" alt=\"Pague com PagSeguro - \u00e9 r\u00e1pido, gr\u00e1tis e seguro!\"\/><br \/>\n<\/form>\n<p><!-- FINAL FORMULARIO BOTAO PAGSEGURO --><\/p>\n<\/div>\n\t\t<\/div><\/div><\/div><div id=\"pgc-3895-7-1\"  class=\"panel-grid-cell\" ><div id=\"panel-3895-7-1-0\" class=\"widget_text so-panel widget widget_custom_html panel-first-child panel-last-child\" data-index=\"10\" ><div class=\"widget_text panel-widget-style panel-widget-style-for-3895-7-1-0\" ><div class=\"textwidget custom-html-widget\">\n<div class=\"wpcf7 no-js\" id=\"wpcf7-f2382-o1\" lang=\"pt-BR\" dir=\"ltr\">\n<div class=\"screen-reader-response\"><p role=\"status\" aria-live=\"polite\" aria-atomic=\"true\"><\/p> <ul><\/ul><\/div>\n<form action=\"\/flor\/wp-json\/wp\/v2\/pages\/3895#wpcf7-f2382-o1\" method=\"post\" class=\"wpcf7-form init\" aria-label=\"Formul\u00e1rios de contato\" novalidate=\"novalidate\" data-status=\"init\">\n<div style=\"display: none;\">\n<input type=\"hidden\" name=\"_wpcf7\" value=\"2382\" \/>\n<input type=\"hidden\" name=\"_wpcf7_version\" value=\"5.7.4\" \/>\n<input type=\"hidden\" name=\"_wpcf7_locale\" value=\"pt_BR\" \/>\n<input type=\"hidden\" name=\"_wpcf7_unit_tag\" value=\"wpcf7-f2382-o1\" \/>\n<input type=\"hidden\" name=\"_wpcf7_container_post\" value=\"0\" \/>\n<input type=\"hidden\" name=\"_wpcf7_posted_data_hash\" value=\"\" \/>\n<\/div>\n<p style=\"text-align: left; font-size: 16px; font-family: helvetica, arial, sans-serif; color: #2b1100;\"><b>Cadastro amigo<\/b>\n<\/p>\n<p><span style=\"text-align: left; font-size: 14px; font-family: helvetica, arial, sans-serif; color: #5b4900;\"><label><b>Meu nome completo*<\/b><br \/>\n<span class=\"wpcf7-form-control-wrap\" data-name=\"d-name\"><input size=\"40\" class=\"wpcf7-form-control wpcf7-text wpcf7-validates-as-required\" aria-required=\"true\" aria-invalid=\"false\" value=\"\" type=\"text\" name=\"d-name\" \/><\/span> <\/label><\/span>\n<\/p>\n<p><span style=\"text-align: left; font-size: 14px; font-family: helvetica, arial, sans-serif; color: #5b4900;\"><label><b>Como costumam chamar-me...*<\/b><br \/>\n<span class=\"wpcf7-form-control-wrap\" data-name=\"d-name2\"><input size=\"40\" class=\"wpcf7-form-control wpcf7-text wpcf7-validates-as-required\" aria-required=\"true\" aria-invalid=\"false\" value=\"\" type=\"text\" name=\"d-name2\" \/><\/span> <\/label><\/span>\n<\/p>\n<p><span style=\"text-align: left; font-size: 14px; font-family: helvetica, arial, sans-serif; color: #5b4900;\"><label><b>E-mail*<\/b><br \/>\n<span class=\"wpcf7-form-control-wrap\" data-name=\"d-email\"><input size=\"40\" class=\"wpcf7-form-control wpcf7-text wpcf7-email wpcf7-validates-as-required wpcf7-validates-as-email\" aria-required=\"true\" aria-invalid=\"false\" value=\"\" type=\"email\" name=\"d-email\" \/><\/span> <\/label><\/span>\n<\/p>\n<p><span style=\"text-align: left; font-size: 14px; font-family: helvetica, arial, sans-serif; color: #5b4900;\"><label><b>Facebook<\/b><br \/>\n<span class=\"wpcf7-form-control-wrap\" data-name=\"d-faceb\"><input size=\"40\" class=\"wpcf7-form-control wpcf7-text\" aria-invalid=\"false\" value=\"\" type=\"text\" name=\"d-faceb\" \/><\/span> <\/label><\/span>\n<\/p>\n<p><span style=\"text-align: left; font-size: 14px; font-family: helvetica, arial, sans-serif; color: #5b4900;\"><label><b>Valor da doa\u00e7\u00e3o*<\/b><br \/>\n<span class=\"wpcf7-form-control-wrap\" data-name=\"d-donation\"><input size=\"40\" class=\"wpcf7-form-control wpcf7-text wpcf7-validates-as-required\" aria-required=\"true\" aria-invalid=\"false\" value=\"\" type=\"text\" name=\"d-donation\" \/><\/span> <\/label><\/span>\n<\/p>\n<p><span style=\"text-align: left; font-size: 14px; font-family: helvetica, arial, sans-serif; color: #5b4900;\"><label><b>Alguma observa\u00e7\u00e3o?<\/b><br \/>\n<span class=\"wpcf7-form-control-wrap\" data-name=\"d-note\"><input size=\"40\" class=\"wpcf7-form-control wpcf7-text\" aria-invalid=\"false\" value=\"\" type=\"text\" name=\"d-note\" \/><\/span> <\/label><\/span>\n<\/p>\n<p><span style=\"text-align: left; font-size: 14px; font-family: helvetica, arial, sans-serif; color: #5b4900;\"><label><b>Data*<\/b><br \/>\n<span class=\"wpcf7-form-control-wrap\" data-name=\"date-303\"><input class=\"wpcf7-form-control wpcf7-date wpcf7-validates-as-required wpcf7-validates-as-date\" aria-required=\"true\" aria-invalid=\"false\" value=\"\" type=\"date\" name=\"date-303\" \/><\/span> <\/label><\/span>\n<\/p>\n<p><input class=\"wpcf7-form-control has-spinner wpcf7-submit\" type=\"submit\" value=\"ENVIAR\" \/>\n<\/p><div class=\"wpcf7-response-output\" aria-hidden=\"true\"><\/div>\n<\/form>\n<\/div>\n<\/div><\/div><\/div><\/div><\/div><div id=\"pg-3895-8\"  class=\"panel-grid panel-has-style\" ><div class=\"siteorigin-panels-stretch panel-row-style panel-row-style-for-3895-8\" data-stretch-type=\"full-stretched\" ><div id=\"pgc-3895-8-0\"  class=\"panel-grid-cell\" ><div id=\"panel-3895-8-0-0\" class=\"so-panel widget widget_text panel-first-child panel-last-child\" data-index=\"11\" ><div class=\"panel-widget-style panel-widget-style-for-3895-8-0-0\" >\t\t\t<div class=\"textwidget\"><p style=\"text-align: center; font-size: 16px; font-family: helvetica, arial, sans-serif; color: #decd87;\">e-mail flordeibez@gmail.com<br \/>\nwhats app +55 66 9 9673-7893<br \/>\nfacebook Flor de Ibez<\/p>\n<p><\/&#038;nbsp><br \/>\n<\/&#038;nbsp><br \/>\n<\/&#038;nbsp><\/p>\n<p style=\"text-align: center; font-size: 16px; font-family: helvetica, arial, sans-serif; color: #fff;\"><b>Paz a todos os seres!<\/b><\/p>\n<\/div>\n\t\t<\/div><\/div><\/div><\/div><\/div><\/div>","protected":false},"excerpt":{"rendered":"<p>Campanha Rel\u00e2mpago Pelos C\u00e3es! Ontem tivemos mais uma corrida ao veterin\u00e1rio&#8230;&#8230;Em 6.08.19 Dessa vez o Sadhak teve um encontro infeliz com um quati. Recebeu um corte profundo no pesco\u00e7o. Apesar da dist\u00e2ncia, chegamos a tempo no veterin\u00e1rio, onde foi prontamente atendido. Teve a art\u00e9ria rompida e levou 8 pontos. Pelas b\u00ean\u00e7\u00e3os dos C\u00e9us est\u00e1 passando [&hellip;]<\/p>\n","protected":false},"author":2,"featured_media":0,"parent":0,"menu_order":0,"comment_status":"closed","ping_status":"closed","template":"","meta":[],"_links":{"self":[{"href":"https:\/\/flordeibez.org\/flor\/wp-json\/wp\/v2\/pages\/3895"}],"collection":[{"href":"https:\/\/flordeibez.org\/flor\/wp-json\/wp\/v2\/pages"}],"about":[{"href":"https:\/\/flordeibez.org\/flor\/wp-json\/wp\/v2\/types\/page"}],"author":[{"embeddable":true,"href":"https:\/\/flordeibez.org\/flor\/wp-json\/wp\/v2\/users\/2"}],"replies":[{"embeddable":true,"href":"https:\/\/flordeibez.org\/flor\/wp-json\/wp\/v2\/comments?post=3895"}],"version-history":[{"count":9,"href":"https:\/\/flordeibez.org\/flor\/wp-json\/wp\/v2\/pages\/3895\/revisions"}],"predecessor-version":[{"id":3984,"href":"https:\/\/flordeibez.org\/flor\/wp-json\/wp\/v2\/pages\/3895\/revisions\/3984"}],"wp:attachment":[{"href":"https:\/\/flordeibez.org\/flor\/wp-json\/wp\/v2\/media?parent=3895"}],"curies":[{"name":"wp","href":"https:\/\/api.w.org\/{rel}","templated":true}]}}