{"id":2977,"date":"2019-04-16T21:32:43","date_gmt":"2019-04-17T00:32:43","guid":{"rendered":"http:\/\/flordeibez.org\/flor\/?page_id=2977"},"modified":"2019-04-18T23:27:50","modified_gmt":"2019-04-19T02:27:50","slug":"troca-de-saberes-mai19","status":"publish","type":"page","link":"https:\/\/flordeibez.org\/flor\/troca-de-saberes-mai19\/","title":{"rendered":"Troca de saberes agroflorestais"},"content":{"rendered":"<div id=\"pl-2977\"  class=\"panel-layout\" ><div id=\"pg-2977-0\"  class=\"panel-grid panel-has-style\" ><div class=\"siteorigin-panels-stretch panel-row-style panel-row-style-for-2977-0\" data-stretch-type=\"full-stretched\" ><div id=\"pgc-2977-0-0\"  class=\"panel-grid-cell\" ><div id=\"panel-2977-0-0-0\" class=\"so-panel widget widget_text panel-first-child panel-last-child\" data-index=\"0\" ><div class=\"panel-widget-style panel-widget-style-for-2977-0-0-0\" >\t\t\t<div class=\"textwidget\"><p style=\"text-align: right; font-size: 36px; font-family: helvetica, arial, sans-serif; color: #8c8c8c; font-weight: bold;\">TROCA DE<br \/>\nSABERES<br \/>\nAGROFLORESTAIS<\/p>\n<\/div>\n\t\t<\/div><\/div><\/div><div id=\"pgc-2977-0-1\"  class=\"panel-grid-cell\" ><div id=\"panel-2977-0-1-0\" class=\"so-panel widget widget_text panel-first-child panel-last-child\" data-index=\"1\" ><div class=\"panel-widget-style panel-widget-style-for-2977-0-1-0\" >\t\t\t<div class=\"textwidget\"><p style=\"text-align: left; font-size: 30px; font-family: helvetica, arial, sans-serif; color: #5c5c5c; font-weight: bold;\">6 a 9 de maio 2019<\/p>\n<p style=\"text-align: left; font-size: 23px; font-family: helvetica, arial, sans-serif; color: #8c8c8c; font-weight: normal;\">Com participa\u00e7\u00e3o de povos ind\u00edgenas do Xingu.<\/p>\n<p style=\"text-align: left; font-size: 18px; font-family: helvetica, arial, sans-serif; color: #8c8c8c; font-weight: bold;\">Kaiabi, Wauja, Ikpeng e Yudja<\/p>\n<\/div>\n\t\t<\/div><\/div><\/div><\/div><\/div><div id=\"pg-2977-1\"  class=\"panel-grid panel-has-style\" ><div class=\"siteorigin-panels-stretch panel-row-style panel-row-style-for-2977-1\" data-stretch-type=\"full\" ><div id=\"pgc-2977-1-0\"  class=\"panel-grid-cell panel-grid-cell-empty\" ><\/div><div id=\"pgc-2977-1-1\"  class=\"panel-grid-cell\" ><div id=\"panel-2977-1-1-0\" class=\"so-panel widget widget_text panel-first-child panel-last-child\" data-index=\"2\" ><div class=\"panel-widget-style panel-widget-style-for-2977-1-1-0\" >\t\t\t<div class=\"textwidget\"><p style=\"text-align: left; font-size: 25px; font-family: helvetica, arial, sans-serif; color: #fff; font-weight: normal;\">Oferecemos tr\u00eas vagas para voluntariado em cozinha vegana e cinco vagas para participa\u00e7\u00e3o. Veja detalhes a seguir.<\/p>\n<\/div>\n\t\t<\/div><\/div><\/div><\/div><\/div><div id=\"pg-2977-2\"  class=\"panel-grid panel-no-style\" ><div id=\"pgc-2977-2-0\"  class=\"panel-grid-cell\" ><div id=\"panel-2977-2-0-0\" class=\"so-panel widget widget_text panel-first-child panel-last-child\" data-index=\"3\" ><div class=\"panel-widget-style panel-widget-style-for-2977-2-0-0\" >\t\t\t<div class=\"textwidget\"><p style=\"text-align: left; font-size: 23px; font-family: helvetica, arial, sans-serif; color: #8c8c8c; font-weight: normal;\">Ser\u00e3o dias intensos de imers\u00e3o, quando revisaremos teoria e pr\u00e1tica do manejo agroflorestal, buscaremos aperfei\u00e7oar e apurar percep\u00e7\u00f5es, compartilhar experi\u00eancias em rodas de conversa, m\u00fasica e canto.<\/p>\n<p style=\"text-align: left; font-size: 17px; font-family: helvetica, arial, sans-serif; color: #8c8c8c; font-weight: normal;\"><b>Alimenta\u00e7\u00e3o<\/b>: vegana, feita com amor. Oferecemos tr\u00eas refei\u00e7\u00f5es por dia, e lanches pela manh\u00e3 e \u00e0 tarde.<\/p>\n<p style=\"text-align: left; font-size: 17px; font-family: helvetica, arial, sans-serif; color: #8c8c8c; font-weight: normal;\"><b>Hospedagem<\/b>: em barraca ou rede. O equipamento de camping deve ser trazido pelo pr\u00f3prio participante. Estamos localizados em uma \u00e1rea rural a aproximadamente 20km de Barra do Gar\u00e7as\/MT. Voc\u00ea receber\u00e1 um roteiro detalhado de como chegar quando confirmar a sua vinda.<\/p>\n<p style=\"text-align: left; font-size: 17px; font-family: helvetica, arial, sans-serif; color: #8c8c8c; font-weight: normal;\"><b>Voluntariado<\/b>: chegada dia 6 at\u00e9 \u00e0s 15h. Sa\u00edda dia 9 pela manh\u00e3, juntamente com os participantes. A atividade consistir\u00e1 no apoio ao preparo do alimento e tarefas b\u00e1sicas de harmoniza\u00e7\u00e3o dos ambientes grupais. Para participar da sele\u00e7\u00e3o para o voluntariado,<a href=\"https:\/\/forms.gle\/AJCvxej8SYi9vCWT6\" target=\"_blank\" rel=\"noopener\"> clique aqui!<\/a><\/p>\n<p style=\"text-align: left; font-size: 17px; font-family: helvetica, arial, sans-serif; color: #8c8c8c; font-weight: normal;\"><b>Participa\u00e7\u00e3o na viv\u00eancia<\/b>: chegada dia 6 entre 14h e 17h. Sa\u00edda dia 9 pela manh\u00e3. Para os inscritos pedimos uma colabora\u00e7\u00e3o de R$180,00. Fornecemos certificado de participa\u00e7\u00e3o. Para inscrever-se no encontro,<a href=\"https:\/\/forms.gle\/AJCvxej8SYi9vCWT6\" target=\"_blank\" rel=\"noopener\"> clique aqui!<\/a><\/p>\n<p style=\"text-align: left; font-size: 17px; font-family: helvetica, arial, sans-serif; color: #8c8c8c; font-weight: normal;\"><b>Para transfer\u00eancia ou dep\u00f3sito<\/b><br \/>\nFlor de Ibez \u2014 Instituto de Vida Integral<br \/>\nBanco 237 \u2013 Bradesco<br \/>\nAg\u00eancia 3292-1   CC 6751-2<br \/>\nCNPJ 27.233.268\/0001-20<\/p>\n<p style=\"text-align: left; font-size: 19px; font-family: helvetica, arial, sans-serif; color: #8c8c8c; font-weight: bold;\">Assim que confirmarmos a sua vinda, enviaremos indica\u00e7\u00f5es precisas sobre o que trazer  e como chegar.<\/p>\n<p style=\"text-align: left; font-size: 19px; font-family: helvetica, arial, sans-serif; color: #8c8c8c; font-weight: normal;\">Caso queira chegar antes ou sair depois, voc\u00ea poder\u00e1 permanecer alguns dias como volunt\u00e1rio, participando da <a href=\"http:\/\/flordeibez.org\/flor\/vivencia-integral-info\/\" target=\"_blank\" rel=\"noopener\">Viv\u00eancia Integral em Flor de Ibez.<\/a><\/p>\n<\/div>\n\t\t<\/div><\/div><\/div><\/div><div id=\"pg-2977-3\"  class=\"panel-grid panel-has-style\" ><div class=\"siteorigin-panels-stretch panel-row-style panel-row-style-for-2977-3\" data-stretch-type=\"full\" ><div id=\"pgc-2977-3-0\"  class=\"panel-grid-cell\" ><div id=\"panel-2977-3-0-0\" class=\"so-panel widget widget_media_image panel-first-child panel-last-child\" data-index=\"4\" ><div class=\"panel-widget-style panel-widget-style-for-2977-3-0-0\" ><img width=\"487\" height=\"275\" src=\"https:\/\/flordeibez.org\/flor\/wp-content\/uploads\/2019\/04\/flor-isa.png\" class=\"image wp-image-3131  attachment-full size-full\" alt=\"\" decoding=\"async\" loading=\"lazy\" style=\"max-width: 100%; height: auto;\" \/><\/div><\/div><\/div><div id=\"pgc-2977-3-1\"  class=\"panel-grid-cell\" ><div id=\"panel-2977-3-1-0\" class=\"so-panel widget widget_text panel-first-child panel-last-child\" data-index=\"5\" ><div class=\"panel-widget-style panel-widget-style-for-2977-3-1-0\" >\t\t\t<div class=\"textwidget\"><p style=\"text-align: left; font-size: 21px; font-family: helvetica, arial, sans-serif; color: #8c8c8c; font-weight: bold;\">Uma parceria<\/p>\n<p style=\"text-align: left; font-size: 19px; font-family: helvetica, arial, sans-serif; color: #8c8c8c; font-weight: normal;\"><b>Flor de Ibez<\/b> &#8211; Instituto de Vida Integral e<br \/>\n<b>ISA<\/b> &#8211; Instituto Socioambiental<\/p>\n<\/div>\n\t\t<\/div><\/div><\/div><\/div><\/div><div id=\"pg-2977-4\"  class=\"panel-grid panel-has-style\" ><div class=\"siteorigin-panels-stretch panel-row-style panel-row-style-for-2977-4\" data-stretch-type=\"full-stretched\" ><div id=\"pgc-2977-4-0\"  class=\"panel-grid-cell\" ><div id=\"panel-2977-4-0-0\" class=\"so-panel widget widget_text panel-first-child panel-last-child\" data-index=\"6\" ><div class=\"panel-widget-style panel-widget-style-for-2977-4-0-0\" >\t\t\t<div class=\"textwidget\"><p style=\"text-align: left; font-size: 23px; font-family: helvetica, arial, sans-serif; color: #fff; font-weight: normal; line-height: 220%; \">Ao agroflorestar, podemos produzir alimento, recuperar o solo de \u00e1reas degradadas, transformar pastos em mata produtiva, restaurar o ciclo da \u00e1gua, recompor ecossistemas em benef\u00edcio dos seres de todos os reinos.<\/p>\n<\/div>\n\t\t<\/div><\/div><\/div><div id=\"pgc-2977-4-1\"  class=\"panel-grid-cell\" ><div id=\"panel-2977-4-1-0\" class=\"so-panel widget widget_media_image panel-first-child panel-last-child\" data-index=\"7\" ><div class=\"panel-widget-style panel-widget-style-for-2977-4-1-0\" ><img width=\"1120\" height=\"746\" src=\"https:\/\/flordeibez.org\/flor\/wp-content\/uploads\/2019\/02\/semeando-1280x853.jpg\" class=\"image wp-image-3024  attachment-large size-large\" alt=\"\" decoding=\"async\" loading=\"lazy\" style=\"max-width: 100%; height: auto;\" srcset=\"https:\/\/flordeibez.org\/flor\/wp-content\/uploads\/2019\/02\/semeando.jpg 1280w, https:\/\/flordeibez.org\/flor\/wp-content\/uploads\/2019\/02\/semeando-800x533.jpg 800w, https:\/\/flordeibez.org\/flor\/wp-content\/uploads\/2019\/02\/semeando-768x512.jpg 768w, https:\/\/flordeibez.org\/flor\/wp-content\/uploads\/2019\/02\/semeando-272x182.jpg 272w\" sizes=\"(max-width: 1120px) 100vw, 1120px\" \/><\/div><\/div><\/div><\/div><\/div><div id=\"pg-2977-5\"  class=\"panel-grid panel-has-style\" ><div class=\"siteorigin-panels-stretch panel-row-style panel-row-style-for-2977-5\" data-stretch-type=\"full-stretched\" ><div id=\"pgc-2977-5-0\"  class=\"panel-grid-cell\" ><div id=\"panel-2977-5-0-0\" class=\"so-panel widget widget_text panel-first-child panel-last-child\" data-index=\"8\" ><div class=\"panel-widget-style panel-widget-style-for-2977-5-0-0\" >\t\t\t<div class=\"textwidget\"><p style=\"text-align: center; font-size: 16px; font-family: helvetica, arial, sans-serif; color: #decd87;\">e-mail flordeibez@gmail.com<br \/>\nwhats app +55 66 9 9673-7893<br \/>\nfacebook Flor de Ibez<\/p>\n<p><\/&#038;nbsp><br \/>\n<\/&#038;nbsp><br \/>\n<\/&#038;nbsp><\/p>\n<p style=\"text-align: center; font-size: 16px; font-family: helvetica, arial, sans-serif; color: #fff;\"><b>Paz a todos os seres!<\/b><\/p>\n<\/div>\n\t\t<\/div><\/div><\/div><\/div><\/div><\/div>","protected":false},"excerpt":{"rendered":"<p>TROCA DE SABERES AGROFLORESTAIS 6 a 9 de maio 2019 Com participa\u00e7\u00e3o de povos ind\u00edgenas do Xingu. Kaiabi, Wauja, Ikpeng e Yudja Oferecemos tr\u00eas vagas para voluntariado em cozinha vegana e cinco vagas para participa\u00e7\u00e3o. Veja detalhes a seguir.<\/p>\n","protected":false},"author":2,"featured_media":0,"parent":0,"menu_order":0,"comment_status":"closed","ping_status":"closed","template":"","meta":[],"_links":{"self":[{"href":"https:\/\/flordeibez.org\/flor\/wp-json\/wp\/v2\/pages\/2977"}],"collection":[{"href":"https:\/\/flordeibez.org\/flor\/wp-json\/wp\/v2\/pages"}],"about":[{"href":"https:\/\/flordeibez.org\/flor\/wp-json\/wp\/v2\/types\/page"}],"author":[{"embeddable":true,"href":"https:\/\/flordeibez.org\/flor\/wp-json\/wp\/v2\/users\/2"}],"replies":[{"embeddable":true,"href":"https:\/\/flordeibez.org\/flor\/wp-json\/wp\/v2\/comments?post=2977"}],"version-history":[{"count":62,"href":"https:\/\/flordeibez.org\/flor\/wp-json\/wp\/v2\/pages\/2977\/revisions"}],"predecessor-version":[{"id":3159,"href":"https:\/\/flordeibez.org\/flor\/wp-json\/wp\/v2\/pages\/2977\/revisions\/3159"}],"wp:attachment":[{"href":"https:\/\/flordeibez.org\/flor\/wp-json\/wp\/v2\/media?parent=2977"}],"curies":[{"name":"wp","href":"https:\/\/api.w.org\/{rel}","templated":true}]}}