{"id":2881,"date":"2018-12-01T00:23:00","date_gmt":"2018-12-01T02:23:00","guid":{"rendered":"http:\/\/flordeibez.org\/flor\/?page_id=2881"},"modified":"2018-12-10T13:41:16","modified_gmt":"2018-12-10T15:41:16","slug":"sala-de-aula-viva","status":"publish","type":"page","link":"https:\/\/flordeibez.org\/flor\/sala-de-aula-viva\/","title":{"rendered":"Projeto Sala de Aula Viva"},"content":{"rendered":"<div id=\"pl-2881\"  class=\"panel-layout\" ><div id=\"pg-2881-0\"  class=\"panel-grid panel-has-style\" ><div class=\"siteorigin-panels-stretch panel-row-style panel-row-style-for-2881-0\" data-stretch-type=\"full-stretched\" ><div id=\"pgc-2881-0-0\"  class=\"panel-grid-cell\" ><div id=\"panel-2881-0-0-0\" class=\"so-panel widget widget_sow-editor panel-first-child panel-last-child\" data-index=\"0\" ><div class=\"panel-widget-style panel-widget-style-for-2881-0-0-0\" ><div\n\t\t\t\n\t\t\tclass=\"so-widget-sow-editor so-widget-sow-editor-base\"\n\t\t\t\n\t\t>\n<div class=\"siteorigin-widget-tinymce textwidget\">\n\t<p style=\"text-align: right; font-size: 56px; font-family: helvetica, arial, sans-serif; color: #f2d94b; font-weight: bold;\">sala<br \/>\nde<br \/>\naula<br \/>\nviva<\/p>\n<\/div>\n<\/div><\/div><\/div><\/div><div id=\"pgc-2881-0-1\"  class=\"panel-grid-cell\" ><div id=\"panel-2881-0-1-0\" class=\"so-panel widget widget_sow-editor panel-first-child panel-last-child\" data-index=\"1\" ><div class=\"panel-widget-style panel-widget-style-for-2881-0-1-0\" ><div\n\t\t\t\n\t\t\tclass=\"so-widget-sow-editor so-widget-sow-editor-base\"\n\t\t\t\n\t\t>\n<div class=\"siteorigin-widget-tinymce textwidget\">\n\t<\/div>\n<\/div><\/div><\/div><\/div><\/div><\/div><div id=\"pg-2881-1\"  class=\"panel-grid panel-has-style\" ><div class=\"siteorigin-panels-stretch panel-row-style panel-row-style-for-2881-1\" data-stretch-type=\"full-stretched\" ><div id=\"pgc-2881-1-0\"  class=\"panel-grid-cell\" ><div id=\"panel-2881-1-0-0\" class=\"so-panel widget widget_sow-editor panel-first-child panel-last-child\" data-index=\"2\" ><div class=\"panel-widget-style panel-widget-style-for-2881-1-0-0\" ><div\n\t\t\t\n\t\t\tclass=\"so-widget-sow-editor so-widget-sow-editor-base\"\n\t\t\t\n\t\t>\n<div class=\"siteorigin-widget-tinymce textwidget\">\n\t<p style=\"text-align: right; font-size: 28px; font-family: helvetica, arial, sans-serif; color: #1c1c1c; font-weight: bold;\">uma proposta<br \/>\npara<\/p>\n<\/div>\n<\/div><\/div><\/div><\/div><div id=\"pgc-2881-1-1\"  class=\"panel-grid-cell\" ><div id=\"panel-2881-1-1-0\" class=\"so-panel widget widget_sow-editor panel-first-child panel-last-child\" data-index=\"3\" ><div class=\"panel-widget-style panel-widget-style-for-2881-1-1-0\" ><div\n\t\t\t\n\t\t\tclass=\"so-widget-sow-editor so-widget-sow-editor-base\"\n\t\t\t\n\t\t>\n<div class=\"siteorigin-widget-tinymce textwidget\">\n\t<p style=\"text-align: left; font-size: 26px; font-family: helvetica, arial, sans-serif; color: #8c8c8c; font-weight: bold;\">escolas<br \/>\nuniversidades<br \/>\ncreches<br \/>\nest\u00e1gios<br \/>\npesquisas<\/p>\n<\/div>\n<\/div><\/div><\/div><\/div><\/div><\/div><div id=\"pg-2881-2\"  class=\"panel-grid panel-no-style\" ><div id=\"pgc-2881-2-0\"  class=\"panel-grid-cell\" ><div id=\"panel-2881-2-0-0\" class=\"so-panel widget widget_text panel-first-child panel-last-child\" data-index=\"4\" ><div class=\"panel-widget-style panel-widget-style-for-2881-2-0-0\" >\t\t\t<div class=\"textwidget\"><p style=\"text-align: left; font-size: 19px; font-family: helvetica, arial, sans-serif; color: #8c8c8c; font-weight: normal;\">O projeto <b>sala de aula viva<\/b> nasceu para atender as demandas de escolas e universidades que nos procuram. Assim podemos oferecer n\u00e3o s\u00f3 visitas guiadas personalizadas, mas uma continuidade do aprendizado vivo em Flor de Ibez, o que pode acontecer com vindas sequenciais.<\/p>\n<\/div>\n\t\t<\/div><\/div><\/div><\/div><div id=\"pg-2881-3\"  class=\"panel-grid panel-has-style\" ><div class=\"siteorigin-panels-stretch panel-row-style panel-row-style-for-2881-3\" data-stretch-type=\"full\" ><div id=\"pgc-2881-3-0\"  class=\"panel-grid-cell\" ><div id=\"panel-2881-3-0-0\" class=\"so-panel widget widget_media_image panel-first-child panel-last-child\" data-index=\"5\" ><div class=\"panel-widget-style panel-widget-style-for-2881-3-0-0\" ><img width=\"600\" height=\"250\" src=\"https:\/\/flordeibez.org\/flor\/wp-content\/uploads\/2018\/11\/plantando-768x320.jpg\" class=\"image wp-image-2886  attachment-600x250 size-600x250\" alt=\"\" decoding=\"async\" loading=\"lazy\" style=\"max-width: 100%; height: auto;\" srcset=\"https:\/\/flordeibez.org\/flor\/wp-content\/uploads\/2018\/11\/plantando-768x320.jpg 768w, https:\/\/flordeibez.org\/flor\/wp-content\/uploads\/2018\/11\/plantando-e1543435826797.jpg 800w, https:\/\/flordeibez.org\/flor\/wp-content\/uploads\/2018\/11\/plantando-1280x534.jpg 1280w\" sizes=\"(max-width: 600px) 100vw, 600px\" \/><\/div><\/div><\/div><div id=\"pgc-2881-3-1\"  class=\"panel-grid-cell\" ><div id=\"panel-2881-3-1-0\" class=\"so-panel widget widget_text panel-first-child panel-last-child\" data-index=\"6\" ><div class=\"panel-widget-style panel-widget-style-for-2881-3-1-0\" >\t\t\t<div class=\"textwidget\"><p style=\"text-align: left; font-size: 18px; font-family: helvetica, arial, sans-serif; color: #8c8c8c; font-weight: bold;\">Na viv\u00eancia das pr\u00e1ticas sustent\u00e1veis do Instituto \u00e9 poss\u00edvel &#8220;saborear&#8221; o &#8220;saber&#8221;, e assim interioriz\u00e1-lo. Flor de Ibez desperta em n\u00f3s o amor e o respeito por todos os reinos da Natureza.<\/p>\n<\/div>\n\t\t<\/div><\/div><\/div><\/div><\/div><div id=\"pg-2881-4\"  class=\"panel-grid panel-has-style\" ><div class=\"siteorigin-panels-stretch panel-row-style panel-row-style-for-2881-4\" data-stretch-type=\"full\" ><div id=\"pgc-2881-4-0\"  class=\"panel-grid-cell\" ><div id=\"panel-2881-4-0-0\" class=\"so-panel widget widget_media_image panel-first-child\" data-index=\"7\" ><img width=\"400\" height=\"225\" src=\"https:\/\/flordeibez.org\/flor\/wp-content\/uploads\/2018\/11\/aluna.jpg\" class=\"image wp-image-2893  attachment-full size-full\" alt=\"\" decoding=\"async\" loading=\"lazy\" style=\"max-width: 100%; height: auto;\" \/><\/div><div id=\"panel-2881-4-0-1\" class=\"so-panel widget widget_media_image\" data-index=\"8\" ><img width=\"400\" height=\"225\" src=\"https:\/\/flordeibez.org\/flor\/wp-content\/uploads\/2018\/11\/observando.jpg\" class=\"image wp-image-2898  attachment-full size-full\" alt=\"\" decoding=\"async\" loading=\"lazy\" style=\"max-width: 100%; height: auto;\" \/><\/div><div id=\"panel-2881-4-0-2\" class=\"so-panel widget widget_media_image panel-last-child\" data-index=\"9\" ><img width=\"400\" height=\"225\" src=\"https:\/\/flordeibez.org\/flor\/wp-content\/uploads\/2018\/11\/lona-com-palha.jpg\" class=\"image wp-image-2902  attachment-full size-full\" alt=\"\" decoding=\"async\" loading=\"lazy\" style=\"max-width: 100%; height: auto;\" \/><\/div><\/div><div id=\"pgc-2881-4-1\"  class=\"panel-grid-cell\" ><div id=\"panel-2881-4-1-0\" class=\"so-panel widget widget_media_image panel-first-child\" data-index=\"10\" ><img width=\"400\" height=\"225\" src=\"https:\/\/flordeibez.org\/flor\/wp-content\/uploads\/2018\/11\/visita_bs.jpg\" class=\"image wp-image-2894  attachment-full size-full\" alt=\"\" decoding=\"async\" loading=\"lazy\" style=\"max-width: 100%; height: auto;\" \/><\/div><div id=\"panel-2881-4-1-1\" class=\"so-panel widget widget_media_image\" data-index=\"11\" ><img width=\"400\" height=\"225\" src=\"https:\/\/flordeibez.org\/flor\/wp-content\/uploads\/2018\/11\/alunos_escola.jpg\" class=\"image wp-image-2899  attachment-full size-full\" alt=\"\" decoding=\"async\" loading=\"lazy\" style=\"max-width: 100%; height: auto;\" \/><\/div><div id=\"panel-2881-4-1-2\" class=\"so-panel widget widget_media_image panel-last-child\" data-index=\"12\" ><img width=\"400\" height=\"225\" src=\"https:\/\/flordeibez.org\/flor\/wp-content\/uploads\/2018\/11\/yoga.jpg\" class=\"image wp-image-2905  attachment-full size-full\" alt=\"\" decoding=\"async\" loading=\"lazy\" style=\"max-width: 100%; height: auto;\" \/><\/div><\/div><div id=\"pgc-2881-4-2\"  class=\"panel-grid-cell\" ><div id=\"panel-2881-4-2-0\" class=\"so-panel widget widget_media_image panel-first-child\" data-index=\"13\" ><img width=\"400\" height=\"225\" src=\"https:\/\/flordeibez.org\/flor\/wp-content\/uploads\/2018\/11\/grupo_unido.jpg\" class=\"image wp-image-2896  attachment-full size-full\" alt=\"\" decoding=\"async\" loading=\"lazy\" style=\"max-width: 100%; height: auto;\" \/><\/div><div id=\"panel-2881-4-2-1\" class=\"so-panel widget widget_media_image\" data-index=\"14\" ><img width=\"400\" height=\"225\" src=\"https:\/\/flordeibez.org\/flor\/wp-content\/uploads\/2018\/11\/com_a_terra.jpg\" class=\"image wp-image-2900  attachment-full size-full\" alt=\"\" decoding=\"async\" loading=\"lazy\" style=\"max-width: 100%; height: auto;\" \/><\/div><div id=\"panel-2881-4-2-2\" class=\"so-panel widget widget_media_image panel-last-child\" data-index=\"15\" ><img width=\"400\" height=\"225\" src=\"https:\/\/flordeibez.org\/flor\/wp-content\/uploads\/2018\/11\/no_alimento.jpg\" class=\"image wp-image-2904  attachment-full size-full\" alt=\"\" decoding=\"async\" loading=\"lazy\" style=\"max-width: 100%; height: auto;\" \/><\/div><\/div><div id=\"pgc-2881-4-3\"  class=\"panel-grid-cell\" ><div id=\"panel-2881-4-3-0\" class=\"so-panel widget widget_media_image panel-first-child\" data-index=\"16\" ><img width=\"400\" height=\"225\" src=\"https:\/\/flordeibez.org\/flor\/wp-content\/uploads\/2018\/11\/brisa.jpg\" class=\"image wp-image-2895  attachment-full size-full\" alt=\"\" decoding=\"async\" loading=\"lazy\" style=\"max-width: 100%; height: auto;\" \/><\/div><div id=\"panel-2881-4-3-1\" class=\"so-panel widget widget_media_image\" data-index=\"17\" ><img width=\"400\" height=\"225\" src=\"https:\/\/flordeibez.org\/flor\/wp-content\/uploads\/2018\/11\/carpindo.jpg\" class=\"image wp-image-2901  attachment-full size-full\" alt=\"\" decoding=\"async\" loading=\"lazy\" style=\"max-width: 100%; height: auto;\" \/><\/div><div id=\"panel-2881-4-3-2\" class=\"so-panel widget widget_media_image panel-last-child\" data-index=\"18\" ><img width=\"400\" height=\"225\" src=\"https:\/\/flordeibez.org\/flor\/wp-content\/uploads\/2018\/11\/preparando_mudas.jpg\" class=\"image wp-image-2903  attachment-full size-full\" alt=\"\" decoding=\"async\" loading=\"lazy\" style=\"max-width: 100%; height: auto;\" \/><\/div><\/div><\/div><\/div><div id=\"pg-2881-5\"  class=\"panel-grid panel-no-style\" ><div id=\"pgc-2881-5-0\"  class=\"panel-grid-cell\" ><div id=\"panel-2881-5-0-0\" class=\"so-panel widget widget_text panel-first-child panel-last-child\" data-index=\"19\" ><div class=\"panel-widget-style panel-widget-style-for-2881-5-0-0\" >\t\t\t<div class=\"textwidget\"><p style=\"text-align: right; font-size: 23px; font-family: helvetica, arial, sans-serif; color: #8c8c8c; font-weight: normal; font-weight: bold;\">Buscamos criar um espa\u00e7o de paz e harmonia dentro de n\u00f3s e em nosso entorno. Pr\u00e1ticas sustent\u00e1veis s\u00e3o instrumentos para isso.<\/p>\n<\/div>\n\t\t<\/div><\/div><\/div><div id=\"pgc-2881-5-1\"  class=\"panel-grid-cell\" ><div id=\"panel-2881-5-1-0\" class=\"so-panel widget widget_text panel-first-child panel-last-child\" data-index=\"20\" ><div class=\"panel-widget-style panel-widget-style-for-2881-5-1-0\" >\t\t\t<div class=\"textwidget\"><p style=\"text-align: left; font-size: 23px; font-family: helvetica, arial, sans-serif; color: #8c8c8c; line-height: 230%;\">agrofloresta \u00b7 bioconstru\u00e7\u00e3o \u00b7 permacultura \u00b7 alimenta\u00e7\u00e3o vegana consciente \u00b7 yoga \u00b7 amor aos reinos \u00b7 estudos \u00b7 medita\u00e7\u00e3o \u00b7 sil\u00eancio \u00b7 contempla\u00e7\u00e3o \u00b7 vida grupal evolutiva<\/p>\n<\/div>\n\t\t<\/div><\/div><\/div><\/div><div id=\"pg-2881-6\"  class=\"panel-grid panel-has-style\" ><div class=\"siteorigin-panels-stretch panel-row-style panel-row-style-for-2881-6\" data-stretch-type=\"full-stretched\" ><div id=\"pgc-2881-6-0\"  class=\"panel-grid-cell\" ><div id=\"panel-2881-6-0-0\" class=\"so-panel widget widget_media_image panel-first-child panel-last-child\" data-index=\"21\" ><div class=\"panel-widget-style panel-widget-style-for-2881-6-0-0\" ><img width=\"190\" height=\"165\" src=\"https:\/\/flordeibez.org\/flor\/wp-content\/uploads\/2018\/12\/logo_sala-de-aula-viva-1.png\" class=\"image wp-image-2926  attachment-190x165 size-190x165\" alt=\"\" decoding=\"async\" loading=\"lazy\" style=\"max-width: 100%; height: auto;\" \/><\/div><\/div><\/div><div id=\"pgc-2881-6-1\"  class=\"panel-grid-cell\" ><div id=\"panel-2881-6-1-0\" class=\"so-panel widget widget_text panel-first-child panel-last-child\" data-index=\"22\" ><div class=\"panel-widget-style panel-widget-style-for-2881-6-1-0\" >\t\t\t<div class=\"textwidget\"><p style=\"text-align: center; font-size: 33px; font-family: helvetica, arial, sans-serif; color: #444444;\"><b>Aprender fazendo!<\/b><\/p>\n<\/div>\n\t\t<\/div><\/div><\/div><\/div><\/div><div id=\"pg-2881-7\"  class=\"panel-grid panel-has-style\" ><div class=\"siteorigin-panels-stretch panel-row-style panel-row-style-for-2881-7\" data-stretch-type=\"full-stretched\" ><div id=\"pgc-2881-7-0\"  class=\"panel-grid-cell\" ><div id=\"panel-2881-7-0-0\" class=\"so-panel widget widget_text panel-first-child panel-last-child\" data-index=\"23\" ><div class=\"panel-widget-style panel-widget-style-for-2881-7-0-0\" >\t\t\t<div class=\"textwidget\"><p style=\"text-align: center; font-size: 16px; font-family: helvetica, arial, sans-serif; color: #decd87;\">e-mail flordeibez@gmail.com<br \/>\nwhats app +55 66 9 9673-7893<br \/>\nfacebook Flor de Ibez<\/p>\n<p><\/&#038;nbsp><br \/>\n<\/&#038;nbsp><br \/>\n<\/&#038;nbsp><\/p>\n<p style=\"text-align: center; font-size: 16px; font-family: helvetica, arial, sans-serif; color: #fff;\"><b>Paz a todos os seres!<\/b><\/p>\n<\/div>\n\t\t<\/div><\/div><\/div><\/div><\/div><\/div>","protected":false},"excerpt":{"rendered":"<p>sala de aula viva uma proposta para escolas universidades creches est\u00e1gios pesquisas<\/p>\n","protected":false},"author":2,"featured_media":0,"parent":0,"menu_order":0,"comment_status":"closed","ping_status":"closed","template":"","meta":[],"_links":{"self":[{"href":"https:\/\/flordeibez.org\/flor\/wp-json\/wp\/v2\/pages\/2881"}],"collection":[{"href":"https:\/\/flordeibez.org\/flor\/wp-json\/wp\/v2\/pages"}],"about":[{"href":"https:\/\/flordeibez.org\/flor\/wp-json\/wp\/v2\/types\/page"}],"author":[{"embeddable":true,"href":"https:\/\/flordeibez.org\/flor\/wp-json\/wp\/v2\/users\/2"}],"replies":[{"embeddable":true,"href":"https:\/\/flordeibez.org\/flor\/wp-json\/wp\/v2\/comments?post=2881"}],"version-history":[{"count":15,"href":"https:\/\/flordeibez.org\/flor\/wp-json\/wp\/v2\/pages\/2881\/revisions"}],"predecessor-version":[{"id":2945,"href":"https:\/\/flordeibez.org\/flor\/wp-json\/wp\/v2\/pages\/2881\/revisions\/2945"}],"wp:attachment":[{"href":"https:\/\/flordeibez.org\/flor\/wp-json\/wp\/v2\/media?parent=2881"}],"curies":[{"name":"wp","href":"https:\/\/api.w.org\/{rel}","templated":true}]}}