{"id":2817,"date":"2018-11-26T23:28:27","date_gmt":"2018-11-27T01:28:27","guid":{"rendered":"http:\/\/flordeibez.org\/flor\/?page_id=2817"},"modified":"2019-01-25T04:46:44","modified_gmt":"2019-01-25T06:46:44","slug":"vivencia-integral-datas","status":"publish","type":"page","link":"https:\/\/flordeibez.org\/flor\/vivencia-integral-datas\/","title":{"rendered":"Viv\u00eancia Integral &#8211; datas"},"content":{"rendered":"<div id=\"pl-2817\"  class=\"panel-layout\" ><div id=\"pg-2817-0\"  class=\"panel-grid panel-has-style\" ><div class=\"panel-row-style panel-row-style-for-2817-0\" ><div id=\"pgc-2817-0-0\"  class=\"panel-grid-cell\" ><div id=\"panel-2817-0-0-0\" class=\"so-panel widget widget_sow-editor panel-first-child panel-last-child\" data-index=\"0\" ><div class=\"panel-widget-style panel-widget-style-for-2817-0-0-0\" ><div\n\t\t\t\n\t\t\tclass=\"so-widget-sow-editor so-widget-sow-editor-base\"\n\t\t\t\n\t\t>\n<div class=\"siteorigin-widget-tinymce textwidget\">\n\t<p style=\"text-align: left; font-size: 36px; font-family: helvetica, arial, sans-serif; color: #8c8c8c;\"><b>Viv\u00eancia integral<\/b><\/p>\n<p style=\"text-align: right; font-size: 20px; font-family: helvetica, arial, sans-serif; color: #8c8c8c;\">datas<\/p>\n<\/div>\n<\/div><\/div><\/div><\/div><div id=\"pgc-2817-0-1\"  class=\"panel-grid-cell panel-grid-cell-empty\" ><\/div><div id=\"pgc-2817-0-2\"  class=\"panel-grid-cell\" ><div id=\"panel-2817-0-2-0\" class=\"so-panel widget widget_text panel-first-child panel-last-child\" data-index=\"1\" ><div class=\"panel-widget-style panel-widget-style-for-2817-0-2-0\" >\t\t\t<div class=\"textwidget\"><p style=\"text-align: right; font-size: 20px; font-family: helvetica, arial, sans-serif; color: #8c8c8c; font-weight: bold;\">Ap\u00f3s ter lido as <a href=\"http:\/\/flordeibez.org\/flor\/vivencia-integral-info\/\">informa\u00e7\u00f5es gerais<\/a>, escolha os dias mais adequados para sua vinda a Flor de Ibez, dentro dos per\u00edodos propostos abaixo.<br \/>\nPreencha o <a href=\"https:\/\/goo.gl\/forms\/4C423NPNGwJ0DRmH2\" target=\"_blank\" rel=\"noopener\">formul\u00e1rio (clique)<\/a> e aguarde nossa resposta.<\/p>\n<p style=\"text-align: right; margin-top: 20%; font-size: 26px; font-family: helvetica, arial, sans-serif; color: #8c8c8c; font-weight: bold;\">pr\u00f3ximas viv\u00eancias<\/p>\n<p style=\"text-align: right; font-size: 18px; font-family: helvetica, arial, sans-serif; color: #8c8c8c; font-weight: bold;\">26 de fevereiro a 8 de agosto 2019<\/p>\n<\/div>\n\t\t<\/div><\/div><\/div><\/div><\/div><div id=\"pg-2817-1\"  class=\"panel-grid panel-has-style\" ><div class=\"siteorigin-panels-stretch panel-row-style panel-row-style-for-2817-1\" data-stretch-type=\"full-stretched\" ><div id=\"pgc-2817-1-0\"  class=\"panel-grid-cell\" ><div id=\"panel-2817-1-0-0\" class=\"so-panel widget widget_sow-image-grid panel-first-child panel-last-child\" data-index=\"2\" ><div\n\t\t\t\n\t\t\tclass=\"so-widget-sow-image-grid so-widget-sow-image-grid-default-3fbf13dff59f-2817\"\n\t\t\t\n\t\t>\t<div class=\"sow-image-grid-wrapper\"\n\t\t\t\t>\n\t\t\t\t\t<div class=\"sow-image-grid-image\">\n\t\t\t\t\t\t\t\t\t\t\t\t<img width=\"150\" height=\"150\" src=\"https:\/\/flordeibez.org\/flor\/wp-content\/uploads\/2017\/09\/terceiro_dia_-150x150.jpg\" class=\"sow-image-grid-image_html\" alt=\"\" decoding=\"async\" loading=\"lazy\" title=\"\" \/>\t\t\t\t\t\t\t\t\t\t\t<\/div>\n\t\t\t\t\t<div class=\"sow-image-grid-image\">\n\t\t\t\t\t\t\t\t\t\t\t\t<img width=\"150\" height=\"150\" src=\"https:\/\/flordeibez.org\/flor\/wp-content\/uploads\/2017\/07\/dan\u00e7a-circular-150x150.jpg\" class=\"sow-image-grid-image_html\" alt=\"\" decoding=\"async\" loading=\"lazy\" title=\"dan\u00e7a circular\" srcset=\"https:\/\/flordeibez.org\/flor\/wp-content\/uploads\/2017\/07\/dan\u00e7a-circular-150x150.jpg 150w, https:\/\/flordeibez.org\/flor\/wp-content\/uploads\/2017\/07\/dan\u00e7a-circular-270x270.jpg 270w, https:\/\/flordeibez.org\/flor\/wp-content\/uploads\/2017\/07\/dan\u00e7a-circular-230x230.jpg 230w\" sizes=\"(max-width: 150px) 100vw, 150px\" \/>\t\t\t\t\t\t\t\t\t\t\t<\/div>\n\t\t\t\t\t<div class=\"sow-image-grid-image\">\n\t\t\t\t\t\t\t\t\t\t\t\t<img width=\"150\" height=\"150\" src=\"https:\/\/flordeibez.org\/flor\/wp-content\/uploads\/2017\/07\/bioconstrucao-150x150.jpg\" class=\"sow-image-grid-image_html\" alt=\"\" decoding=\"async\" loading=\"lazy\" title=\"\" srcset=\"https:\/\/flordeibez.org\/flor\/wp-content\/uploads\/2017\/07\/bioconstrucao-150x150.jpg 150w, https:\/\/flordeibez.org\/flor\/wp-content\/uploads\/2017\/07\/bioconstrucao-270x270.jpg 270w, https:\/\/flordeibez.org\/flor\/wp-content\/uploads\/2017\/07\/bioconstrucao-230x230.jpg 230w\" sizes=\"(max-width: 150px) 100vw, 150px\" \/>\t\t\t\t\t\t\t\t\t\t\t<\/div>\n\t\t\t\t\t<div class=\"sow-image-grid-image\">\n\t\t\t\t\t\t\t\t\t\t\t\t<img width=\"150\" height=\"150\" src=\"https:\/\/flordeibez.org\/flor\/wp-content\/uploads\/2017\/08\/ila_160724_495-150x150.jpg\" class=\"sow-image-grid-image_html\" alt=\"\" decoding=\"async\" loading=\"lazy\" title=\"Voluntariado\" srcset=\"https:\/\/flordeibez.org\/flor\/wp-content\/uploads\/2017\/08\/ila_160724_495-150x150.jpg 150w, https:\/\/flordeibez.org\/flor\/wp-content\/uploads\/2017\/08\/ila_160724_495-270x270.jpg 270w, https:\/\/flordeibez.org\/flor\/wp-content\/uploads\/2017\/08\/ila_160724_495-230x230.jpg 230w\" sizes=\"(max-width: 150px) 100vw, 150px\" \/>\t\t\t\t\t\t\t\t\t\t\t<\/div>\n\t\t\t\t\t<div class=\"sow-image-grid-image\">\n\t\t\t\t\t\t\t\t\t\t\t\t<img width=\"150\" height=\"150\" src=\"https:\/\/flordeibez.org\/flor\/wp-content\/uploads\/2017\/07\/agrofloresta-150x150.jpg\" class=\"sow-image-grid-image_html\" alt=\"\" decoding=\"async\" loading=\"lazy\" title=\"\" srcset=\"https:\/\/flordeibez.org\/flor\/wp-content\/uploads\/2017\/07\/agrofloresta-150x150.jpg 150w, https:\/\/flordeibez.org\/flor\/wp-content\/uploads\/2017\/07\/agrofloresta-270x270.jpg 270w, https:\/\/flordeibez.org\/flor\/wp-content\/uploads\/2017\/07\/agrofloresta-230x230.jpg 230w\" sizes=\"(max-width: 150px) 100vw, 150px\" \/>\t\t\t\t\t\t\t\t\t\t\t<\/div>\n\t\t\t\t\t<div class=\"sow-image-grid-image\">\n\t\t\t\t\t\t\t\t\t\t\t\t<img width=\"150\" height=\"150\" src=\"https:\/\/flordeibez.org\/flor\/wp-content\/uploads\/2017\/07\/reinos-150x150.jpg\" class=\"sow-image-grid-image_html\" alt=\"\" decoding=\"async\" loading=\"lazy\" title=\"\" srcset=\"https:\/\/flordeibez.org\/flor\/wp-content\/uploads\/2017\/07\/reinos-150x150.jpg 150w, https:\/\/flordeibez.org\/flor\/wp-content\/uploads\/2017\/07\/reinos-270x270.jpg 270w, https:\/\/flordeibez.org\/flor\/wp-content\/uploads\/2017\/07\/reinos-230x230.jpg 230w\" sizes=\"(max-width: 150px) 100vw, 150px\" \/>\t\t\t\t\t\t\t\t\t\t\t<\/div>\n\t\t\t\t\t<div class=\"sow-image-grid-image\">\n\t\t\t\t\t\t\t\t\t\t\t\t<img width=\"150\" height=\"150\" src=\"https:\/\/flordeibez.org\/flor\/wp-content\/uploads\/2017\/08\/trans2-150x150.jpg\" class=\"sow-image-grid-image_html\" alt=\"\" decoding=\"async\" loading=\"lazy\" title=\"\" srcset=\"https:\/\/flordeibez.org\/flor\/wp-content\/uploads\/2017\/08\/trans2-150x150.jpg 150w, https:\/\/flordeibez.org\/flor\/wp-content\/uploads\/2017\/08\/trans2-270x270.jpg 270w, https:\/\/flordeibez.org\/flor\/wp-content\/uploads\/2017\/08\/trans2-230x230.jpg 230w\" sizes=\"(max-width: 150px) 100vw, 150px\" \/>\t\t\t\t\t\t\t\t\t\t\t<\/div>\n\t\t\t\t\t<div class=\"sow-image-grid-image\">\n\t\t\t\t\t\t\t\t\t\t\t\t<img width=\"150\" height=\"150\" src=\"https:\/\/flordeibez.org\/flor\/wp-content\/uploads\/2017\/07\/bio2-150x150.jpg\" class=\"sow-image-grid-image_html\" alt=\"\" decoding=\"async\" loading=\"lazy\" title=\"\" srcset=\"https:\/\/flordeibez.org\/flor\/wp-content\/uploads\/2017\/07\/bio2-150x150.jpg 150w, https:\/\/flordeibez.org\/flor\/wp-content\/uploads\/2017\/07\/bio2-270x270.jpg 270w, https:\/\/flordeibez.org\/flor\/wp-content\/uploads\/2017\/07\/bio2-230x230.jpg 230w\" sizes=\"(max-width: 150px) 100vw, 150px\" \/>\t\t\t\t\t\t\t\t\t\t\t<\/div>\n\t\t\t\t\t<div class=\"sow-image-grid-image\">\n\t\t\t\t\t\t\t\t\t\t\t\t<img width=\"150\" height=\"150\" src=\"https:\/\/flordeibez.org\/flor\/wp-content\/uploads\/2017\/08\/agro2-150x150.jpg\" class=\"sow-image-grid-image_html\" alt=\"\" decoding=\"async\" loading=\"lazy\" title=\"\" srcset=\"https:\/\/flordeibez.org\/flor\/wp-content\/uploads\/2017\/08\/agro2-150x150.jpg 150w, https:\/\/flordeibez.org\/flor\/wp-content\/uploads\/2017\/08\/agro2-270x270.jpg 270w, https:\/\/flordeibez.org\/flor\/wp-content\/uploads\/2017\/08\/agro2-230x230.jpg 230w\" sizes=\"(max-width: 150px) 100vw, 150px\" \/>\t\t\t\t\t\t\t\t\t\t\t<\/div>\n\t\t\t\t\t<div class=\"sow-image-grid-image\">\n\t\t\t\t\t\t\t\t\t\t\t\t<img width=\"150\" height=\"150\" src=\"https:\/\/flordeibez.org\/flor\/wp-content\/uploads\/2017\/08\/solano-150x150.jpg\" class=\"sow-image-grid-image_html\" alt=\"\" decoding=\"async\" loading=\"lazy\" title=\"\" srcset=\"https:\/\/flordeibez.org\/flor\/wp-content\/uploads\/2017\/08\/solano-150x150.jpg 150w, https:\/\/flordeibez.org\/flor\/wp-content\/uploads\/2017\/08\/solano-270x270.jpg 270w, https:\/\/flordeibez.org\/flor\/wp-content\/uploads\/2017\/08\/solano-230x230.jpg 230w\" sizes=\"(max-width: 150px) 100vw, 150px\" \/>\t\t\t\t\t\t\t\t\t\t\t<\/div>\n\t\t\t\t\t<div class=\"sow-image-grid-image\">\n\t\t\t\t\t\t\t\t\t\t\t\t<img width=\"150\" height=\"150\" src=\"https:\/\/flordeibez.org\/flor\/wp-content\/uploads\/2018\/11\/grupo_capinando-150x150.jpg\" class=\"sow-image-grid-image_html\" alt=\"\" decoding=\"async\" loading=\"lazy\" title=\"\" \/>\t\t\t\t\t\t\t\t\t\t\t<\/div>\n\t\t\t\t\t<div class=\"sow-image-grid-image\">\n\t\t\t\t\t\t\t\t\t\t\t\t<img width=\"150\" height=\"150\" src=\"https:\/\/flordeibez.org\/flor\/wp-content\/uploads\/2018\/11\/sementes-150x150.jpg\" class=\"sow-image-grid-image_html\" alt=\"\" decoding=\"async\" loading=\"lazy\" title=\"\" \/>\t\t\t\t\t\t\t\t\t\t\t<\/div>\n\t\t\t\t\t<div class=\"sow-image-grid-image\">\n\t\t\t\t\t\t\t\t\t\t\t\t<img width=\"150\" height=\"150\" src=\"https:\/\/flordeibez.org\/flor\/wp-content\/uploads\/2018\/11\/criancas-150x150.jpg\" class=\"sow-image-grid-image_html\" alt=\"\" decoding=\"async\" loading=\"lazy\" title=\"\" \/>\t\t\t\t\t\t\t\t\t\t\t<\/div>\n\t\t\t\t\t<div class=\"sow-image-grid-image\">\n\t\t\t\t\t\t\t\t\t\t\t\t<img width=\"150\" height=\"150\" src=\"https:\/\/flordeibez.org\/flor\/wp-content\/uploads\/2018\/11\/ipe_amarelo-150x150.jpg\" class=\"sow-image-grid-image_html\" alt=\"\" decoding=\"async\" loading=\"lazy\" title=\"\" \/>\t\t\t\t\t\t\t\t\t\t\t<\/div>\n\t\t\t<\/div>\n<\/div><\/div><\/div><\/div><\/div><div id=\"pg-2817-2\"  class=\"panel-grid panel-has-style\" ><div class=\"siteorigin-panels-stretch panel-row-style panel-row-style-for-2817-2\" data-stretch-type=\"full-stretched\" ><div id=\"pgc-2817-2-0\"  class=\"panel-grid-cell\" ><div id=\"panel-2817-2-0-0\" class=\"so-panel widget widget_text panel-first-child panel-last-child\" data-index=\"3\" ><div class=\"panel-widget-style panel-widget-style-for-2817-2-0-0\" >\t\t\t<div class=\"textwidget\"><p style=\"text-align: center; font-size: 16px; font-family: helvetica, arial, sans-serif; color: #decd87;\">e-mail flordeibez@gmail.com<br \/>\nwhats app +55 66 9 9673-7893<br \/>\nfacebook Flor de Ibez<\/p>\n<p><\/&#038;nbsp><br \/>\n<\/&#038;nbsp><br \/>\n<\/&#038;nbsp><\/p>\n<p style=\"text-align: center; font-size: 16px; font-family: helvetica, arial, sans-serif; color: #fff;\"><b>Paz a todos os seres!<\/b><\/p>\n<\/div>\n\t\t<\/div><\/div><\/div><\/div><\/div><\/div>","protected":false},"excerpt":{"rendered":"<p>Viv\u00eancia integral datas Ap\u00f3s ter lido as informa\u00e7\u00f5es gerais, escolha os dias mais adequados para sua vinda a Flor de Ibez, dentro dos per\u00edodos propostos abaixo. Preencha o formul\u00e1rio (clique) e aguarde nossa resposta. pr\u00f3ximas viv\u00eancias 26 de fevereiro a 8 de agosto 2019<\/p>\n","protected":false},"author":2,"featured_media":0,"parent":0,"menu_order":0,"comment_status":"closed","ping_status":"closed","template":"","meta":[],"_links":{"self":[{"href":"https:\/\/flordeibez.org\/flor\/wp-json\/wp\/v2\/pages\/2817"}],"collection":[{"href":"https:\/\/flordeibez.org\/flor\/wp-json\/wp\/v2\/pages"}],"about":[{"href":"https:\/\/flordeibez.org\/flor\/wp-json\/wp\/v2\/types\/page"}],"author":[{"embeddable":true,"href":"https:\/\/flordeibez.org\/flor\/wp-json\/wp\/v2\/users\/2"}],"replies":[{"embeddable":true,"href":"https:\/\/flordeibez.org\/flor\/wp-json\/wp\/v2\/comments?post=2817"}],"version-history":[{"count":11,"href":"https:\/\/flordeibez.org\/flor\/wp-json\/wp\/v2\/pages\/2817\/revisions"}],"predecessor-version":[{"id":3017,"href":"https:\/\/flordeibez.org\/flor\/wp-json\/wp\/v2\/pages\/2817\/revisions\/3017"}],"wp:attachment":[{"href":"https:\/\/flordeibez.org\/flor\/wp-json\/wp\/v2\/media?parent=2817"}],"curies":[{"name":"wp","href":"https:\/\/api.w.org\/{rel}","templated":true}]}}