{"id":2754,"date":"2018-11-26T20:03:25","date_gmt":"2018-11-26T22:03:25","guid":{"rendered":"http:\/\/flordeibez.org\/flor\/?page_id=2754"},"modified":"2020-10-10T21:56:30","modified_gmt":"2020-10-11T00:56:30","slug":"vivencia-integral-info","status":"publish","type":"page","link":"https:\/\/flordeibez.org\/flor\/vivencia-integral-info\/","title":{"rendered":"Viv\u00eancia Integral &#8211; informa\u00e7\u00f5es gerais"},"content":{"rendered":"<div id=\"pl-2754\"  class=\"panel-layout\" ><div id=\"pg-2754-0\"  class=\"panel-grid panel-has-style\" ><div class=\"panel-row-style panel-row-style-for-2754-0\" ><div id=\"pgc-2754-0-0\"  class=\"panel-grid-cell\" ><div id=\"panel-2754-0-0-0\" class=\"so-panel widget widget_sow-editor panel-first-child\" data-index=\"0\" ><div class=\"panel-widget-style panel-widget-style-for-2754-0-0-0\" ><div\n\t\t\t\n\t\t\tclass=\"so-widget-sow-editor so-widget-sow-editor-base\"\n\t\t\t\n\t\t>\n<div class=\"siteorigin-widget-tinymce textwidget\">\n\t<p style=\"text-align: left; font-size: 36px; font-family: helvetica, arial, sans-serif; color: #8c8c8c;\"><b>Viv\u00eancia integral<\/b><\/p>\n<p style=\"text-align: right; font-size: 20px; font-family: helvetica, arial, sans-serif; color: #8c8c8c;\">informa\u00e7\u00f5es gerais<\/p>\n<\/div>\n<\/div><\/div><\/div><div id=\"panel-2754-0-0-1\" class=\"so-panel widget widget_text panel-last-child\" data-index=\"1\" ><div class=\"panel-widget-style panel-widget-style-for-2754-0-0-1\" >\t\t\t<div class=\"textwidget\"><p style=\"text-align: right; font-size: 23px; font-family: helvetica, arial, sans-serif; color: #8c8c8c; line-height: 230%;\"><i>&#8220;\u00c9 dentro de n\u00f3s que a Realidade deve ser encontrada e a fonte e funda\u00e7\u00e3o de uma vida aperfei\u00e7oada, nenhuma forma\u00e7\u00e3o exterior pode substitu\u00ed-la: deve haver o verdadeiro si dentro se \u00e9 para haver a verdadeira vida realizada no mundo e na Natureza.&#8221;<\/i><\/p>\n<p style=\"text-align: right; font-size: 19px; font-family: helvetica, arial, sans-serif; color: #8c8c8c;\"><i>Sri Aurobindo<\/i><\/p>\n<\/div>\n\t\t<\/div><\/div><\/div><div id=\"pgc-2754-0-1\"  class=\"panel-grid-cell panel-grid-cell-empty\" ><\/div><div id=\"pgc-2754-0-2\"  class=\"panel-grid-cell\" ><div id=\"panel-2754-0-2-0\" class=\"so-panel widget widget_text panel-first-child panel-last-child\" data-index=\"2\" ><div class=\"panel-widget-style panel-widget-style-for-2754-0-2-0\" >\t\t\t<div class=\"textwidget\"><p style=\"text-align: right; font-size: 19px; font-family: helvetica, arial, sans-serif; color: #8c8c8c; font-weight: bold;\">em flor de ibez<\/p>\n<p style=\"text-align: right; font-size: 14px; font-family: helvetica, arial, sans-serif; color: #8c8c8c; font-weight: bold;\">A nossa rotina \u00e9 simples e simples deve ser a vida em Flor de Ibez. Buscamos permear cada momento com harmonia, rever\u00eancia e gratid\u00e3o, e assim desvelar o sagrado ali existente. Desse modo, enquanto realizamos uma tarefa externa, realizamos tamb\u00e9m um trabalho interno de transforma\u00e7\u00e3o e eleva\u00e7\u00e3o do ser e da vida.<\/p>\n<p style=\"text-align: right; font-size: 14px; font-family: helvetica, arial, sans-serif; color: #8c8c8c; font-weight: bold;\">Em Flor de Ibez somos convidados a desenvolver as tarefas em harmonia e paz. Momentos de atividade equilibram-se com os de sil\u00eancio e contempla\u00e7\u00e3o. A Natureza em torno \u00e9 bela e gentilmente nos conduz a esse tipo de trabalho.<\/p>\n<p style=\"text-align: right; font-size: 14px; font-family: helvetica, arial, sans-serif; color: #8c8c8c; font-weight: bold;\">Se voc\u00ea vem a Flor de Ibez como volunt\u00e1ri@, voc\u00ea \u00e9 convidad@ a entrar em um mundo de servi\u00e7o e amor aos reinos da Natureza &#8212; manifesta\u00e7\u00f5es da Grande M\u00e3e Terra &#8211;, e em uma busca constante de uni\u00e3o do interno com o externo. O nosso ritmo inclui estudos; momentos de sintonia, com sil\u00eancio, ora\u00e7\u00f5es e mantras; tarefas pr\u00e1ticas em diferentes setores da fazenda; e, principalmente, uma aspira\u00e7\u00e3o ardente de que o espiritual desabroche em cada ser.<\/p>\n<p style=\"text-align: right; font-size: 14px; font-family: helvetica, arial, sans-serif; color: #8c8c8c; font-weight: bold;\">Durante sua estada conosco voc\u00ea poder\u00e1 participar de diferentes atividades, segundo as prioridades do momento: preparo do alimento (culin\u00e1ria vegana), plantios agroecol\u00f3gicos, bioconstru\u00e7\u00e3o, manuten\u00e7\u00e3o, cuidados dos animais e outras tarefas que fazem parte da vida no campo. Em todas, a busca priorit\u00e1ria \u00e9 a da Harmonia.<\/p>\n<p style=\"text-align: right; font-size: 14px; font-family: helvetica, arial, sans-serif; color: #8c8c8c; font-weight: bold;\">Enquanto aqui estiver voc\u00ea ser\u00e1 parte do grupo, um guardi\u00e3o do prop\u00f3sito de elevar a express\u00e3o da nossa vida em todos os seus detalhes.<\/p>\n<\/div>\n\t\t<\/div><\/div><\/div><\/div><\/div><div id=\"pg-2754-1\"  class=\"panel-grid panel-has-style\" ><div class=\"siteorigin-panels-stretch panel-row-style panel-row-style-for-2754-1\" data-stretch-type=\"full-stretched\" ><div id=\"pgc-2754-1-0\"  class=\"panel-grid-cell\" ><div id=\"panel-2754-1-0-0\" class=\"so-panel widget widget_sow-image-grid panel-first-child panel-last-child\" data-index=\"3\" ><div\n\t\t\t\n\t\t\tclass=\"so-widget-sow-image-grid so-widget-sow-image-grid-default-3fbf13dff59f-2754\"\n\t\t\t\n\t\t>\t<div class=\"sow-image-grid-wrapper\"\n\t\t\t\t>\n\t\t\t\t\t<div class=\"sow-image-grid-image\">\n\t\t\t\t\t\t\t\t\t\t\t\t<img width=\"150\" height=\"150\" src=\"https:\/\/flordeibez.org\/flor\/wp-content\/uploads\/2017\/09\/terceiro_dia_-150x150.jpg\" class=\"sow-image-grid-image_html\" alt=\"\" decoding=\"async\" loading=\"lazy\" title=\"\" \/>\t\t\t\t\t\t\t\t\t\t\t<\/div>\n\t\t\t\t\t<div class=\"sow-image-grid-image\">\n\t\t\t\t\t\t\t\t\t\t\t\t<img width=\"150\" height=\"150\" src=\"https:\/\/flordeibez.org\/flor\/wp-content\/uploads\/2017\/07\/dan\u00e7a-circular-150x150.jpg\" class=\"sow-image-grid-image_html\" alt=\"\" decoding=\"async\" loading=\"lazy\" title=\"dan\u00e7a circular\" srcset=\"https:\/\/flordeibez.org\/flor\/wp-content\/uploads\/2017\/07\/dan\u00e7a-circular-150x150.jpg 150w, https:\/\/flordeibez.org\/flor\/wp-content\/uploads\/2017\/07\/dan\u00e7a-circular-270x270.jpg 270w, https:\/\/flordeibez.org\/flor\/wp-content\/uploads\/2017\/07\/dan\u00e7a-circular-230x230.jpg 230w\" sizes=\"(max-width: 150px) 100vw, 150px\" \/>\t\t\t\t\t\t\t\t\t\t\t<\/div>\n\t\t\t\t\t<div class=\"sow-image-grid-image\">\n\t\t\t\t\t\t\t\t\t\t\t\t<img width=\"150\" height=\"150\" src=\"https:\/\/flordeibez.org\/flor\/wp-content\/uploads\/2017\/07\/bioconstrucao-150x150.jpg\" class=\"sow-image-grid-image_html\" alt=\"\" decoding=\"async\" loading=\"lazy\" title=\"\" srcset=\"https:\/\/flordeibez.org\/flor\/wp-content\/uploads\/2017\/07\/bioconstrucao-150x150.jpg 150w, https:\/\/flordeibez.org\/flor\/wp-content\/uploads\/2017\/07\/bioconstrucao-270x270.jpg 270w, https:\/\/flordeibez.org\/flor\/wp-content\/uploads\/2017\/07\/bioconstrucao-230x230.jpg 230w\" sizes=\"(max-width: 150px) 100vw, 150px\" \/>\t\t\t\t\t\t\t\t\t\t\t<\/div>\n\t\t\t\t\t<div class=\"sow-image-grid-image\">\n\t\t\t\t\t\t\t\t\t\t\t\t<img width=\"150\" height=\"150\" src=\"https:\/\/flordeibez.org\/flor\/wp-content\/uploads\/2017\/08\/ila_160724_495-150x150.jpg\" class=\"sow-image-grid-image_html\" alt=\"\" decoding=\"async\" loading=\"lazy\" title=\"Voluntariado\" srcset=\"https:\/\/flordeibez.org\/flor\/wp-content\/uploads\/2017\/08\/ila_160724_495-150x150.jpg 150w, https:\/\/flordeibez.org\/flor\/wp-content\/uploads\/2017\/08\/ila_160724_495-270x270.jpg 270w, https:\/\/flordeibez.org\/flor\/wp-content\/uploads\/2017\/08\/ila_160724_495-230x230.jpg 230w\" sizes=\"(max-width: 150px) 100vw, 150px\" \/>\t\t\t\t\t\t\t\t\t\t\t<\/div>\n\t\t\t\t\t<div class=\"sow-image-grid-image\">\n\t\t\t\t\t\t\t\t\t\t\t\t<img width=\"150\" height=\"150\" src=\"https:\/\/flordeibez.org\/flor\/wp-content\/uploads\/2017\/07\/agrofloresta-150x150.jpg\" class=\"sow-image-grid-image_html\" alt=\"\" decoding=\"async\" loading=\"lazy\" title=\"\" srcset=\"https:\/\/flordeibez.org\/flor\/wp-content\/uploads\/2017\/07\/agrofloresta-150x150.jpg 150w, https:\/\/flordeibez.org\/flor\/wp-content\/uploads\/2017\/07\/agrofloresta-270x270.jpg 270w, https:\/\/flordeibez.org\/flor\/wp-content\/uploads\/2017\/07\/agrofloresta-230x230.jpg 230w\" sizes=\"(max-width: 150px) 100vw, 150px\" \/>\t\t\t\t\t\t\t\t\t\t\t<\/div>\n\t\t\t\t\t<div class=\"sow-image-grid-image\">\n\t\t\t\t\t\t\t\t\t\t\t\t<img width=\"150\" height=\"150\" src=\"https:\/\/flordeibez.org\/flor\/wp-content\/uploads\/2017\/07\/reinos-150x150.jpg\" class=\"sow-image-grid-image_html\" alt=\"\" decoding=\"async\" loading=\"lazy\" title=\"\" srcset=\"https:\/\/flordeibez.org\/flor\/wp-content\/uploads\/2017\/07\/reinos-150x150.jpg 150w, https:\/\/flordeibez.org\/flor\/wp-content\/uploads\/2017\/07\/reinos-270x270.jpg 270w, https:\/\/flordeibez.org\/flor\/wp-content\/uploads\/2017\/07\/reinos-230x230.jpg 230w\" sizes=\"(max-width: 150px) 100vw, 150px\" \/>\t\t\t\t\t\t\t\t\t\t\t<\/div>\n\t\t\t\t\t<div class=\"sow-image-grid-image\">\n\t\t\t\t\t\t\t\t\t\t\t\t<img width=\"150\" height=\"150\" src=\"https:\/\/flordeibez.org\/flor\/wp-content\/uploads\/2017\/08\/trans2-150x150.jpg\" class=\"sow-image-grid-image_html\" alt=\"\" decoding=\"async\" loading=\"lazy\" title=\"\" srcset=\"https:\/\/flordeibez.org\/flor\/wp-content\/uploads\/2017\/08\/trans2-150x150.jpg 150w, https:\/\/flordeibez.org\/flor\/wp-content\/uploads\/2017\/08\/trans2-270x270.jpg 270w, https:\/\/flordeibez.org\/flor\/wp-content\/uploads\/2017\/08\/trans2-230x230.jpg 230w\" sizes=\"(max-width: 150px) 100vw, 150px\" \/>\t\t\t\t\t\t\t\t\t\t\t<\/div>\n\t\t\t\t\t<div class=\"sow-image-grid-image\">\n\t\t\t\t\t\t\t\t\t\t\t\t<img width=\"150\" height=\"150\" src=\"https:\/\/flordeibez.org\/flor\/wp-content\/uploads\/2017\/07\/bio2-150x150.jpg\" class=\"sow-image-grid-image_html\" alt=\"\" decoding=\"async\" loading=\"lazy\" title=\"\" srcset=\"https:\/\/flordeibez.org\/flor\/wp-content\/uploads\/2017\/07\/bio2-150x150.jpg 150w, https:\/\/flordeibez.org\/flor\/wp-content\/uploads\/2017\/07\/bio2-270x270.jpg 270w, https:\/\/flordeibez.org\/flor\/wp-content\/uploads\/2017\/07\/bio2-230x230.jpg 230w\" sizes=\"(max-width: 150px) 100vw, 150px\" \/>\t\t\t\t\t\t\t\t\t\t\t<\/div>\n\t\t\t\t\t<div class=\"sow-image-grid-image\">\n\t\t\t\t\t\t\t\t\t\t\t\t<img width=\"150\" height=\"150\" src=\"https:\/\/flordeibez.org\/flor\/wp-content\/uploads\/2017\/08\/agro2-150x150.jpg\" class=\"sow-image-grid-image_html\" alt=\"\" decoding=\"async\" loading=\"lazy\" title=\"\" srcset=\"https:\/\/flordeibez.org\/flor\/wp-content\/uploads\/2017\/08\/agro2-150x150.jpg 150w, https:\/\/flordeibez.org\/flor\/wp-content\/uploads\/2017\/08\/agro2-270x270.jpg 270w, https:\/\/flordeibez.org\/flor\/wp-content\/uploads\/2017\/08\/agro2-230x230.jpg 230w\" sizes=\"(max-width: 150px) 100vw, 150px\" \/>\t\t\t\t\t\t\t\t\t\t\t<\/div>\n\t\t\t\t\t<div class=\"sow-image-grid-image\">\n\t\t\t\t\t\t\t\t\t\t\t\t<img width=\"150\" height=\"150\" src=\"https:\/\/flordeibez.org\/flor\/wp-content\/uploads\/2017\/08\/solano-150x150.jpg\" class=\"sow-image-grid-image_html\" alt=\"\" decoding=\"async\" loading=\"lazy\" title=\"\" srcset=\"https:\/\/flordeibez.org\/flor\/wp-content\/uploads\/2017\/08\/solano-150x150.jpg 150w, https:\/\/flordeibez.org\/flor\/wp-content\/uploads\/2017\/08\/solano-270x270.jpg 270w, https:\/\/flordeibez.org\/flor\/wp-content\/uploads\/2017\/08\/solano-230x230.jpg 230w\" sizes=\"(max-width: 150px) 100vw, 150px\" \/>\t\t\t\t\t\t\t\t\t\t\t<\/div>\n\t\t\t\t\t<div class=\"sow-image-grid-image\">\n\t\t\t\t\t\t\t\t\t\t\t\t<img width=\"150\" height=\"150\" src=\"https:\/\/flordeibez.org\/flor\/wp-content\/uploads\/2018\/11\/grupo_capinando-150x150.jpg\" class=\"sow-image-grid-image_html\" alt=\"\" decoding=\"async\" loading=\"lazy\" title=\"\" \/>\t\t\t\t\t\t\t\t\t\t\t<\/div>\n\t\t\t\t\t<div class=\"sow-image-grid-image\">\n\t\t\t\t\t\t\t\t\t\t\t\t<img width=\"150\" height=\"150\" src=\"https:\/\/flordeibez.org\/flor\/wp-content\/uploads\/2018\/11\/sementes-150x150.jpg\" class=\"sow-image-grid-image_html\" alt=\"\" decoding=\"async\" loading=\"lazy\" title=\"\" \/>\t\t\t\t\t\t\t\t\t\t\t<\/div>\n\t\t\t\t\t<div class=\"sow-image-grid-image\">\n\t\t\t\t\t\t\t\t\t\t\t\t<img width=\"150\" height=\"150\" src=\"https:\/\/flordeibez.org\/flor\/wp-content\/uploads\/2018\/11\/criancas-150x150.jpg\" class=\"sow-image-grid-image_html\" alt=\"\" decoding=\"async\" loading=\"lazy\" title=\"\" \/>\t\t\t\t\t\t\t\t\t\t\t<\/div>\n\t\t\t\t\t<div class=\"sow-image-grid-image\">\n\t\t\t\t\t\t\t\t\t\t\t\t<img width=\"150\" height=\"150\" src=\"https:\/\/flordeibez.org\/flor\/wp-content\/uploads\/2018\/11\/ipe_amarelo-150x150.jpg\" class=\"sow-image-grid-image_html\" alt=\"\" decoding=\"async\" loading=\"lazy\" title=\"\" \/>\t\t\t\t\t\t\t\t\t\t\t<\/div>\n\t\t\t<\/div>\n<\/div><\/div><\/div><\/div><\/div><div id=\"pg-2754-2\"  class=\"panel-grid panel-has-style\" ><div class=\"siteorigin-panels-stretch panel-row-style panel-row-style-for-2754-2\" data-stretch-type=\"full\" ><div id=\"pgc-2754-2-0\"  class=\"panel-grid-cell\" ><div id=\"panel-2754-2-0-0\" class=\"so-panel widget widget_text panel-first-child panel-last-child\" data-index=\"4\" ><div class=\"panel-widget-style panel-widget-style-for-2754-2-0-0\" >\t\t\t<div class=\"textwidget\"><p style=\"text-align: center; font-size: 26px; font-family: helvetica, arial, sans-serif; color: #8c8c8c;\"><b>inscri\u00e7\u00e3o \u2713<\/b><\/p>\n<p style=\"text-align: left; font-size: 16px; font-family: helvetica, arial, sans-serif; color: #6d6d6d; font-weight: bold;\">Antes de se inscrever, leia com aten\u00e7\u00e3o toda esta p\u00e1gina. Ela cont\u00e9m informa\u00e7\u00f5es necess\u00e1rias para participar com harmonia da vida em Flor de Ibez.<\/p>\n<p style=\"text-align: left; font-size: 16px; font-family: helvetica, arial, sans-serif; color: #8c8c8c; font-weight: bold;\">Escolha os dias para sua vinda. Para efetivar sua inscri\u00e7\u00e3o, preencha o <a href=\"https:\/\/goo.gl\/forms\/4C423NPNGwJ0DRmH2\" target=\"_blank\" rel=\"noopener\">formul\u00e1rio (clique)<\/a> e aguarde nossa resposta. Se for preciso, combinaremos um contato de voz, para esclarecimento de d\u00favidas.<\/p>\n<p style=\"text-align: left; font-size: 16px; font-family: helvetica, arial, sans-serif; color: #8c8c8c; font-weight: bold;\">Propomos no formul\u00e1rio um valor de troca como apoio para os gastos com alimenta\u00e7\u00e3o e despesas b\u00e1sicas. Caso n\u00e3o possa colaborar com o valor, avise-nos para estudarmos como viabilizar sua participa\u00e7\u00e3o.<\/p>\n<p style=\"text-align: left; font-size: 16px; font-family: helvetica, arial, sans-serif; color: #8c8c8c; font-weight: bold;\">Assim que confirmarmos a sua vinda, enviaremos indica\u00e7\u00f5es precisas sobre como chegar e o que trazer.<\/p>\n<\/div>\n\t\t<\/div><\/div><\/div><div id=\"pgc-2754-2-1\"  class=\"panel-grid-cell\" ><div id=\"panel-2754-2-1-0\" class=\"so-panel widget widget_text panel-first-child\" data-index=\"5\" ><div class=\"panel-widget-style panel-widget-style-for-2754-2-1-0\" >\t\t\t<div class=\"textwidget\"><p style=\"text-align: center; font-size: 26px; font-family: helvetica, arial, sans-serif; color: #8c8c8c;\"><b>hospedagem \u2713<\/b><\/p>\n<p style=\"text-align: left; font-size: 16px; font-family: helvetica, arial, sans-serif; color: #8c8c8c; font-weight: bold;\">Estamos localizados em uma \u00e1rea rural a aproximadamente 20km de Barra do Gar\u00e7as\/MT.<br \/>\nVoc\u00ea receber\u00e1 um roteiro detalhado, de como chegar, quando confirmar a sua vinda.<\/p>\n<\/div>\n\t\t<\/div><\/div><div id=\"panel-2754-2-1-1\" class=\"so-panel widget widget_media_image\" data-index=\"6\" ><div class=\"panel-widget-style panel-widget-style-for-2754-2-1-1\" ><img width=\"800\" height=\"303\" src=\"https:\/\/flordeibez.org\/flor\/wp-content\/uploads\/2018\/11\/barracas-800x303.jpg\" class=\"image wp-image-2768  attachment-medium size-medium\" alt=\"\" decoding=\"async\" loading=\"lazy\" style=\"max-width: 100%; height: auto;\" srcset=\"https:\/\/flordeibez.org\/flor\/wp-content\/uploads\/2018\/11\/barracas.jpg 800w, https:\/\/flordeibez.org\/flor\/wp-content\/uploads\/2018\/11\/barracas-768x291.jpg 768w\" sizes=\"(max-width: 800px) 100vw, 800px\" \/><\/div><\/div><div id=\"panel-2754-2-1-2\" class=\"so-panel widget widget_text panel-last-child\" data-index=\"7\" ><div class=\"panel-widget-style panel-widget-style-for-2754-2-1-2\" >\t\t\t<div class=\"textwidget\"><p style=\"text-align: left; font-size: 16px; font-family: helvetica, arial, sans-serif; color: #8c8c8c; font-weight: bold;\">A hospedagem \u00e9 em camping. Oferecemos ambiente harmonioso para alojar sua barraca. Nossos ambientes est\u00e3o adaptados para uso m\u00faltiplo, o que muitas vezes exige de todos flexibilidade e paci\u00eancia. Ainda assim, prezamos pela ordem e harmonia, tanto externas quanto internas.<\/p>\n<\/div>\n\t\t<\/div><\/div><\/div><\/div><\/div><div id=\"pg-2754-3\"  class=\"panel-grid panel-has-style\" ><div class=\"siteorigin-panels-stretch panel-row-style panel-row-style-for-2754-3\" data-stretch-type=\"full\" ><div id=\"pgc-2754-3-0\"  class=\"panel-grid-cell\" ><div id=\"panel-2754-3-0-0\" class=\"so-panel widget widget_text panel-first-child panel-last-child\" data-index=\"8\" ><div class=\"panel-widget-style panel-widget-style-for-2754-3-0-0\" >\t\t\t<div class=\"textwidget\"><p style=\"text-align: center; font-size: 26px; font-family: helvetica, arial, sans-serif; color: #8c8c8c;\"><b>termo de compromisso \u2713<\/b><\/p>\n<p style=\"text-align: left; font-size: 16px; font-family: helvetica, arial, sans-serif; color: #8c8c8c; font-weight: bold;\">Flor de Ibez n\u00e3o se responsabiliza por eventuais acidentes com equipamentos, ferramentas, escadas, andaimes, objetos cortantes em geral, picadas de insetos e animais pe\u00e7onhentos. Fica acordado ser de inteira responsabilidade do participante tomar as devidas precau\u00e7\u00f5es e usar o equipamento de prote\u00e7\u00e3o adequado. Quaisquer esclarecimentos que necessite, por favor contate-nos ( flordeibez@gmail.com )<\/p>\n<p style=\"text-align: left; font-size: 16px; font-family: helvetica, arial, sans-serif; color: #8c8c8c; font-weight: bold;\">Volunt\u00e1rios e visitantes, enquanto aqui estiverem, comprometem-se com nossa proposta de total abstin\u00eancia de \u00e1lcool, canabis, ayhuasca e outras plantas ente\u00f3genas ou qualquer tipo de droga.<\/p>\n<\/div>\n\t\t<\/div><\/div><\/div><div id=\"pgc-2754-3-1\"  class=\"panel-grid-cell\" ><div id=\"panel-2754-3-1-0\" class=\"so-panel widget widget_text panel-first-child panel-last-child\" data-index=\"9\" ><div class=\"panel-widget-style panel-widget-style-for-2754-3-1-0\" >\t\t\t<div class=\"textwidget\"><p style=\"text-align: center; font-size: 26px; font-family: helvetica, arial, sans-serif; color: #8c8c8c;\"><b>outros detalhes&#8230;<\/b><\/p>\n<p style=\"text-align: left; font-size: 16px; font-family: helvetica, arial, sans-serif; color: #8c8c8c; font-weight: bold;\">A internet existente na fazenda \u00e9 utilizada para o funcionamento b\u00e1sico de Flor de Ibez. Pela limita\u00e7\u00e3o do plano contratado, n\u00e3o temos condi\u00e7\u00f5es de disponibilizar o acesso aos que aqui se hospedam.<\/p>\n<p style=\"text-align: left; font-size: 16px; font-family: helvetica, arial, sans-serif; color: #8c8c8c; font-weight: bold;\">Para receber chamadas ou conectar-se, o sinal de celular na fazenda \u00e9 fraco ou inexistente. Para realizar chamadas \u00e9 poss\u00edvel deslocar-se at\u00e9 um ponto mais alto, onde se pode conseguir sinal das diferentes operadoras. Todavia, para facilitar a imers\u00e3o no voluntariado voc\u00ea \u00e9 convidad@ a organizar-se previamente, de modo a estar o mais liberado(a) poss\u00edvel da obrigatoriedade de contatos durante o per\u00edodo de sua estada.<\/p>\n<\/div>\n\t\t<\/div><\/div><\/div><\/div><\/div><div id=\"pg-2754-4\"  class=\"panel-grid panel-no-style\" ><div id=\"pgc-2754-4-0\"  class=\"panel-grid-cell\" ><div id=\"panel-2754-4-0-0\" class=\"so-panel widget widget_text panel-first-child panel-last-child\" data-index=\"10\" ><div class=\"panel-widget-style panel-widget-style-for-2754-4-0-0\" >\t\t\t<div class=\"textwidget\"><p style=\"text-align: center; font-size: 26px; font-family: helvetica, arial, sans-serif; color: #8c8c8c;\"><b>transfer\u00eancia ou dep\u00f3sito banc\u00e1rio \u2713<\/b><\/p>\n<p style=\"color: #8c8c8c; font-size: 16px; font-family: helvetica, arial, sans-serif; margin-left: 20%;\"><b>Flor de Ibez &#8212; Instituto de Vida Integral<\/b><br \/>\nBanco 237 &#8211; Bradesco<br \/>\nAg\u00eancia 3292-1 \u00a0 CC 6751-2<br \/>\nCNPJ 27.233.268\/0001-20<\/p>\n<p style=\"text-align: left; font-size: 16px; font-family: helvetica, arial, sans-serif; color: #8c8c8c; font-weight: bold;\">Vivemos de doa\u00e7\u00f5es espont\u00e2neas. Agradecemos sua colabora\u00e7\u00e3o, pois ser\u00e1 importante para a manuten\u00e7\u00e3o do dia-a-dia e a evolu\u00e7\u00e3o dos projetos.<\/p>\n<\/div>\n\t\t<\/div><\/div><\/div><div id=\"pgc-2754-4-1\"  class=\"panel-grid-cell\" ><div id=\"panel-2754-4-1-0\" class=\"so-panel widget widget_text panel-first-child panel-last-child\" data-index=\"11\" ><div class=\"panel-widget-style panel-widget-style-for-2754-4-1-0\" >\t\t\t<div class=\"textwidget\"><p style=\"text-align: right; font-size: 23px; font-family: helvetica, arial, sans-serif; color: #8c8c8c; line-height: 230%;\">agrofloresta \u00b7 bioconstru\u00e7\u00e3o \u00b7 permacultura \u00b7 alimenta\u00e7\u00e3o vegana consciente \u00b7 yoga \u00b7 amor aos reinos \u00b7 pr\u00e1ticas sustent\u00e1veis \u00b7 estudos \u00b7 medita\u00e7\u00e3o \u00b7 sil\u00eancio \u00b7 contempla\u00e7\u00e3o \u00b7 vida grupal evolutiva<\/p>\n<\/div>\n\t\t<\/div><\/div><\/div><\/div><div id=\"pg-2754-5\"  class=\"panel-grid panel-has-style\" ><div class=\"siteorigin-panels-stretch panel-row-style panel-row-style-for-2754-5\" data-stretch-type=\"full-stretched\" ><div id=\"pgc-2754-5-0\"  class=\"panel-grid-cell\" ><div id=\"panel-2754-5-0-0\" class=\"so-panel widget widget_media_image panel-first-child panel-last-child\" data-index=\"12\" ><img width=\"1280\" height=\"281\" src=\"https:\/\/flordeibez.org\/flor\/wp-content\/uploads\/2018\/11\/nascer-do-sol.jpg\" class=\"image wp-image-2793  attachment-full size-full\" alt=\"\" decoding=\"async\" loading=\"lazy\" style=\"max-width: 100%; height: auto;\" srcset=\"https:\/\/flordeibez.org\/flor\/wp-content\/uploads\/2018\/11\/nascer-do-sol.jpg 1280w, https:\/\/flordeibez.org\/flor\/wp-content\/uploads\/2018\/11\/nascer-do-sol-800x176.jpg 800w, https:\/\/flordeibez.org\/flor\/wp-content\/uploads\/2018\/11\/nascer-do-sol-768x169.jpg 768w\" sizes=\"(max-width: 1280px) 100vw, 1280px\" \/><\/div><\/div><\/div><\/div><div id=\"pg-2754-6\"  class=\"panel-grid panel-has-style\" ><div class=\"siteorigin-panels-stretch panel-row-style panel-row-style-for-2754-6\" data-stretch-type=\"full-stretched\" ><div id=\"pgc-2754-6-0\"  class=\"panel-grid-cell\" ><div id=\"panel-2754-6-0-0\" class=\"so-panel widget widget_text panel-first-child panel-last-child\" data-index=\"13\" ><div class=\"panel-widget-style panel-widget-style-for-2754-6-0-0\" >\t\t\t<div class=\"textwidget\"><p style=\"text-align: center; font-size: 16px; font-family: helvetica, arial, sans-serif; color: #decd87;\">e-mail flordeibez@gmail.com<br \/>\nwhats app +55 66 9 9673-7893<br \/>\nfacebook Flor de Ibez<\/p>\n<p><\/&#038;nbsp><br \/>\n<\/&#038;nbsp><br \/>\n<\/&#038;nbsp><\/p>\n<p style=\"text-align: center; font-size: 16px; font-family: helvetica, arial, sans-serif; color: #fff;\"><b>Paz a todos os seres!<\/b><\/p>\n<\/div>\n\t\t<\/div><\/div><\/div><\/div><\/div><\/div>","protected":false},"excerpt":{"rendered":"<p>Viv\u00eancia integral informa\u00e7\u00f5es gerais &#8220;\u00c9 dentro de n\u00f3s que a Realidade deve ser encontrada e a fonte e funda\u00e7\u00e3o de uma vida aperfei\u00e7oada, nenhuma forma\u00e7\u00e3o exterior pode substitu\u00ed-la: deve haver o verdadeiro si dentro se \u00e9 para haver a verdadeira vida realizada no mundo e na Natureza.&#8221; Sri Aurobindo em flor de ibez A nossa [&hellip;]<\/p>\n","protected":false},"author":2,"featured_media":0,"parent":0,"menu_order":0,"comment_status":"closed","ping_status":"closed","template":"","meta":[],"_links":{"self":[{"href":"https:\/\/flordeibez.org\/flor\/wp-json\/wp\/v2\/pages\/2754"}],"collection":[{"href":"https:\/\/flordeibez.org\/flor\/wp-json\/wp\/v2\/pages"}],"about":[{"href":"https:\/\/flordeibez.org\/flor\/wp-json\/wp\/v2\/types\/page"}],"author":[{"embeddable":true,"href":"https:\/\/flordeibez.org\/flor\/wp-json\/wp\/v2\/users\/2"}],"replies":[{"embeddable":true,"href":"https:\/\/flordeibez.org\/flor\/wp-json\/wp\/v2\/comments?post=2754"}],"version-history":[{"count":59,"href":"https:\/\/flordeibez.org\/flor\/wp-json\/wp\/v2\/pages\/2754\/revisions"}],"predecessor-version":[{"id":4437,"href":"https:\/\/flordeibez.org\/flor\/wp-json\/wp\/v2\/pages\/2754\/revisions\/4437"}],"wp:attachment":[{"href":"https:\/\/flordeibez.org\/flor\/wp-json\/wp\/v2\/media?parent=2754"}],"curies":[{"name":"wp","href":"https:\/\/api.w.org\/{rel}","templated":true}]}}