{"id":2581,"date":"2018-11-23T00:13:10","date_gmt":"2018-11-23T02:13:10","guid":{"rendered":"http:\/\/flordeibez.org\/flor\/?page_id=2581"},"modified":"2018-11-30T17:42:53","modified_gmt":"2018-11-30T19:42:53","slug":"emergencial-heitor-o-trator","status":"publish","type":"page","link":"https:\/\/flordeibez.org\/flor\/emergencial-heitor-o-trator\/","title":{"rendered":"Campanha rel\u00e2mpago HEITOR &#8211; o trator!"},"content":{"rendered":"<div id=\"pl-2581\"  class=\"panel-layout\" ><div id=\"pg-2581-0\"  class=\"panel-grid panel-has-style\" ><div class=\"siteorigin-panels-stretch panel-row-style panel-row-style-for-2581-0\" data-stretch-type=\"full-stretched\" ><div id=\"pgc-2581-0-0\"  class=\"panel-grid-cell\" ><div id=\"panel-2581-0-0-0\" class=\"so-panel widget widget_sow-editor panel-first-child panel-last-child\" data-index=\"0\" ><div class=\"panel-widget-style panel-widget-style-for-2581-0-0-0\" ><div\n\t\t\t\n\t\t\tclass=\"so-widget-sow-editor so-widget-sow-editor-base\"\n\t\t\t\n\t\t>\n<div class=\"siteorigin-widget-tinymce textwidget\">\n\t<p style=\"text-align: left; font-size: 37px; font-family: helvetica, arial, sans-serif; color: #fff;\"><b>Estamos<br \/>\nde volta<br \/>\ncom Heitor<br \/>\n- o trator ...<\/b><\/p>\n<\/div>\n<\/div><\/div><\/div><\/div><\/div><\/div><div id=\"pg-2581-1\"  class=\"panel-grid panel-no-style\" ><div id=\"pgc-2581-1-0\"  class=\"panel-grid-cell\" ><div id=\"panel-2581-1-0-0\" class=\"so-panel widget widget_text panel-first-child panel-last-child\" data-index=\"1\" ><div class=\"panel-widget-style panel-widget-style-for-2581-1-0-0\" >\t\t\t<div class=\"textwidget\"><p style=\"text-align: left; font-size: 27px; font-family: helvetica, arial, sans-serif; color: #5b4900;\"><strong>Ap\u00f3s iniciar os trabalhos no campo,<\/strong> Heitor &#8211; o trator &#8211; sofreu uma pane na embreagem que danificou v\u00e1rias pe\u00e7as &#8230;<\/p>\n<\/div>\n\t\t<\/div><\/div><\/div><\/div><div id=\"pg-2581-2\"  class=\"panel-grid panel-no-style\" ><div id=\"pgc-2581-2-0\"  class=\"panel-grid-cell\" ><div id=\"panel-2581-2-0-0\" class=\"so-panel widget widget_media_image panel-first-child panel-last-child\" data-index=\"2\" ><img width=\"640\" height=\"480\" src=\"https:\/\/flordeibez.org\/flor\/wp-content\/uploads\/2018\/11\/canico_heitor.jpg\" class=\"image wp-image-2587  attachment-full size-full\" alt=\"\" decoding=\"async\" loading=\"lazy\" style=\"max-width: 100%; height: auto;\" \/><\/div><\/div><div id=\"pgc-2581-2-1\"  class=\"panel-grid-cell\" ><div id=\"panel-2581-2-1-0\" class=\"so-panel widget widget_text panel-first-child panel-last-child\" data-index=\"3\" ><div class=\"panel-widget-style panel-widget-style-for-2581-2-1-0\" >\t\t\t<div class=\"textwidget\"><p style=\"text-align: left; font-size: 23px; font-family: helvetica, arial, sans-serif; color: #5b4900;\">Rec\u00e9m-sa\u00eddo de uma reforma importante, para a qual contamos com a ajuda de muitos amigos, <b>Heitor<\/b> teve que interromper seus trabalhos. A embreagem n\u00e3o foi tratada na reforma geral, porque na ocasi\u00e3o n\u00e3o era necess\u00e1rio &#8230;<\/p>\n<\/div>\n\t\t<\/div><\/div><\/div><\/div><div id=\"pg-2581-3\"  class=\"panel-grid panel-has-style\" ><div class=\"siteorigin-panels-stretch panel-row-style panel-row-style-for-2581-3\" data-stretch-type=\"full\" ><div id=\"pgc-2581-3-0\"  class=\"panel-grid-cell panel-grid-cell-empty\" ><\/div><div id=\"pgc-2581-3-1\"  class=\"panel-grid-cell\" ><div id=\"panel-2581-3-1-0\" class=\"so-panel widget widget_text panel-first-child panel-last-child\" data-index=\"4\" ><div class=\"panel-widget-style panel-widget-style-for-2581-3-1-0\" >\t\t\t<div class=\"textwidget\"><p style=\"text-align: left; font-size: 23px; font-family: helvetica, arial, sans-serif; color: #decd87; line-height: 230%;\">Agora temos que prestar esse pronto atendimento, emergencial, para que nos seja poss\u00edvel consertar o Heitor e prosseguir com a implanta\u00e7\u00e3o de novas parcelas agroflorestais, o que deve estar sincronizado com as chuvas que j\u00e1 chegaram.<\/p>\n<\/div>\n\t\t<\/div><\/div><\/div><\/div><\/div><div id=\"pg-2581-4\"  class=\"panel-grid panel-no-style\" ><div id=\"pgc-2581-4-0\"  class=\"panel-grid-cell\" ><div id=\"panel-2581-4-0-0\" class=\"so-panel widget widget_text panel-first-child panel-last-child\" data-index=\"5\" ><div class=\"panel-widget-style panel-widget-style-for-2581-4-0-0\" >\t\t\t<div class=\"textwidget\"><p style=\"text-align: left; font-size: 27px; font-family: helvetica, arial, sans-serif; color: #5b4900; line-height: 230%;\">Para isso lan\u00e7amos essa <b>campanha rel\u00e2mpago<\/b> com a proposta de levantar os recursos para esse conserto.<\/p>\n<\/div>\n\t\t<\/div><\/div><\/div><\/div><div id=\"pg-2581-5\"  class=\"panel-grid panel-no-style\" ><div id=\"pgc-2581-5-0\"  class=\"panel-grid-cell\" ><div id=\"panel-2581-5-0-0\" class=\"so-panel widget widget_text panel-first-child panel-last-child\" data-index=\"6\" ><div class=\"panel-widget-style panel-widget-style-for-2581-5-0-0\" >\t\t\t<div class=\"textwidget\"><p style=\"text-align: left; font-size: 26px; font-family: helvetica, arial, sans-serif; color: #2b1100; background-color: #f9c939;\"><b>\u00a0 \u00a0 \u00a0 \u00a0 Or\u00e7amento<\/b><\/p>\n<p style=\"text-align: left; font-size: 17px; font-family: helvetica, arial, sans-serif; color: #2b1100;\">Atualizado em 22.11.2018<\/p>\n<p style=\"text-align: left; font-size: 17px; font-family: helvetica, arial, sans-serif; color: #d14c00;\">Conserto emergencial<br \/>\n<span style=\"font-size: 15px; color: #2b1100;\">Troca: plat\u00f4 de embreagem, luva do eixo de embreagem, rolamento. Tamb\u00e9m a caixa completa do filtro de ar, que era uma pend\u00eancia importante a ser resolvida.<\/span><\/p>\n<ul style=\"font-size: 17px; font-family: helvetica, arial, sans-serif; color: #2b1100;\">\n<li>Frete e servi\u00e7os, incluindo duas viagens at\u00e9 a fazenda: <b>R$ 875,83<\/b><\/li>\n<li>Pe\u00e7as para reposi\u00e7\u00e3o: <b>R$ 724,17<\/b><\/li>\n<li><span style=\"background-color: #ffcc00;\">Total: <b>R$1.600,00<\/b><\/span><br \/>\n<span style=\"font-size: 15px;\"><b>Acompanhe ao lado o term\u00f4metro do andamento do projeto!<\/b><\/span><\/li>\n<\/ul>\n<\/div>\n\t\t<\/div><\/div><\/div><div id=\"pgc-2581-5-1\"  class=\"panel-grid-cell\" ><div id=\"panel-2581-5-1-0\" class=\"so-panel widget widget_text panel-first-child panel-last-child\" data-index=\"7\" ><div class=\"panel-widget-style panel-widget-style-for-2581-5-1-0\" >\t\t\t<div class=\"textwidget\"><p style=\"text-align: left; font-size: 23px; font-family: helvetica, arial, sans-serif; color: #d14c00;\"><b>Vamos contribuir!<\/b><\/p>\n<p style=\"text-align: left; font-size: 16px; font-family: helvetica, arial, sans-serif; color: #2b1100;\"><b>Qualquer valor \u00e9 bem-vindo!<\/b><\/p>\n<p style=\"text-align: left; font-size: 16px; font-family: helvetica, arial, sans-serif; color: #d14c00;\">Conserto emergencial<\/p>\n<div class=\"wptime-plugin-progress-wrap\" style=\"max-width:100%;background:#fff6d5;margin-bottom:20px;\"><div class=\"wptime-plugin-progress-bar\" style=\"background:#55d400;width:100%;\"><\/div><span style=\"color:#2b1100;\">100%<\/span><\/div>\n<\/div>\n\t\t<\/div><\/div><\/div><\/div><div id=\"pg-2581-6\"  class=\"panel-grid panel-has-style\" ><div class=\"panel-row-style panel-row-style-for-2581-6\" ><div id=\"pgc-2581-6-0\"  class=\"panel-grid-cell\" ><div id=\"panel-2581-6-0-0\" class=\"so-panel widget widget_media_image panel-first-child panel-last-child\" data-index=\"8\" ><img width=\"816\" height=\"276\" src=\"https:\/\/flordeibez.org\/flor\/wp-content\/uploads\/2018\/11\/orcamento_embreagem.png\" class=\"image wp-image-2588  attachment-full size-full\" alt=\"\" decoding=\"async\" loading=\"lazy\" style=\"max-width: 100%; height: auto;\" srcset=\"https:\/\/flordeibez.org\/flor\/wp-content\/uploads\/2018\/11\/orcamento_embreagem.png 816w, https:\/\/flordeibez.org\/flor\/wp-content\/uploads\/2018\/11\/orcamento_embreagem-800x271.png 800w, https:\/\/flordeibez.org\/flor\/wp-content\/uploads\/2018\/11\/orcamento_embreagem-768x260.png 768w\" sizes=\"(max-width: 816px) 100vw, 816px\" \/><\/div><\/div><\/div><\/div><div id=\"pg-2581-7\"  class=\"panel-grid panel-has-style\" ><div class=\"panel-row-style panel-row-style-for-2581-7\" ><div id=\"pgc-2581-7-0\"  class=\"panel-grid-cell\" ><div id=\"panel-2581-7-0-0\" class=\"widget_text so-panel widget widget_custom_html panel-first-child panel-last-child\" data-index=\"9\" ><div class=\"textwidget custom-html-widget\"><a name=\"donation\"><\/a><p style=\"text-align: center; font-size: 21px; font-family: helvetica, arial, sans-serif; color: #d14c00;\"><b>Para transfer\u00eancia ou dep\u00f3sito banc\u00e1rio<\/b><\/p><\/div><\/div><\/div><\/div><\/div><div id=\"pg-2581-8\"  class=\"panel-grid panel-no-style\" ><div id=\"pgc-2581-8-0\"  class=\"panel-grid-cell\" ><div id=\"panel-2581-8-0-0\" class=\"so-panel widget widget_text panel-first-child panel-last-child\" data-index=\"10\" ><div class=\"panel-widget-style panel-widget-style-for-2581-8-0-0\" >\t\t\t<div class=\"textwidget\"><p style=\"color: #2b1100; font-size: 16px; font-family: helvetica, arial, sans-serif;\">Quando poss\u00edvel,\u00a0<b>efetue sua colabora\u00e7\u00e3o por meio de uma transfer\u00eancia ou de um dep\u00f3sito banc\u00e1rio<\/b>.<\/p>\n<p style=\"color: #5b4900; font-size: 14px; font-family: helvetica, arial, sans-serif; margin-left: 9%;\"><b>Flor de Ibez &#8212; Instituto de Vida Integral<br \/>\nBanco 237 &#8211; Bradesco<br \/>\nAg\u00eancia 3292-1 \u00a0 CC 6751-2<br \/>\nCNPJ 27.233.268\/0001-20<\/b><\/p>\n<p style=\"color: #2b1100; font-size: 14px; font-family: helvetica, arial, sans-serif;\"><b>Envios com termina\u00e7\u00e3o R$5,00<\/b> (como R$35,00 R$55,00 R$205,00 etc) identificam valores destinados para este projeto <b>HEITOR &#8211; o trator!<\/b>. Caso deposite sem essa termina\u00e7\u00e3o, por favor avise-nos, para que possamos identificar o seu dep\u00f3sito.<\/p>\n<p style=\"color: #5b4900; font-size: 14px; font-family: helvetica, arial, sans-serif;\"><b> Para que possamos mant\u00ea-l@ informad@ do andamento desse e de outros projetos, por favor anote seus dados nos campos ao lado!<\/b><br \/>\nPara utilizar o PagSeguro, veja link abaixo.<\/p>\n<\/div>\n\t\t<\/div><\/div><\/div><div id=\"pgc-2581-8-1\"  class=\"panel-grid-cell\" ><div id=\"panel-2581-8-1-0\" class=\"widget_text so-panel widget widget_custom_html panel-first-child panel-last-child\" data-index=\"11\" ><div class=\"widget_text panel-widget-style panel-widget-style-for-2581-8-1-0\" ><div class=\"textwidget custom-html-widget\">\n<div class=\"wpcf7 no-js\" id=\"wpcf7-f2382-o1\" lang=\"pt-BR\" dir=\"ltr\">\n<div class=\"screen-reader-response\"><p role=\"status\" aria-live=\"polite\" aria-atomic=\"true\"><\/p> <ul><\/ul><\/div>\n<form action=\"\/flor\/wp-json\/wp\/v2\/pages\/2581#wpcf7-f2382-o1\" method=\"post\" class=\"wpcf7-form init\" aria-label=\"Formul\u00e1rios de contato\" novalidate=\"novalidate\" data-status=\"init\">\n<div style=\"display: none;\">\n<input type=\"hidden\" name=\"_wpcf7\" value=\"2382\" \/>\n<input type=\"hidden\" name=\"_wpcf7_version\" value=\"5.7.4\" \/>\n<input type=\"hidden\" name=\"_wpcf7_locale\" value=\"pt_BR\" \/>\n<input type=\"hidden\" name=\"_wpcf7_unit_tag\" value=\"wpcf7-f2382-o1\" \/>\n<input type=\"hidden\" name=\"_wpcf7_container_post\" value=\"0\" \/>\n<input type=\"hidden\" name=\"_wpcf7_posted_data_hash\" value=\"\" \/>\n<\/div>\n<p style=\"text-align: left; font-size: 16px; font-family: helvetica, arial, sans-serif; color: #2b1100;\"><b>Cadastro amigo<\/b>\n<\/p>\n<p><span style=\"text-align: left; font-size: 14px; font-family: helvetica, arial, sans-serif; color: #5b4900;\"><label><b>Meu nome completo*<\/b><br \/>\n<span class=\"wpcf7-form-control-wrap\" data-name=\"d-name\"><input size=\"40\" class=\"wpcf7-form-control wpcf7-text wpcf7-validates-as-required\" aria-required=\"true\" aria-invalid=\"false\" value=\"\" type=\"text\" name=\"d-name\" \/><\/span> <\/label><\/span>\n<\/p>\n<p><span style=\"text-align: left; font-size: 14px; font-family: helvetica, arial, sans-serif; color: #5b4900;\"><label><b>Como costumam chamar-me...*<\/b><br \/>\n<span class=\"wpcf7-form-control-wrap\" data-name=\"d-name2\"><input size=\"40\" class=\"wpcf7-form-control wpcf7-text wpcf7-validates-as-required\" aria-required=\"true\" aria-invalid=\"false\" value=\"\" type=\"text\" name=\"d-name2\" \/><\/span> <\/label><\/span>\n<\/p>\n<p><span style=\"text-align: left; font-size: 14px; font-family: helvetica, arial, sans-serif; color: #5b4900;\"><label><b>E-mail*<\/b><br \/>\n<span class=\"wpcf7-form-control-wrap\" data-name=\"d-email\"><input size=\"40\" class=\"wpcf7-form-control wpcf7-text wpcf7-email wpcf7-validates-as-required wpcf7-validates-as-email\" aria-required=\"true\" aria-invalid=\"false\" value=\"\" type=\"email\" name=\"d-email\" \/><\/span> <\/label><\/span>\n<\/p>\n<p><span style=\"text-align: left; font-size: 14px; font-family: helvetica, arial, sans-serif; color: #5b4900;\"><label><b>Facebook<\/b><br \/>\n<span class=\"wpcf7-form-control-wrap\" data-name=\"d-faceb\"><input size=\"40\" class=\"wpcf7-form-control wpcf7-text\" aria-invalid=\"false\" value=\"\" type=\"text\" name=\"d-faceb\" \/><\/span> <\/label><\/span>\n<\/p>\n<p><span style=\"text-align: left; font-size: 14px; font-family: helvetica, arial, sans-serif; color: #5b4900;\"><label><b>Valor da doa\u00e7\u00e3o*<\/b><br \/>\n<span class=\"wpcf7-form-control-wrap\" data-name=\"d-donation\"><input size=\"40\" class=\"wpcf7-form-control wpcf7-text wpcf7-validates-as-required\" aria-required=\"true\" aria-invalid=\"false\" value=\"\" type=\"text\" name=\"d-donation\" \/><\/span> <\/label><\/span>\n<\/p>\n<p><span style=\"text-align: left; font-size: 14px; font-family: helvetica, arial, sans-serif; color: #5b4900;\"><label><b>Alguma observa\u00e7\u00e3o?<\/b><br \/>\n<span class=\"wpcf7-form-control-wrap\" data-name=\"d-note\"><input size=\"40\" class=\"wpcf7-form-control wpcf7-text\" aria-invalid=\"false\" value=\"\" type=\"text\" name=\"d-note\" \/><\/span> <\/label><\/span>\n<\/p>\n<p><span style=\"text-align: left; font-size: 14px; font-family: helvetica, arial, sans-serif; color: #5b4900;\"><label><b>Data*<\/b><br \/>\n<span class=\"wpcf7-form-control-wrap\" data-name=\"date-303\"><input class=\"wpcf7-form-control wpcf7-date wpcf7-validates-as-required wpcf7-validates-as-date\" aria-required=\"true\" aria-invalid=\"false\" value=\"\" type=\"date\" name=\"date-303\" \/><\/span> <\/label><\/span>\n<\/p>\n<p><input class=\"wpcf7-form-control has-spinner wpcf7-submit\" type=\"submit\" value=\"ENVIAR\" \/>\n<\/p><div class=\"wpcf7-response-output\" aria-hidden=\"true\"><\/div>\n<\/form>\n<\/div>\n<\/div><\/div><\/div><\/div><\/div><div id=\"pg-2581-9\"  class=\"panel-grid panel-has-style\" ><div class=\"panel-row-style panel-row-style-for-2581-9\" ><div id=\"pgc-2581-9-0\"  class=\"panel-grid-cell\" ><div id=\"panel-2581-9-0-0\" class=\"widget_text so-panel widget widget_custom_html panel-first-child panel-last-child\" data-index=\"12\" ><div class=\"widget_text panel-widget-style panel-widget-style-for-2581-9-0-0\" ><div class=\"textwidget custom-html-widget\"><p style=\"text-align: left; font-size: 16px; font-family: helvetica, arial, sans-serif; color: #d14c00;\"><b>Para contribuir pelo PagSeguro<\/b><\/p>\n\n<!-- INICIO FORMULARIO BOTAO PAGSEGURO -->\n<form action=\"https:\/\/pagseguro.uol.com.br\/checkout\/v2\/donation.html\" method=\"post\">\n<!-- N\u00c3O EDITE OS COMANDOS DAS LINHAS ABAIXO -->\n<input type=\"hidden\" name=\"currency\" value=\"BRL\" \/>\n<input type=\"hidden\" name=\"receiverEmail\" value=\"contato@flordeibez.org\" \/>\n<input type=\"hidden\" name=\"iot\" value=\"button\" \/>\n<input type=\"image\" src=\"https:\/\/stc.pagseguro.uol.com.br\/public\/img\/botoes\/doacoes\/209x48-doar-assina.gif\" name=\"submit\" alt=\"Pague com PagSeguro - \u00e9 r\u00e1pido, gr\u00e1tis e seguro!\"\/>\n<\/form>\n<!-- FINAL FORMULARIO BOTAO PAGSEGURO --><\/div><\/div><\/div><\/div><\/div><\/div><div id=\"pg-2581-10\"  class=\"panel-grid panel-has-style\" ><div class=\"panel-row-style panel-row-style-for-2581-10\" ><div id=\"pgc-2581-10-0\"  class=\"panel-grid-cell\" ><div id=\"panel-2581-10-0-0\" class=\"so-panel widget widget_text panel-first-child panel-last-child\" data-index=\"13\" ><div class=\"panel-widget-style panel-widget-style-for-2581-10-0-0\" >\t\t\t<div class=\"textwidget\"><p style=\"text-align: left; font-size: 21px; font-family: helvetica, arial, sans-serif; color: #553322;\"><b>Quer falar conosco?<\/b><\/p>\n<\/div>\n\t\t<\/div><\/div><\/div><div id=\"pgc-2581-10-1\"  class=\"panel-grid-cell panel-grid-cell-empty\" ><\/div><div id=\"pgc-2581-10-2\"  class=\"panel-grid-cell\" ><div id=\"panel-2581-10-2-0\" class=\"so-panel widget widget_text panel-first-child panel-last-child\" data-index=\"14\" ><div class=\"panel-widget-style panel-widget-style-for-2581-10-2-0\" >\t\t\t<div class=\"textwidget\"><p style=\"text-align: left; font-size: 21px; font-family: helvetica, arial, sans-serif; color: #553322;\"><b>Acompanhe nossa p\u00e1gina!<\/b><\/p>\n<\/div>\n\t\t<\/div><\/div><\/div><\/div><\/div><div id=\"pg-2581-11\"  class=\"panel-grid panel-has-style\" ><div class=\"panel-row-style panel-row-style-for-2581-11\" ><div id=\"pgc-2581-11-0\"  class=\"panel-grid-cell\" ><div id=\"panel-2581-11-0-0\" class=\"widget_text so-panel widget widget_custom_html panel-first-child panel-last-child\" data-index=\"15\" ><div class=\"widget_text panel-widget-style panel-widget-style-for-2581-11-0-0\" ><div class=\"textwidget custom-html-widget\">\n<div class=\"wpcf7 no-js\" id=\"wpcf7-f2383-o2\" lang=\"pt-BR\" dir=\"ltr\">\n<div class=\"screen-reader-response\"><p role=\"status\" aria-live=\"polite\" aria-atomic=\"true\"><\/p> <ul><\/ul><\/div>\n<form action=\"\/flor\/wp-json\/wp\/v2\/pages\/2581#wpcf7-f2383-o2\" method=\"post\" class=\"wpcf7-form init\" aria-label=\"Formul\u00e1rios de contato\" novalidate=\"novalidate\" data-status=\"init\">\n<div style=\"display: none;\">\n<input type=\"hidden\" name=\"_wpcf7\" value=\"2383\" \/>\n<input type=\"hidden\" name=\"_wpcf7_version\" value=\"5.7.4\" \/>\n<input type=\"hidden\" name=\"_wpcf7_locale\" value=\"pt_BR\" \/>\n<input type=\"hidden\" name=\"_wpcf7_unit_tag\" value=\"wpcf7-f2383-o2\" \/>\n<input type=\"hidden\" name=\"_wpcf7_container_post\" value=\"0\" \/>\n<input type=\"hidden\" name=\"_wpcf7_posted_data_hash\" value=\"\" \/>\n<\/div>\n<p><span style=\"text-align: left; font-size: 14px; font-family: helvetica, arial, sans-serif; color: #5b4900;\"><label><b>Meu nome completo*<\/b><br \/>\n<span class=\"wpcf7-form-control-wrap\" data-name=\"d-name\"><input size=\"40\" class=\"wpcf7-form-control wpcf7-text wpcf7-validates-as-required\" aria-required=\"true\" aria-invalid=\"false\" value=\"\" type=\"text\" name=\"d-name\" \/><\/span> <\/label><\/span>\n<\/p>\n<p><span style=\"text-align: left; font-size: 14px; font-family: helvetica, arial, sans-serif; color: #5b4900;\"><label><b>Como costumam chamar-me...*<\/b><br \/>\n<span class=\"wpcf7-form-control-wrap\" data-name=\"d-name2\"><input size=\"40\" class=\"wpcf7-form-control wpcf7-text wpcf7-validates-as-required\" aria-required=\"true\" aria-invalid=\"false\" value=\"\" type=\"text\" name=\"d-name2\" \/><\/span> <\/label><\/span>\n<\/p>\n<p><span style=\"text-align: left; font-size: 14px; font-family: helvetica, arial, sans-serif; color: #5b4900;\"><label><b>E-mail*<\/b><br \/>\n<span class=\"wpcf7-form-control-wrap\" data-name=\"d-email\"><input size=\"40\" class=\"wpcf7-form-control wpcf7-text wpcf7-email wpcf7-validates-as-required wpcf7-validates-as-email\" aria-required=\"true\" aria-invalid=\"false\" value=\"\" type=\"email\" name=\"d-email\" \/><\/span> <\/label><\/span>\n<\/p>\n<p><span style=\"text-align: left; font-size: 14px; font-family: helvetica, arial, sans-serif; color: #5b4900;\"><label><b>Facebook<\/b><br \/>\n<span class=\"wpcf7-form-control-wrap\" data-name=\"d-faceb\"><input size=\"40\" class=\"wpcf7-form-control wpcf7-text\" aria-invalid=\"false\" value=\"\" type=\"text\" name=\"d-faceb\" \/><\/span> <\/label><\/span>\n<\/p>\n<p><span style=\"text-align: left; font-size: 14px; font-family: helvetica, arial, sans-serif; color: #5b4900;\"><label><b>Assunto*<\/b><br \/>\n<span class=\"wpcf7-form-control-wrap\" data-name=\"d-subject\"><input size=\"40\" class=\"wpcf7-form-control wpcf7-text wpcf7-validates-as-required\" aria-required=\"true\" aria-invalid=\"false\" value=\"\" type=\"text\" name=\"d-subject\" \/><\/span> <\/label><\/span>\n<\/p>\n<p><span style=\"text-align: left; font-size: 14px; font-family: helvetica, arial, sans-serif; color: #5b4900;\"><label><b>Mensagem*<\/b><br \/>\n<span class=\"wpcf7-form-control-wrap\" data-name=\"textarea-930\"><textarea cols=\"40\" rows=\"10\" class=\"wpcf7-form-control wpcf7-textarea wpcf7-validates-as-required\" aria-required=\"true\" aria-invalid=\"false\" placeholder=\"Anote aqui sua mensagem!\" name=\"textarea-930\"><\/textarea><\/span> <\/label><\/span>\n<\/p>\n<p><input class=\"wpcf7-form-control has-spinner wpcf7-submit\" type=\"submit\" value=\"ENVIAR\" \/>\n<\/p><div class=\"wpcf7-response-output\" aria-hidden=\"true\"><\/div>\n<\/form>\n<\/div>\n<\/div><\/div><\/div><\/div><div id=\"pgc-2581-11-1\"  class=\"panel-grid-cell panel-grid-cell-empty\" ><\/div><div id=\"pgc-2581-11-2\"  class=\"panel-grid-cell\" ><div id=\"panel-2581-11-2-0\" class=\"so-panel widget widget_vifbfanbox_widget_class widget_FacebookLikeBox panel-first-child panel-last-child\" data-index=\"16\" ><div id=\"fb-root\"><\/div>\n\t\t<script>(function(d, s, id) {\n\t\tvar js, fjs = d.getElementsByTagName(s)[0];\n\t\tif (d.getElementById(id)) return;\n\t\tjs = d.createElement(s); js.id = id;\n\t\tjs.src = \"\/\/connect.facebook.net\/pt_BR\/all.js#xfbml=1&appId=Flor de Ibez\";fjs.parentNode.insertBefore(js, fjs);}(document, 'script', 'facebook-jssdk'));<\/script><fb:like-box href=\"https:\/\/www.facebook.com\/flordeibez\/\" style=\"border:2px solid #ffffff\"  width=\"420\" show_faces=\"true\" border_color=\"yes\" stream=\"true\" header=\"true\" data-colorscheme=\"light\" data-show-border=\"yes\"><\/fb:like-box><\/div><\/div><\/div><\/div><div id=\"pg-2581-12\"  class=\"panel-grid panel-has-style\" ><div class=\"siteorigin-panels-stretch panel-row-style panel-row-style-for-2581-12\" data-stretch-type=\"full-stretched\" ><div id=\"pgc-2581-12-0\"  class=\"panel-grid-cell\" ><div id=\"panel-2581-12-0-0\" class=\"so-panel widget widget_text panel-first-child panel-last-child\" data-index=\"17\" ><div class=\"panel-widget-style panel-widget-style-for-2581-12-0-0\" >\t\t\t<div class=\"textwidget\"><p style=\"text-align: center; font-size: 16px; font-family: helvetica, arial, sans-serif; color: #decd87;\">e-mail flordeibez@gmail.com<br \/>\nwhats app +55 66 9 9673-7893<br \/>\nfacebook Flor de Ibez<\/p>\n<p><\/&#038;nbsp><br \/>\n<\/&#038;nbsp><br \/>\n<\/&#038;nbsp><\/p>\n<p style=\"text-align: center; font-size: 16px; font-family: helvetica, arial, sans-serif; color: #fff;\"><b>Paz a todos os seres!<\/b><\/p>\n<\/div>\n\t\t<\/div><\/div><\/div><\/div><\/div><\/div>","protected":false},"excerpt":{"rendered":"<p>Estamos de volta com Heitor &#8211; o trator &#8230; Ap\u00f3s iniciar os trabalhos no campo, Heitor &#8211; o trator &#8211; sofreu uma pane na embreagem que danificou v\u00e1rias pe\u00e7as &#8230;<\/p>\n","protected":false},"author":2,"featured_media":0,"parent":0,"menu_order":0,"comment_status":"closed","ping_status":"closed","template":"","meta":[],"_links":{"self":[{"href":"https:\/\/flordeibez.org\/flor\/wp-json\/wp\/v2\/pages\/2581"}],"collection":[{"href":"https:\/\/flordeibez.org\/flor\/wp-json\/wp\/v2\/pages"}],"about":[{"href":"https:\/\/flordeibez.org\/flor\/wp-json\/wp\/v2\/types\/page"}],"author":[{"embeddable":true,"href":"https:\/\/flordeibez.org\/flor\/wp-json\/wp\/v2\/users\/2"}],"replies":[{"embeddable":true,"href":"https:\/\/flordeibez.org\/flor\/wp-json\/wp\/v2\/comments?post=2581"}],"version-history":[{"count":36,"href":"https:\/\/flordeibez.org\/flor\/wp-json\/wp\/v2\/pages\/2581\/revisions"}],"predecessor-version":[{"id":2916,"href":"https:\/\/flordeibez.org\/flor\/wp-json\/wp\/v2\/pages\/2581\/revisions\/2916"}],"wp:attachment":[{"href":"https:\/\/flordeibez.org\/flor\/wp-json\/wp\/v2\/media?parent=2581"}],"curies":[{"name":"wp","href":"https:\/\/api.w.org\/{rel}","templated":true}]}}