{"id":2406,"date":"2018-02-10T16:34:18","date_gmt":"2018-02-10T18:34:18","guid":{"rendered":"http:\/\/flordeibez.org\/flor\/?page_id=2406"},"modified":"2018-02-11T00:00:19","modified_gmt":"2018-02-11T02:00:19","slug":"construindo-na-chuva","status":"publish","type":"page","link":"https:\/\/flordeibez.org\/flor\/construindo-na-chuva\/","title":{"rendered":"Construindo na chuva!"},"content":{"rendered":"<div id=\"pl-2406\"  class=\"panel-layout\" ><div id=\"pg-2406-0\"  class=\"panel-grid panel-no-style\" ><div id=\"pgc-2406-0-0\"  class=\"panel-grid-cell\" ><div id=\"panel-2406-0-0-0\" class=\"so-panel widget widget_sow-editor panel-first-child panel-last-child\" data-index=\"0\" ><div class=\"panel-widget-style panel-widget-style-for-2406-0-0-0\" ><div\n\t\t\t\n\t\t\tclass=\"so-widget-sow-editor so-widget-sow-editor-base\"\n\t\t\t\n\t\t>\n<div class=\"siteorigin-widget-tinymce textwidget\">\n\t<p style=\"text-align: none; font-size: 32px; font-family: helvetica, arial, sans-serif; color: #d14c00;\"><b>Construindo na chuva!<\/b><\/p>\n<p><span style=\"text-align: left; font-size: 14px; font-family: helvetica, arial, sans-serif; color: #2b1100;\">[10-fev-2018]<\/span><br \/>\n<a href=\"http:\/\/flordeibez.org\/\"><img decoding=\"async\" loading=\"lazy\" class=\"alignnone size-medium wp-image-1570\" title=\"Clique para conhecer mais\" src=\"http:\/\/flordeibez.org\/flor\/wp-content\/uploads\/2018\/02\/casa_gatil_chuva_.jpg\" alt=\"\" width=\"800\" height=\"450\" \/><\/a><img decoding=\"async\" loading=\"lazy\" class=\"wp-image-1797 alignleft\" title=\"Clique para conhecer mais\" src=\"http:\/\/flordeibez.org\/flor\/wp-content\/uploads\/2018\/02\/casa-gatil_jan18_f02.jpg\" alt=\"\" width=\"400\" height=\"225\" \/><img decoding=\"async\" loading=\"lazy\" class=\"wp-image-1797 alignleft\" title=\"Clique para conhecer mais\" src=\"http:\/\/flordeibez.org\/flor\/wp-content\/uploads\/2018\/02\/casa-gatil_jan18_f03.jpg\" alt=\"\" width=\"400\" height=\"225\" \/><img decoding=\"async\" loading=\"lazy\" class=\"wp-image-1797 alignleft\" title=\"Clique para conhecer mais\" src=\"http:\/\/flordeibez.org\/flor\/wp-content\/uploads\/2018\/02\/casa-gatil_jan18_f04.jpg\" alt=\"\" width=\"400\" height=\"225\" \/><img decoding=\"async\" loading=\"lazy\" class=\"wp-image-1797 alignleft\" title=\"Clique para conhecer mais\" src=\"http:\/\/flordeibez.org\/flor\/wp-content\/uploads\/2018\/02\/casa-gatil_jan18_f05.jpg\" alt=\"\" width=\"400\" height=\"225\" \/><img decoding=\"async\" loading=\"lazy\" class=\"wp-image-1797 alignleft\" title=\"Clique para conhecer mais\" src=\"http:\/\/flordeibez.org\/flor\/wp-content\/uploads\/2018\/02\/casa-gatil_jan18_f06_pb.jpg\" alt=\"\" width=\"400\" height=\"225\" \/><img decoding=\"async\" loading=\"lazy\" class=\"wp-image-1797 alignleft\" title=\"Clique para conhecer mais\" src=\"http:\/\/flordeibez.org\/flor\/wp-content\/uploads\/2017\/12\/noticias-2017-dez_01.jpg\" alt=\"\" width=\"400\" height=\"225\" \/><img decoding=\"async\" loading=\"lazy\" class=\"wp-image-1797 alignleft\" title=\"Clique para conhecer mais\" src=\"http:\/\/flordeibez.org\/flor\/wp-content\/uploads\/2018\/02\/casa-gatil_jan18_f07.jpg\" alt=\"\" width=\"400\" height=\"225\" \/><\/p>\n<p style=\"text-align: left; font-size: 17px; font-family: helvetica, arial, sans-serif; color: #5b4900; line-height: 200%;\">Passam os dias, e os meses passam...<\/p>\n<p style=\"text-align: left; font-size: 17px; font-family: helvetica, arial, sans-serif; color: #5b4900; line-height: 200%;\">Ainda que as chuvas tenham se mantido intensas, conseguimos caminhar a passos lentos com a constru\u00e7\u00e3o da <b><a title=\"Clique para conhecer mais!\" href=\"http:\/\/flordeibez.org\/\" target=\"_blank\" rel=\"noopener\"> Casa-Gatil<\/a><\/b>.<\/p>\n<p style=\"text-align: left; font-size: 17px; font-family: helvetica, arial, sans-serif; color: #5b4900; line-height: 200%;\">Pessoas lindas t\u00eam participado da constru\u00e7\u00e3o da casa, e cada uma deixa uma energia especial impressa nas paredes de barro. Quanto aos prazos, tudo a seu tempo... Na hora certa a casa ser\u00e1 conclu\u00edda!<\/p>\n<p style=\"text-align: left; font-size: 17px; font-family: helvetica, arial, sans-serif; color: #5b4900; line-height: 200%;\">Para ingressar na pr\u00f3xima etapa precisamos adquirir algum material, como o alambrado para cercar a \u00e1rea externa do gatil, cimento para o contra-piso da casa e paredes do banheiro (em ferro cimento), portas internas. <a title=\"Clique para conhecer mais!\" href=\"http:\/\/flordeibez.org\/flor\/projeto-gato-amigo\/#donation\" target=\"_blank\" rel=\"noopener\"><b>Contamos com a participa\u00e7\u00e3o de todos!<\/b><\/a><\/p>\n<p style=\"text-align: left; font-size: 17px; font-family: helvetica, arial, sans-serif; color: #5b4900; line-height: 200%;\">Temos oferecido ciclos de viv\u00eancia em Flor de Ibez, ritmicamente anunciados a cada m\u00eas, nos quais nos dedicamos prioritariamente \u00e0 constru\u00e7\u00e3o (sempre que as chuvas permitem) e ao manejo das parcelas de plantio agroflorestal. E al\u00e9m das atividades, oferecemos tamb\u00e9m pr\u00e1tica de yoga, medita\u00e7\u00e3o, alimenta\u00e7\u00e3o consciente -- tudo de bom para respirar, curar e renovar a vida. <a title=\"Clique para conhecer mais!\" href=\"https:\/\/goo.gl\/forms\/Yp3skKexvoFMutrf2\" target=\"_blank\" rel=\"noopener\"><b>Clique para mais informa\u00e7\u00f5es!<\/b><\/a><\/p>\n<p style=\"text-align: left; font-size: 17px; font-family: helvetica, arial, sans-serif; color: #5b4900; line-height: 200%;\">Ah... Se voc\u00ea ainda n\u00e3o o conhece, visite o nosso <b><a title=\"Clique para conhecer mais!\" href=\" http:\/\/flordeibez.org\/flor\/projeto-gato-amigo\/\" target=\"_blank\" rel=\"noopener\"> Projeto Gato-Amigo<\/a><\/b>.\u00a0E deixamos aqui o convite para voc\u00ea colaborar \u00e0 dist\u00e2ncia, <a title=\"Clique para conhecer mais!\" href=\"http:\/\/flordeibez.org\/flor\/projeto-gato-amigo\/#donation\" target=\"_blank\" rel=\"noopener\"><b>participando financeiramente do projeto<\/b><\/a>. Sua ajuda \u00e9 realmente importante.<\/p>\n<p style=\"text-align: left; font-size: 17px; font-family: helvetica, arial, sans-serif; color: #5b4900; line-height: 200%;\">Gratid\u00e3o imensa por nos apoiar!<\/p>\n<\/div>\n<\/div><\/div><\/div><\/div><\/div><\/div>","protected":false},"excerpt":{"rendered":"<p>Construindo na chuva! [10-fev-2018] Passam os dias, e os meses passam&#8230; Ainda que as chuvas tenham se mantido intensas, conseguimos caminhar a passos lentos com a constru\u00e7\u00e3o da Casa-Gatil. Pessoas lindas t\u00eam participado da constru\u00e7\u00e3o da casa, e cada uma deixa uma energia especial impressa nas paredes de barro. Quanto aos prazos, tudo a seu [&hellip;]<\/p>\n","protected":false},"author":2,"featured_media":0,"parent":0,"menu_order":0,"comment_status":"closed","ping_status":"closed","template":"","meta":[],"_links":{"self":[{"href":"https:\/\/flordeibez.org\/flor\/wp-json\/wp\/v2\/pages\/2406"}],"collection":[{"href":"https:\/\/flordeibez.org\/flor\/wp-json\/wp\/v2\/pages"}],"about":[{"href":"https:\/\/flordeibez.org\/flor\/wp-json\/wp\/v2\/types\/page"}],"author":[{"embeddable":true,"href":"https:\/\/flordeibez.org\/flor\/wp-json\/wp\/v2\/users\/2"}],"replies":[{"embeddable":true,"href":"https:\/\/flordeibez.org\/flor\/wp-json\/wp\/v2\/comments?post=2406"}],"version-history":[{"count":11,"href":"https:\/\/flordeibez.org\/flor\/wp-json\/wp\/v2\/pages\/2406\/revisions"}],"predecessor-version":[{"id":2428,"href":"https:\/\/flordeibez.org\/flor\/wp-json\/wp\/v2\/pages\/2406\/revisions\/2428"}],"wp:attachment":[{"href":"https:\/\/flordeibez.org\/flor\/wp-json\/wp\/v2\/media?parent=2406"}],"curies":[{"name":"wp","href":"https:\/\/api.w.org\/{rel}","templated":true}]}}