{"id":2268,"date":"2017-11-13T19:27:36","date_gmt":"2017-11-13T21:27:36","guid":{"rendered":"http:\/\/flordeibez.org\/flor\/?page_id=2268"},"modified":"2017-11-13T23:17:13","modified_gmt":"2017-11-14T01:17:13","slug":"e-a-imersao","status":"publish","type":"page","link":"https:\/\/flordeibez.org\/flor\/e-a-imersao\/","title":{"rendered":"E a imers\u00e3o, como foi?"},"content":{"rendered":"<div id=\"pl-2268\"  class=\"panel-layout\" ><div id=\"pg-2268-0\"  class=\"panel-grid panel-no-style\" ><div id=\"pgc-2268-0-0\"  class=\"panel-grid-cell\" ><div id=\"panel-2268-0-0-0\" class=\"so-panel widget widget_sow-editor panel-first-child panel-last-child\" data-index=\"0\" ><div class=\"panel-widget-style panel-widget-style-for-2268-0-0-0\" ><div\n\t\t\t\n\t\t\tclass=\"so-widget-sow-editor so-widget-sow-editor-base\"\n\t\t\t\n\t\t>\n<div class=\"siteorigin-widget-tinymce textwidget\">\n\t<p style=\"text-align: none; font-size: 32px; font-family: helvetica, arial, sans-serif; color: #d14c00;\"><b>E a imers\u00e3o, como foi?<\/b><\/p>\n<p><span style=\"text-align: left; font-size: 14px; font-family: helvetica, arial, sans-serif; color: #2b1100;\">[13-nov-2017]<\/span><br \/>\n<a href=\"http:\/\/flordeibez.org\/\"><img decoding=\"async\" loading=\"lazy\" class=\"alignnone size-medium wp-image-1570\" title=\"Clique para conhecer mais\" src=\"http:\/\/flordeibez.org\/flor\/wp-content\/uploads\/2017\/11\/imesao-1_nov_.jpg\" alt=\"\" width=\"800\" height=\"450\" \/><\/a><\/p>\n<p style=\"text-align: left; font-size: 17px; font-family: helvetica, arial, sans-serif; color: #5b4900; line-height: 200%;\">Foi \u00f3tima a imers\u00e3o de 2 a 5 deste m\u00eas...<\/p>\n<p style=\"text-align: left; font-size: 17px; font-family: helvetica, arial, sans-serif; color: #5b4900; line-height: 200%;\">Pessoas lindas, compartilhando o melhor de si para o trabalho grupal transcorrer em harmonia. Sem d\u00favida, enquanto constru\u00edmos fora, constru\u00edmos dentro tamb\u00e9m! Apesar do esfor\u00e7o f\u00edsico, depois da tarefa vemos rostos alegres, vencedores de algo que n\u00f3s mesmos desconhecemos, mas que foi superado dentro de cada um.<\/p>\n<p><img decoding=\"async\" loading=\"lazy\" class=\"wp-image-1797 alignleft\" title=\"Clique para conhecer mais\" src=\"http:\/\/flordeibez.org\/flor\/wp-content\/uploads\/2017\/11\/imesao-1_nov-01.jpg\" alt=\"\" width=\"322\" height=\"181\" \/><img decoding=\"async\" loading=\"lazy\" class=\"wp-image-1797 alignleft\" title=\"Clique para conhecer mais\" src=\"http:\/\/flordeibez.org\/flor\/wp-content\/uploads\/2017\/11\/imesao-1_nov-02.jpg\" alt=\"\" width=\"322\" height=\"181\" \/><img decoding=\"async\" loading=\"lazy\" class=\"wp-image-1797 alignleft\" title=\"Clique para conhecer mais\" src=\"http:\/\/flordeibez.org\/flor\/wp-content\/uploads\/2017\/11\/imesao-1_nov-03.jpg\" alt=\"\" width=\"322\" height=\"181\" \/><img decoding=\"async\" loading=\"lazy\" class=\"wp-image-1797 alignleft\" title=\"Clique para conhecer mais\" src=\"http:\/\/flordeibez.org\/flor\/wp-content\/uploads\/2017\/11\/imesao-1_nov-04.jpg\" alt=\"\" width=\"322\" height=\"181\" \/><img decoding=\"async\" loading=\"lazy\" class=\"wp-image-1797 alignleft\" title=\"Clique para conhecer mais\" src=\"http:\/\/flordeibez.org\/flor\/wp-content\/uploads\/2017\/11\/imesao-1_nov-05.jpg\" alt=\"\" width=\"322\" height=\"181\" \/><img decoding=\"async\" loading=\"lazy\" class=\"wp-image-1797 alignleft\" title=\"Clique para conhecer mais\" src=\"http:\/\/flordeibez.org\/flor\/wp-content\/uploads\/2017\/11\/imesao-1_nov-06.jpg\" alt=\"\" width=\"322\" height=\"181\" \/><img decoding=\"async\" loading=\"lazy\" class=\"wp-image-1797 alignleft\" title=\"Clique para conhecer mais\" src=\"http:\/\/flordeibez.org\/flor\/wp-content\/uploads\/2017\/11\/imesao-1_nov-07.jpg\" alt=\"\" width=\"322\" height=\"181\" \/><img decoding=\"async\" loading=\"lazy\" class=\"wp-image-1797 alignleft\" title=\"Clique para conhecer mais\" src=\"http:\/\/flordeibez.org\/flor\/wp-content\/uploads\/2017\/11\/imesao-1_nov-08.jpg\" alt=\"\" width=\"322\" height=\"181\" \/><\/p>\n<p style=\"text-align: left; font-size: 17px; font-family: helvetica, arial, sans-serif; color: #5b4900; line-height: 200%;\">Tudo acontece no sil\u00eancio e no compartir fraterno da constru\u00e7\u00e3o que \u00e9 para todos -- animais e humanos -- e para os que vir\u00e3o... <\/p>\n<p><img decoding=\"async\" loading=\"lazy\" class=\"wp-image-1797 alignleft\" title=\"Clique para conhecer mais\" src=\"http:\/\/flordeibez.org\/flor\/wp-content\/uploads\/2017\/11\/imesao-1_nov-09.jpg\" alt=\"\" width=\"322\" height=\"181\" \/><img decoding=\"async\" loading=\"lazy\" class=\"wp-image-1797 alignleft\" title=\"Clique para conhecer mais\" src=\"http:\/\/flordeibez.org\/flor\/wp-content\/uploads\/2017\/11\/imesao-1_nov-10.jpg\" alt=\"\" width=\"322\" height=\"181\" \/><img decoding=\"async\" loading=\"lazy\" class=\"wp-image-1797 alignleft\" title=\"Clique para conhecer mais\" src=\"http:\/\/flordeibez.org\/flor\/wp-content\/uploads\/2017\/11\/imesao-1_nov-11.jpg\" alt=\"\" width=\"322\" height=\"181\" \/><img decoding=\"async\" loading=\"lazy\" class=\"wp-image-1797 alignleft\" title=\"Clique para conhecer mais\" src=\"http:\/\/flordeibez.org\/flor\/wp-content\/uploads\/2017\/11\/imesao-1_nov-12.jpg\" alt=\"\" width=\"322\" height=\"181\" \/><img decoding=\"async\" loading=\"lazy\" class=\"wp-image-1797 alignleft\" title=\"Clique para conhecer mais\" src=\"http:\/\/flordeibez.org\/flor\/wp-content\/uploads\/2017\/11\/imesao-1_nov-13.jpg\" alt=\"\" width=\"322\" height=\"181\" \/><img decoding=\"async\" loading=\"lazy\" class=\"wp-image-1797 alignleft\" title=\"Clique para conhecer mais\" src=\"http:\/\/flordeibez.org\/flor\/wp-content\/uploads\/2017\/11\/imesao-1_nov-14.jpg\" alt=\"\" width=\"322\" height=\"181\" \/><\/p>\n<p style=\"text-align: left; font-size: 17px; font-family: helvetica, arial, sans-serif; color: #5b4900; line-height: 200%;\">Nesses dias recebemos tamb\u00e9m a visita de um belo grupo de professores e alunos da UEG de Ipor\u00e1. E, como n\u00e3o podia deixar de ser, colocaram a m\u00e3o no barro!<\/p>\n<p><img decoding=\"async\" loading=\"lazy\" class=\"wp-image-1797 alignleft\" title=\"Clique para conhecer mais\" src=\"http:\/\/flordeibez.org\/flor\/wp-content\/uploads\/2017\/11\/visita_ueg_ipora_nov2017-01.jpg\" alt=\"\" width=\"322\" height=\"181\" \/><img decoding=\"async\" loading=\"lazy\" class=\"wp-image-1797 alignleft\" title=\"Clique para conhecer mais\" src=\"http:\/\/flordeibez.org\/flor\/wp-content\/uploads\/2017\/11\/visita_ueg_ipora_nov2017-02.jpg\" alt=\"\" width=\"322\" height=\"181\" \/><img decoding=\"async\" loading=\"lazy\" class=\"wp-image-1797 alignleft\" title=\"Clique para conhecer mais\" src=\"http:\/\/flordeibez.org\/flor\/wp-content\/uploads\/2017\/11\/visita_ueg_ipora_nov2017-03.jpg\" alt=\"\" width=\"322\" height=\"181\" \/><img decoding=\"async\" loading=\"lazy\" class=\"wp-image-1797 alignleft\" title=\"Clique para conhecer mais\" src=\"http:\/\/flordeibez.org\/flor\/wp-content\/uploads\/2017\/11\/visita_ueg_ipora_nov2017-05.jpg\" alt=\"\" width=\"322\" height=\"181\" \/><img decoding=\"async\" loading=\"lazy\" class=\"wp-image-1797 alignleft\" title=\"Clique para conhecer mais\" src=\"http:\/\/flordeibez.org\/flor\/wp-content\/uploads\/2017\/11\/visita_ueg_ipora_nov2017-06.jpg\" alt=\"\" width=\"322\" height=\"181\" \/><img decoding=\"async\" loading=\"lazy\" class=\"wp-image-1797 alignleft\" title=\"Clique para conhecer mais\" src=\"http:\/\/flordeibez.org\/flor\/wp-content\/uploads\/2017\/11\/visita_ueg_ipora_nov2017-07.jpg\" alt=\"\" width=\"322\" height=\"181\" \/><\/p>\n<p style=\"text-align: left; font-size: 17px; font-family: helvetica, arial, sans-serif; color: #5b4900; line-height: 200%;\">Pr\u00f3xima imers\u00e3o? Sim, ser\u00e1 agora, de 15 a 20! E, como sempre, al\u00e9m do trabalho na obra, teremos pr\u00e1tica de yoga, medita\u00e7\u00e3o, suco verde, alimenta\u00e7\u00e3o consciente -- tudo de bom! <a title=\"Clique para conhecer mais!\" href=\" https:\/\/goo.gl\/forms\/90PsmJIbhn3gypxC3\" target=\"_blank\" rel=\"noopener\"><b>Voc\u00ea vem?<\/b><\/a><\/p>\n<p style=\"text-align: left; font-size: 17px; font-family: helvetica, arial, sans-serif; color: #5b4900; line-height: 200%;\">Ah... Se ainda n\u00e3o conhece, visite o nosso <b><a title=\"Clique para conhecer mais!\" href=\" http:\/\/flordeibez.org\/flor\/projeto-gato-amigo\/\" target=\"_blank\" rel=\"noopener\"> Projeto Gato-Amigo<\/a><\/b>. Se n\u00e3o puder vir, fica o convite para colaborar. Mesmo \u00e0 dist\u00e2ncia, voc\u00ea pode participar financeiramente do <a title=\"Clique para conhecer mais!\" href=\"http:\/\/flordeibez.org\/flor\/projeto-gato-amigo\/\" target=\"_blank\" rel=\"noopener\"><b>projeto<\/b><\/a>.<\/p>\n<p style=\"text-align: left; font-size: 17px; font-family: helvetica, arial, sans-serif; color: #5b4900; line-height: 200%;\">Prosseguimos em contato. Gratid\u00e3o imensa por nos acompanhar e apoiar!<\/p>\n<\/div>\n<\/div><\/div><\/div><\/div><\/div><\/div>","protected":false},"excerpt":{"rendered":"<p>E a imers\u00e3o, como foi? [13-nov-2017] Foi \u00f3tima a imers\u00e3o de 2 a 5 deste m\u00eas&#8230; Pessoas lindas, compartilhando o melhor de si para o trabalho grupal transcorrer em harmonia. Sem d\u00favida, enquanto constru\u00edmos fora, constru\u00edmos dentro tamb\u00e9m! Apesar do esfor\u00e7o f\u00edsico, depois da tarefa vemos rostos alegres, vencedores de algo que n\u00f3s mesmos desconhecemos, [&hellip;]<\/p>\n","protected":false},"author":2,"featured_media":0,"parent":0,"menu_order":0,"comment_status":"closed","ping_status":"closed","template":"","meta":[],"_links":{"self":[{"href":"https:\/\/flordeibez.org\/flor\/wp-json\/wp\/v2\/pages\/2268"}],"collection":[{"href":"https:\/\/flordeibez.org\/flor\/wp-json\/wp\/v2\/pages"}],"about":[{"href":"https:\/\/flordeibez.org\/flor\/wp-json\/wp\/v2\/types\/page"}],"author":[{"embeddable":true,"href":"https:\/\/flordeibez.org\/flor\/wp-json\/wp\/v2\/users\/2"}],"replies":[{"embeddable":true,"href":"https:\/\/flordeibez.org\/flor\/wp-json\/wp\/v2\/comments?post=2268"}],"version-history":[{"count":9,"href":"https:\/\/flordeibez.org\/flor\/wp-json\/wp\/v2\/pages\/2268\/revisions"}],"predecessor-version":[{"id":2294,"href":"https:\/\/flordeibez.org\/flor\/wp-json\/wp\/v2\/pages\/2268\/revisions\/2294"}],"wp:attachment":[{"href":"https:\/\/flordeibez.org\/flor\/wp-json\/wp\/v2\/media?parent=2268"}],"curies":[{"name":"wp","href":"https:\/\/api.w.org\/{rel}","templated":true}]}}