{"id":2230,"date":"2017-10-30T17:03:00","date_gmt":"2017-10-30T19:03:00","guid":{"rendered":"http:\/\/flordeibez.org\/flor\/?page_id=2230"},"modified":"2017-10-30T18:11:55","modified_gmt":"2017-10-30T20:11:55","slug":"outubro-atualizacoes","status":"publish","type":"page","link":"https:\/\/flordeibez.org\/flor\/outubro-atualizacoes\/","title":{"rendered":"Outubro, atualiza\u00e7\u00f5es!"},"content":{"rendered":"<div id=\"pl-2230\"  class=\"panel-layout\" ><div id=\"pg-2230-0\"  class=\"panel-grid panel-no-style\" ><div id=\"pgc-2230-0-0\"  class=\"panel-grid-cell\" ><div id=\"panel-2230-0-0-0\" class=\"so-panel widget widget_sow-editor panel-first-child panel-last-child\" data-index=\"0\" ><div class=\"panel-widget-style panel-widget-style-for-2230-0-0-0\" ><div\n\t\t\t\n\t\t\tclass=\"so-widget-sow-editor so-widget-sow-editor-base\"\n\t\t\t\n\t\t>\n<div class=\"siteorigin-widget-tinymce textwidget\">\n\t<p style=\"text-align: none; font-size: 32px; font-family: helvetica, arial, sans-serif; color: #d14c00;\"><b>Outubro, atualiza\u00e7\u00f5es!<\/b><\/p>\n<p><span style=\"text-align: left; font-size: 14px; font-family: helvetica, arial, sans-serif; color: #2b1100;\">[30-out-2017]<\/span><br \/>\n<a href=\"http:\/\/flordeibez.org\/\"><img decoding=\"async\" loading=\"lazy\" class=\"alignnone size-medium wp-image-1570\" title=\"Clique para conhecer mais\" src=\"http:\/\/flordeibez.org\/flor\/wp-content\/uploads\/2017\/10\/colhendo_terra-01.jpg\" alt=\"\" width=\"800\" height=\"450\" \/><\/a><img decoding=\"async\" loading=\"lazy\" class=\"wp-image-1797 alignleft\" title=\"Clique para conhecer mais\" src=\"http:\/\/flordeibez.org\/flor\/wp-content\/uploads\/2017\/10\/imersao_out-01.jpg\" alt=\"\" width=\"400\" height=\"225\" \/><img decoding=\"async\" loading=\"lazy\" class=\"wp-image-1797 alignleft\" title=\"Clique para conhecer mais\" src=\"http:\/\/flordeibez.org\/flor\/wp-content\/uploads\/2017\/10\/imersao_out-02.jpg\" alt=\"\" width=\"400\" height=\"225\" \/><img decoding=\"async\" loading=\"lazy\" class=\"wp-image-1797 alignleft\" title=\"Clique para conhecer mais\" src=\"http:\/\/flordeibez.org\/flor\/wp-content\/uploads\/2017\/10\/imersao_out-03.jpg\" alt=\"\" width=\"400\" height=\"225\" \/><img decoding=\"async\" loading=\"lazy\" class=\"wp-image-1797 alignleft\" title=\"Clique para conhecer mais\" src=\"http:\/\/flordeibez.org\/flor\/wp-content\/uploads\/2017\/09\/sancao-do-campo.jpg\" alt=\"\" width=\"400\" height=\"225\" \/><img decoding=\"async\" loading=\"lazy\" class=\"wp-image-1797 alignleft\" title=\"Clique para conhecer mais\" src=\"http:\/\/flordeibez.org\/flor\/wp-content\/uploads\/2017\/10\/imersao_out-04.jpg\" alt=\"\" width=\"400\" height=\"225\" \/><img decoding=\"async\" loading=\"lazy\" class=\"wp-image-1797 alignleft\" title=\"Clique para conhecer mais\" src=\"http:\/\/flordeibez.org\/flor\/wp-content\/uploads\/2017\/10\/imersao_out-05.jpg\" alt=\"\" width=\"400\" height=\"225\" \/><img decoding=\"async\" loading=\"lazy\" class=\"wp-image-1797 alignleft\" title=\"Clique para conhecer mais\" src=\"http:\/\/flordeibez.org\/flor\/wp-content\/uploads\/2017\/10\/imersao_out-06.jpg\" alt=\"\" width=\"400\" height=\"225\" \/><img decoding=\"async\" loading=\"lazy\" class=\"wp-image-1797 alignleft\" title=\"Clique para conhecer mais\" src=\"http:\/\/flordeibez.org\/flor\/wp-content\/uploads\/2017\/10\/casa-gatil_out-3.jpg\" alt=\"\" width=\"400\" height=\"225\" \/><\/p>\n<p style=\"text-align: left; font-size: 17px; font-family: helvetica, arial, sans-serif; color: #5b4900; line-height: 200%;\">E j\u00e1 passou outubro!<\/p>\n<p style=\"text-align: left; font-size: 17px; font-family: helvetica, arial, sans-serif; color: #5b4900; line-height: 200%;\">Na obra, nesse segundo m\u00eas, vivenciamos um ciclo de trabalho persistente.<\/p>\n<p style=\"text-align: left; font-size: 17px; font-family: helvetica, arial, sans-serif; color: #5b4900; line-height: 200%;\">A constru\u00e7\u00e3o da <b><a title=\"Clique para conhecer mais!\" href=\"http:\/\/flordeibez.org\/\" target=\"_blank\" rel=\"noopener\"> Casa Gatil<\/a><\/b> segue seu curso! Vamos pouco a pouco, j\u00e1 que todos t\u00eam outras atividades para realizar e que n\u00e3o podem deixar de ser feitas.<\/p>\n<p style=\"text-align: left; font-size: 17px; font-family: helvetica, arial, sans-serif; color: #5b4900; line-height: 200%;\">Tivemos um bom impulso no per\u00edodo da imers\u00e3o, de 11 a 15 deste m\u00eas. Recolhemos terra de barranco e terra de cupinzeiro para as paredes; ro\u00e7amos e recolhemos palha; cortamos, soldamos e come\u00e7amos a pintar a estrutura do telhado; preparamos as pe\u00e7as de sans\u00e3o do campo, selecionando uma a uma e raspando sua casca.<\/p>\n<p style=\"text-align: left; font-size: 17px; font-family: helvetica, arial, sans-serif; color: #5b4900; line-height: 200%;\">Agora estamos no preparo para mais uma imers\u00e3o, que acontecer\u00e1 de 1 a 5 de novembro, incluindo o feriado da quinta-feira. Ser\u00e1 momento de colocar a m\u00e3o e o p\u00e9 no barro... Verdadeira terapia! E, al\u00e9m do trabalho na obra, teremos pr\u00e1tica de yoga, medita\u00e7\u00e3o, suco verde, alimenta\u00e7\u00e3o consciente -- tudo de bom para respirar, tranquilizar, curar e renovar a vida. <a title=\"Clique para conhecer mais!\" href=\"https:\/\/goo.gl\/forms\/wSUh8pDxBtNQ6Kkw2\" target=\"_blank\" rel=\"noopener\"><b>Vamos l\u00e1?<\/b><\/a><\/p>\n<p style=\"text-align: left; font-size: 17px; font-family: helvetica, arial, sans-serif; color: #5b4900; line-height: 200%;\">Se voc\u00ea ainda n\u00e3o conhece, visite o nosso <b><a title=\"Clique para conhecer mais!\" href=\" http:\/\/flordeibez.org\/flor\/projeto-gato-amigo\/\" target=\"_blank\" rel=\"noopener\"> Projeto Gato-Amigo<\/a><\/b>.<\/p>\n<p style=\"text-align: left; font-size: 17px; font-family: helvetica, arial, sans-serif; color: #5b4900; line-height: 200%;\">Se n\u00e3o puder vir, fica o convite para colaborar \u00e0 dist\u00e2ncia, <a title=\"Clique para conhecer mais!\" href=\"http:\/\/flordeibez.org\/flor\/projeto-gato-amigo\/\" target=\"_blank\" rel=\"noopener\"><b>participando financeiramente do projeto<\/b><\/a>.<\/p>\n<p style=\"text-align: left; font-size: 17px; font-family: helvetica, arial, sans-serif; color: #5b4900; line-height: 200%;\">No mais, seguimos em contato. Gratid\u00e3o imensa por nos apoiar!<\/p>\n<\/div>\n<\/div><\/div><\/div><\/div><\/div><\/div>","protected":false},"excerpt":{"rendered":"<p>Outubro, atualiza\u00e7\u00f5es! [30-out-2017] E j\u00e1 passou outubro! Na obra, nesse segundo m\u00eas, vivenciamos um ciclo de trabalho persistente. A constru\u00e7\u00e3o da Casa Gatil segue seu curso! Vamos pouco a pouco, j\u00e1 que todos t\u00eam outras atividades para realizar e que n\u00e3o podem deixar de ser feitas. Tivemos um bom impulso no per\u00edodo da imers\u00e3o, de [&hellip;]<\/p>\n","protected":false},"author":2,"featured_media":0,"parent":0,"menu_order":0,"comment_status":"closed","ping_status":"closed","template":"","meta":[],"_links":{"self":[{"href":"https:\/\/flordeibez.org\/flor\/wp-json\/wp\/v2\/pages\/2230"}],"collection":[{"href":"https:\/\/flordeibez.org\/flor\/wp-json\/wp\/v2\/pages"}],"about":[{"href":"https:\/\/flordeibez.org\/flor\/wp-json\/wp\/v2\/types\/page"}],"author":[{"embeddable":true,"href":"https:\/\/flordeibez.org\/flor\/wp-json\/wp\/v2\/users\/2"}],"replies":[{"embeddable":true,"href":"https:\/\/flordeibez.org\/flor\/wp-json\/wp\/v2\/comments?post=2230"}],"version-history":[{"count":13,"href":"https:\/\/flordeibez.org\/flor\/wp-json\/wp\/v2\/pages\/2230\/revisions"}],"predecessor-version":[{"id":2266,"href":"https:\/\/flordeibez.org\/flor\/wp-json\/wp\/v2\/pages\/2230\/revisions\/2266"}],"wp:attachment":[{"href":"https:\/\/flordeibez.org\/flor\/wp-json\/wp\/v2\/media?parent=2230"}],"curies":[{"name":"wp","href":"https:\/\/api.w.org\/{rel}","templated":true}]}}