{"id":2181,"date":"2017-09-27T07:12:29","date_gmt":"2017-09-27T10:12:29","guid":{"rendered":"http:\/\/flordeibez.org\/flor\/?page_id=2181"},"modified":"2017-09-27T08:07:55","modified_gmt":"2017-09-27T11:07:55","slug":"atualizacoes-de-setembro","status":"publish","type":"page","link":"https:\/\/flordeibez.org\/flor\/atualizacoes-de-setembro\/","title":{"rendered":"Atualiza\u00e7\u00f5es de setembro"},"content":{"rendered":"<div id=\"pl-2181\"  class=\"panel-layout\" ><div id=\"pg-2181-0\"  class=\"panel-grid panel-no-style\" ><div id=\"pgc-2181-0-0\"  class=\"panel-grid-cell\" ><div id=\"panel-2181-0-0-0\" class=\"so-panel widget widget_sow-editor panel-first-child panel-last-child\" data-index=\"0\" ><div class=\"panel-widget-style panel-widget-style-for-2181-0-0-0\" ><div\n\t\t\t\n\t\t\tclass=\"so-widget-sow-editor so-widget-sow-editor-base\"\n\t\t\t\n\t\t>\n<div class=\"siteorigin-widget-tinymce textwidget\">\n\t<p style=\"text-align: none; font-size: 32px; font-family: helvetica, arial, sans-serif; color: #d14c00;\"><b>Atualiza\u00e7\u00f5es de setembro!<\/b><\/p>\n<p><span style=\"text-align: left; font-size: 14px; font-family: helvetica, arial, sans-serif; color: #2b1100;\">[27-set-2017]<\/span><br \/>\n<a href=\"http:\/\/flordeibez.org\/\"><img decoding=\"async\" loading=\"lazy\" class=\"alignnone size-medium wp-image-1570\" title=\"Clique para conhecer mais\" src=\"http:\/\/flordeibez.org\/flor\/wp-content\/uploads\/2017\/09\/ceu-setembro_.jpg\" alt=\"\" width=\"800\" height=\"450\" \/><\/a><\/p>\n<p style=\"text-align: left; font-size: 17px; font-family: helvetica, arial, sans-serif; color: #5b4900; line-height: 200%;\">Cruzamos o portal do equin\u00f3cio da primavera! Novo ciclo da constru\u00e7\u00e3o universal... Enquanto isso, percorremos ciclos e etapas para a constru\u00e7\u00e3o de uma nova vida sobre a Terra. Em Flor de Ibez, estamos avan\u00e7ando na edifica\u00e7\u00e3o da Casa-Gatil.<\/p>\n<p style=\"text-align: left; font-size: 17px; font-family: helvetica, arial, sans-serif; color: #5b4900; line-height: 200%;\">Alcan\u00e7amos a marca de 31% de contribui\u00e7\u00f5es! Vamos prosseguir! Gratid\u00e3o imensa a todos os que colaboraram e de alguma maneira, interna e externamente, acompanham e apoiam o projeto.<\/p>\n<p><img decoding=\"async\" loading=\"lazy\" class=\"wp-image-1797 alignright\" title=\"Clique para conhecer mais\" src=\"http:\/\/flordeibez.org\/flor\/wp-content\/uploads\/2017\/09\/sancao-do-campo.jpg\" alt=\"\" width=\"400\" height=\"225\"\/><img decoding=\"async\" loading=\"lazy\" class=\"wp-image-1797 alignright\" title=\"Clique para conhecer mais\" src=\"http:\/\/flordeibez.org\/flor\/wp-content\/uploads\/2017\/09\/pintando-a-lona.jpg\" alt=\"\" width=\"400\" height=\"225\"\/><img decoding=\"async\" loading=\"lazy\" class=\"wp-image-1797 alignright\" title=\"Clique para conhecer mais\" src=\"http:\/\/flordeibez.org\/flor\/wp-content\/uploads\/2017\/09\/casa-gatil_estrutura.jpg\" alt=\"\" width=\"400\" height=\"225\"\/><\/p>\n<p style=\"text-align: left; font-size: 17px; font-family: helvetica, arial, sans-serif; color: #5b4900; line-height: 200%;\">Recebemos como doa\u00e7\u00e3o v\u00e1rios troncos de sans\u00e3o do campo, que estamos selecionando para confec\u00e7\u00e3o dos mour\u00f5es do cercado aberto dos animais, para a estrutura\u00e7\u00e3o das paredes da casa-gatil e para a varanda.<\/p>\n<p style=\"text-align: left; font-size: 17px; font-family: helvetica, arial, sans-serif; color: #5b4900; line-height: 200%;\">Conseguimos tamb\u00e9m algumas pe\u00e7as de madeira aparelhada para reciclar. Ser\u00e3o utilizadas nos batentes das portas e janelas.<\/p>\n<p style=\"text-align: left; font-size: 17px; font-family: helvetica, arial, sans-serif; color: #5b4900; line-height: 200%;\">Vimos que ser\u00e1 mais econ\u00f4mico e de execu\u00e7\u00e3o mais precisa a estrutura\u00e7\u00e3o com telhado com pe\u00e7as de metalon. <b>Executar o telhado agora \u00e9 de extrema import\u00e2ncia, por dois motivos<\/b>:<br \/>\n1. As <b>chuvas<\/b> est\u00e3o chegando e precisamos do telhado pronto para poder trabalhar nas paredes de terra.<br \/>\n2. Precisamos colher as <b>folhas de bacuri<\/b> para cobrir o telhado em torno da lua minguante de outubro, ou seja, nos pr\u00f3ximos dias. As folhas devem ser manipuladas ainda verdes, e para isso o telhado precisa estar estruturado.\n<\/p>\n<p style=\"text-align: left; font-size: 17px; font-family: helvetica, arial, sans-serif; color: #5b4900; line-height: 200%;\">Para adquirirmos o metalon precisaremos de <b>R$550,00<\/b>.<\/p>\n<p style=\"text-align: left; font-size: 17px; font-family: helvetica, arial, sans-serif; color: #5b4900; line-height: 200%;\"><a href=\"http:\/\/flordeibez.org\/flor\/projeto-gato-amigo\/#donation\" target=\"_blank\" rel=\"noopener\"><b>Quer contribuir?<\/b><\/a><\/p>\n<p style=\"text-align: left; font-size: 17px; font-family: helvetica, arial, sans-serif; color: #5b4900; line-height: 200%;\">Qualquer quantia \u00e9 bem-vinda! Seguimos em contato. Gratid\u00e3o por colaborar!<\/p>\n<\/div>\n<\/div><\/div><\/div><\/div><\/div><\/div>","protected":false},"excerpt":{"rendered":"<p>Atualiza\u00e7\u00f5es de setembro! [27-set-2017] Cruzamos o portal do equin\u00f3cio da primavera! Novo ciclo da constru\u00e7\u00e3o universal&#8230; Enquanto isso, percorremos ciclos e etapas para a constru\u00e7\u00e3o de uma nova vida sobre a Terra. Em Flor de Ibez, estamos avan\u00e7ando na edifica\u00e7\u00e3o da Casa-Gatil. Alcan\u00e7amos a marca de 31% de contribui\u00e7\u00f5es! Vamos prosseguir! Gratid\u00e3o imensa a todos [&hellip;]<\/p>\n","protected":false},"author":2,"featured_media":0,"parent":0,"menu_order":0,"comment_status":"closed","ping_status":"closed","template":"","meta":[],"_links":{"self":[{"href":"https:\/\/flordeibez.org\/flor\/wp-json\/wp\/v2\/pages\/2181"}],"collection":[{"href":"https:\/\/flordeibez.org\/flor\/wp-json\/wp\/v2\/pages"}],"about":[{"href":"https:\/\/flordeibez.org\/flor\/wp-json\/wp\/v2\/types\/page"}],"author":[{"embeddable":true,"href":"https:\/\/flordeibez.org\/flor\/wp-json\/wp\/v2\/users\/2"}],"replies":[{"embeddable":true,"href":"https:\/\/flordeibez.org\/flor\/wp-json\/wp\/v2\/comments?post=2181"}],"version-history":[{"count":21,"href":"https:\/\/flordeibez.org\/flor\/wp-json\/wp\/v2\/pages\/2181\/revisions"}],"predecessor-version":[{"id":2216,"href":"https:\/\/flordeibez.org\/flor\/wp-json\/wp\/v2\/pages\/2181\/revisions\/2216"}],"wp:attachment":[{"href":"https:\/\/flordeibez.org\/flor\/wp-json\/wp\/v2\/media?parent=2181"}],"curies":[{"name":"wp","href":"https:\/\/api.w.org\/{rel}","templated":true}]}}