{"id":2060,"date":"2017-09-11T19:39:01","date_gmt":"2017-09-11T22:39:01","guid":{"rendered":"http:\/\/flordeibez.org\/flor\/?page_id=2060"},"modified":"2017-09-11T19:51:13","modified_gmt":"2017-09-11T22:51:13","slug":"somos-aprendizes","status":"publish","type":"page","link":"https:\/\/flordeibez.org\/flor\/somos-aprendizes\/","title":{"rendered":"Somos aprendizes!"},"content":{"rendered":"<div id=\"pl-2060\"  class=\"panel-layout\" ><div id=\"pg-2060-0\"  class=\"panel-grid panel-no-style\" ><div id=\"pgc-2060-0-0\"  class=\"panel-grid-cell\" ><div id=\"panel-2060-0-0-0\" class=\"so-panel widget widget_sow-editor panel-first-child panel-last-child\" data-index=\"0\" ><div class=\"panel-widget-style panel-widget-style-for-2060-0-0-0\" ><div\n\t\t\t\n\t\t\tclass=\"so-widget-sow-editor so-widget-sow-editor-base\"\n\t\t\t\n\t\t>\n<div class=\"siteorigin-widget-tinymce textwidget\">\n\t<p style=\"text-align: none; font-size: 32px; font-family: helvetica, arial, sans-serif; color: #d14c00;\"><b>Somos aprendizes!<\/b><\/p>\n<p><span style=\"text-align: left; font-size: 14px; font-family: helvetica, arial, sans-serif; color: #2b1100;\">[11-set-2017]<\/span><br \/>\n<a href=\"http:\/\/flordeibez.org\/\"><img decoding=\"async\" loading=\"lazy\" class=\"alignnone size-medium wp-image-1570\" title=\"Clique para conhecer mais\" src=\"http:\/\/flordeibez.org\/flor\/wp-content\/uploads\/2017\/09\/quinto_dia_.jpg\" alt=\"\" width=\"800\" height=\"450\" \/><\/a><img decoding=\"async\" loading=\"lazy\" class=\"wp-image-1797 alignleft\" title=\"Clique para conhecer mais\" src=\"http:\/\/flordeibez.org\/flor\/wp-content\/uploads\/2017\/09\/quinto_dia_01.jpg\" alt=\"\" width=\"400\" height=\"225\" \/><img decoding=\"async\" loading=\"lazy\" class=\"wp-image-1797 alignleft\" title=\"Clique para conhecer mais\" src=\"http:\/\/flordeibez.org\/flor\/wp-content\/uploads\/2017\/09\/quinto_dia_02.jpg\" alt=\"\" width=\"400\" height=\"225\" \/><img decoding=\"async\" loading=\"lazy\" class=\"wp-image-1797 alignleft\" title=\"Clique para conhecer mais\" src=\"http:\/\/flordeibez.org\/flor\/wp-content\/uploads\/2017\/09\/quinto_dia_03.jpg\" alt=\"\" width=\"400\" height=\"225\" \/><img decoding=\"async\" loading=\"lazy\" class=\"wp-image-1797 alignleft\" title=\"Clique para conhecer mais\" src=\"http:\/\/flordeibez.org\/flor\/wp-content\/uploads\/2017\/09\/quinto_dia_04.jpg\" alt=\"\" width=\"400\" height=\"225\" \/><\/p>\n<p style=\"text-align: left; font-size: 17px; font-family: helvetica, arial, sans-serif; color: #5b4900; line-height: 200%;\">Alegria, somos sempre aprendizes!<\/p>\n<p style=\"text-align: left; font-size: 17px; font-family: helvetica, arial, sans-serif; color: #5b4900; line-height: 200%;\">A cada dia descobrimos novas possibilidades, surgem novos aprendizados. At\u00e9 na repeti\u00e7\u00e3o de uma mesma tarefa, o que para muitas pessoas parece enfadonho, podemos descobrir maravilhas! A tarefa se renova com a nossa disposi\u00e7\u00e3o de aprender, de ouvir, de olhar com um novo olhar. Talvez seja o amor que fa\u00e7a isso, que nos renove e renove a vida.<\/p>\n<p style=\"text-align: left; font-size: 17px; font-family: helvetica, arial, sans-serif; color: #5b4900; line-height: 200%;\">A tarefa na obra hoje foi nessa linha. Olhar, perceber, escolher a pedra, experimentar, tentar novamente, encaixar. Deu certo? Coloca massa, ajusta a posi\u00e7\u00e3o, agradece e prossegue! Com calma e paci\u00eancia terminaremos a base! Dizia um senhor amigo nosso, \"vamos devagar porque estou com pressa!\". E \u00e9 assim. Vamos sem perder tempo, mas com o tempo para viver a vida no tempo dela.<\/p>\n<p style=\"text-align: left; font-size: 17px; font-family: helvetica, arial, sans-serif; color: #5b4900; line-height: 200%;\">E a<a title=\"Clique para conhecer mais!\" href=\"http:\/\/flordeibez.org\/\" rel=\"noopener\"><b> campanha<\/b><\/a> para a constru\u00e7\u00e3o da\u00a0<b><a title=\"Clique para conhecer mais!\" href=\"http:\/\/flordeibez.org\/\" rel=\"noopener\">Casa Gatil\u00a0<\/a><\/b><span style=\"color: #5b4900; font-family: helvetica, arial, sans-serif; font-size: 17px;\">continua! Precisamos de ajuda para aquisi\u00e7\u00e3o de material. Assim que terminar a base de pedra, temos que estruturar paredes e telhado. Quer participar? Vamos l\u00e1! Qualquer quantia faz a diferen\u00e7a. E se quiser \"pegar no pesado\", venha para o\u00a0<a title=\"Clique para conhecer mais!\" href=\"https:\/\/goo.gl\/forms\/D2z9CiYft4WolkVH2\" target=\"_blank\" rel=\"noopener\"><b>voluntariado em bioconstru\u00e7\u00e3o<\/b><\/a> em outubro.<\/span><\/p>\n<p style=\"text-align: left; font-size: 17px; font-family: helvetica, arial, sans-serif; color: #5b4900; line-height: 200%;\">De um modo ou de outro, contamos com voc\u00ea. Pode ser?<\/p>\n<p style=\"text-align: left; font-size: 17px; font-family: helvetica, arial, sans-serif; color: #5b4900; line-height: 200%;\">Ah... j\u00e1 ia esquecendo... Temos tarefas leves para o voluntariado tamb\u00e9m! \ud83d\ude42<\/p>\n<p style=\"text-align: left; font-size: 17px; font-family: helvetica, arial, sans-serif; color: #5b4900; line-height: 200%;\">Abra\u00e7os de paz!<\/p>\n<\/div>\n<\/div><\/div><\/div><\/div><\/div><\/div>","protected":false},"excerpt":{"rendered":"<p>Somos aprendizes! [11-set-2017] Alegria, somos sempre aprendizes! A cada dia descobrimos novas possibilidades, surgem novos aprendizados. At\u00e9 na repeti\u00e7\u00e3o de uma mesma tarefa, o que para muitas pessoas parece enfadonho, podemos descobrir maravilhas! A tarefa se renova com a nossa disposi\u00e7\u00e3o de aprender, de ouvir, de olhar com um novo olhar. Talvez seja o amor [&hellip;]<\/p>\n","protected":false},"author":2,"featured_media":0,"parent":0,"menu_order":0,"comment_status":"closed","ping_status":"closed","template":"","meta":[],"_links":{"self":[{"href":"https:\/\/flordeibez.org\/flor\/wp-json\/wp\/v2\/pages\/2060"}],"collection":[{"href":"https:\/\/flordeibez.org\/flor\/wp-json\/wp\/v2\/pages"}],"about":[{"href":"https:\/\/flordeibez.org\/flor\/wp-json\/wp\/v2\/types\/page"}],"author":[{"embeddable":true,"href":"https:\/\/flordeibez.org\/flor\/wp-json\/wp\/v2\/users\/2"}],"replies":[{"embeddable":true,"href":"https:\/\/flordeibez.org\/flor\/wp-json\/wp\/v2\/comments?post=2060"}],"version-history":[{"count":7,"href":"https:\/\/flordeibez.org\/flor\/wp-json\/wp\/v2\/pages\/2060\/revisions"}],"predecessor-version":[{"id":2069,"href":"https:\/\/flordeibez.org\/flor\/wp-json\/wp\/v2\/pages\/2060\/revisions\/2069"}],"wp:attachment":[{"href":"https:\/\/flordeibez.org\/flor\/wp-json\/wp\/v2\/media?parent=2060"}],"curies":[{"name":"wp","href":"https:\/\/api.w.org\/{rel}","templated":true}]}}