{"id":2013,"date":"2017-09-08T19:58:46","date_gmt":"2017-09-08T22:58:46","guid":{"rendered":"http:\/\/flordeibez.org\/flor\/?page_id=2013"},"modified":"2017-09-08T19:59:47","modified_gmt":"2017-09-08T22:59:47","slug":"segundo-dia","status":"publish","type":"page","link":"https:\/\/flordeibez.org\/flor\/segundo-dia\/","title":{"rendered":"Segundo dia!"},"content":{"rendered":"<div id=\"pl-2013\"  class=\"panel-layout\" ><div id=\"pg-2013-0\"  class=\"panel-grid panel-no-style\" ><div id=\"pgc-2013-0-0\"  class=\"panel-grid-cell\" ><div id=\"panel-2013-0-0-0\" class=\"so-panel widget widget_sow-editor panel-first-child panel-last-child\" data-index=\"0\" ><div class=\"panel-widget-style panel-widget-style-for-2013-0-0-0\" ><div\n\t\t\t\n\t\t\tclass=\"so-widget-sow-editor so-widget-sow-editor-base\"\n\t\t\t\n\t\t>\n<div class=\"siteorigin-widget-tinymce textwidget\">\n\t<p style=\"text-align: none; font-size: 32px; font-family: helvetica, arial, sans-serif; color: #d14c00;\"><b>Segundo dia!<\/b><\/p>\n<p><span style=\"text-align: left; font-size: 14px; font-family: helvetica, arial, sans-serif; color: #2b1100;\">[8-set-2017]<\/span><br \/>\n<a href=\"http:\/\/flordeibez.org\/\"><img decoding=\"async\" loading=\"lazy\" class=\"alignnone size-medium wp-image-1570\" title=\"Clique para conhecer mais\" src=\"http:\/\/flordeibez.org\/flor\/wp-content\/uploads\/2017\/09\/segundo_dia_.jpg\" alt=\"\" width=\"800\" height=\"450\" \/><\/a><img decoding=\"async\" loading=\"lazy\" class=\"wp-image-1797 alignleft\" title=\"Clique para conhecer mais\" src=\"http:\/\/flordeibez.org\/flor\/wp-content\/uploads\/2017\/09\/segundo_dia_01.jpg\" alt=\"\" width=\"400\" height=\"225\" \/><img decoding=\"async\" loading=\"lazy\" class=\"wp-image-1797 alignleft\" title=\"Clique para conhecer mais\" src=\"http:\/\/flordeibez.org\/flor\/wp-content\/uploads\/2017\/09\/segundo_dia_02.jpg\" alt=\"\" width=\"400\" height=\"225\" \/><img decoding=\"async\" loading=\"lazy\" class=\"wp-image-1797 alignleft\" title=\"Clique para conhecer mais\" src=\"http:\/\/flordeibez.org\/flor\/wp-content\/uploads\/2017\/09\/segundo_dia_03.jpg\" alt=\"\" width=\"400\" height=\"225\" \/><\/p>\n<p style=\"text-align: left; font-size: 17px; font-family: helvetica, arial, sans-serif; color: #5b4900; line-height: 200%;\">Instalamos todas as colunas da <a title=\"Clique para conhecer mais!\" href=\"http:\/\/flordeibez.org\/\" rel=\"noopener\"><b>Casa-Gatil<\/b><\/a>. Come\u00e7amos a cortar as valetas para a funda\u00e7\u00e3o e a nivelar o espa\u00e7o interno. Pr\u00f3ximo passo ser\u00e1 o trabalho com as pedras, na funda\u00e7\u00e3o e no rodap\u00e9 que se elevar\u00e1 como base das paredes.<\/p>\n<p style=\"text-align: left; font-size: 17px; font-family: helvetica, arial, sans-serif; color: #5b4900; line-height: 200%;\">A equipe prosseguir\u00e1 firme amanh\u00e3.\u00a0E, lembre-se, para voc\u00ea tamb\u00e9m participar \u00e9 muito simples. Visite o\u00a0<b><a title=\"Clique para conhecer mais!\" href=\"http:\/\/flordeibez.org\/\" rel=\"noopener\">projeto Gato-Amigo<\/a><\/b>\u00a0e colabore ali diretamente, ou venha para o <a title=\"Clique para conhecer mais!\" href=\"https:\/\/goo.gl\/forms\/D2z9CiYft4WolkVH2\" target=\"_blank\" rel=\"noopener\"><b>voluntariado em bioconstru\u00e7\u00e3o<\/b><\/a>! Contamos com sua ajuda!<\/p>\n<p style=\"text-align: left; font-size: 17px; font-family: helvetica, arial, sans-serif; color: #5b4900; line-height: 200%;\">Paz sempre!<\/p>\n<\/div>\n<\/div><\/div><\/div><\/div><\/div><\/div>","protected":false},"excerpt":{"rendered":"<p>Segundo dia! [8-set-2017] Instalamos todas as colunas da Casa-Gatil. Come\u00e7amos a cortar as valetas para a funda\u00e7\u00e3o e a nivelar o espa\u00e7o interno. Pr\u00f3ximo passo ser\u00e1 o trabalho com as pedras, na funda\u00e7\u00e3o e no rodap\u00e9 que se elevar\u00e1 como base das paredes. A equipe prosseguir\u00e1 firme amanh\u00e3.\u00a0E, lembre-se, para voc\u00ea tamb\u00e9m participar \u00e9 muito [&hellip;]<\/p>\n","protected":false},"author":2,"featured_media":0,"parent":0,"menu_order":0,"comment_status":"closed","ping_status":"closed","template":"","meta":[],"_links":{"self":[{"href":"https:\/\/flordeibez.org\/flor\/wp-json\/wp\/v2\/pages\/2013"}],"collection":[{"href":"https:\/\/flordeibez.org\/flor\/wp-json\/wp\/v2\/pages"}],"about":[{"href":"https:\/\/flordeibez.org\/flor\/wp-json\/wp\/v2\/types\/page"}],"author":[{"embeddable":true,"href":"https:\/\/flordeibez.org\/flor\/wp-json\/wp\/v2\/users\/2"}],"replies":[{"embeddable":true,"href":"https:\/\/flordeibez.org\/flor\/wp-json\/wp\/v2\/comments?post=2013"}],"version-history":[{"count":6,"href":"https:\/\/flordeibez.org\/flor\/wp-json\/wp\/v2\/pages\/2013\/revisions"}],"predecessor-version":[{"id":2024,"href":"https:\/\/flordeibez.org\/flor\/wp-json\/wp\/v2\/pages\/2013\/revisions\/2024"}],"wp:attachment":[{"href":"https:\/\/flordeibez.org\/flor\/wp-json\/wp\/v2\/media?parent=2013"}],"curies":[{"name":"wp","href":"https:\/\/api.w.org\/{rel}","templated":true}]}}