{"id":1954,"date":"2017-09-06T00:23:08","date_gmt":"2017-09-06T03:23:08","guid":{"rendered":"http:\/\/flordeibez.org\/flor\/?page_id=1954"},"modified":"2017-09-06T13:34:37","modified_gmt":"2017-09-06T16:34:37","slug":"onde-esta-o-maurao","status":"publish","type":"page","link":"https:\/\/flordeibez.org\/flor\/onde-esta-o-maurao\/","title":{"rendered":"Onde est\u00e1 o Maur\u00e3o?"},"content":{"rendered":"<div id=\"pl-1954\"  class=\"panel-layout\" ><div id=\"pg-1954-0\"  class=\"panel-grid panel-no-style\" ><div id=\"pgc-1954-0-0\"  class=\"panel-grid-cell\" ><div id=\"panel-1954-0-0-0\" class=\"so-panel widget widget_sow-editor panel-first-child panel-last-child\" data-index=\"0\" ><div class=\"panel-widget-style panel-widget-style-for-1954-0-0-0\" ><div\n\t\t\t\n\t\t\tclass=\"so-widget-sow-editor so-widget-sow-editor-base\"\n\t\t\t\n\t\t>\n<div class=\"siteorigin-widget-tinymce textwidget\">\n\t<p style=\"text-align: none; font-size: 32px; font-family: helvetica, arial, sans-serif; color: #d14c00;\"><b>Onde est\u00e1 o Maur\u00e3o?<\/b><\/p>\n<p><a href=\"http:\/\/flordeibez.org\/\"><img decoding=\"async\" loading=\"lazy\" class=\"alignnone size-medium wp-image-1570\" title=\"Clique para conhecer mais\" src=\"http:\/\/flordeibez.org\/flor\/wp-content\/uploads\/2017\/09\/buraco_.jpg\" alt=\"\" width=\"800\" height=\"450\" \/><\/a><\/p>\n<p style=\"text-align: left; font-size: 17px; font-family: helvetica, arial, sans-serif; color: #5b4900; line-height: 200%;\">\u00c0s vezes a vida nos prega boas pe\u00e7as... No interior do Brasil, especialmente do Mato Grosso, onde vivemos, encontramos express\u00f5es, nuan\u00e7as de palavras e pron\u00fancias para n\u00f3s desconhecidas. At\u00e9 que voc\u00ea se habitue, \u00e9 um exerc\u00edcio de aten\u00e7\u00e3o compreender o que o senhorzinho que vive no campo est\u00e1 falando.<\/p>\n<p style=\"text-align: left; font-size: 17px; font-family: helvetica, arial, sans-serif; color: #5b4900; line-height: 200%;\">Outro dia, um vizinho amigo e outros colegas, com muita boa vontade e de cora\u00e7\u00e3o, vieram nos ajudar a preparar o local para a constru\u00e7\u00e3o da\u00a0<b><a title=\"Clique para conhecer mais!\" href=\"http:\/\/flordeibez.org\/\" rel=\"noopener\">Casa-Gatil<\/a><\/b>.\u00a0O vizinho tem um trator forte, com uma broca grande que perfura o solo rapidamente. Foi uma maravilha!<\/p>\n<p><img decoding=\"async\" loading=\"lazy\" class=\"wp-image-1797 alignright\" title=\"Clique para conhecer mais\" src=\"http:\/\/flordeibez.org\/flor\/wp-content\/uploads\/2017\/09\/buracos_.jpg\" alt=\"\" width=\"400\" height=\"225\" \/><\/p>\n<p style=\"text-align: left; font-size: 17px; font-family: helvetica, arial, sans-serif; color: #5b4900; line-height: 200%;\">Fizemos todos os furos necess\u00e1rios, tanto para o cercado dos gatos quanto para o abrigo. E a\u00ed, servi\u00e7o pronto, conversa vai, conversa vem, um dos presentes falou: Agora temos que esperar o Maur\u00e3o chegar. S\u00f3 falta ele!<\/p>\n<p style=\"text-align: left; font-size: 17px; font-family: helvetica, arial, sans-serif; color: #5b4900; line-height: 200%;\">Como est\u00e1vamos conversando sobre o <a title=\"Clique para conhecer mais!\" href=\"https:\/\/goo.gl\/forms\/D2z9CiYft4WolkVH2\" target=\"_blank\" rel=\"noopener\"><b>voluntariado em bioconstru\u00e7\u00e3o<\/b><\/a>\u00a0que vai acontecer aqui na fazenda nos feriados de setembro e de outubro, logo todo mundo pensou: Maur\u00e3o? Ser\u00e1 um bioconstrutor? Um volunt\u00e1rio experiente?<\/p>\n<p style=\"text-align: left; font-size: 17px; font-family: helvetica, arial, sans-serif; color: #5b4900; line-height: 200%;\">Mas n\u00e3o demorou para que o assunto se esclarecesse... \u00a0O Maur\u00e3o era o <strong>mour\u00e3o<\/strong>, o eucalipto para a obra! Rimos muito, mas o amigo tinha raz\u00e3o: ainda falta o Maur\u00e3o! Mas quem sabe voc\u00ea pode ajudar?<\/p>\n<p style=\"text-align: left; font-size: 17px; font-family: helvetica, arial, sans-serif; color: #5b4900; line-height: 200%;\">Visite nosso <a title=\"Clique para conhecer mais!\" href=\"http:\/\/flordeibez.org\/\" rel=\"noopener\"><b>projeto de finaciamento coletivo<\/b><\/a>. Leia com carinho, \u00e9 r\u00e1pido. Contribua! Com a for\u00e7a de um grupo poderemos concretizar Flor de Ibez, um instituto de vida integral, um espa\u00e7o para o bem, a harmonia com reinos da natureza e a coopera\u00e7\u00e3o fraterna.<br \/>\nTemos certeza. Com a for\u00e7a grupal, logo logo o Maur\u00e3o chega!<\/p>\n<\/div>\n<\/div><\/div><\/div><\/div><\/div><\/div>","protected":false},"excerpt":{"rendered":"<p>Onde est\u00e1 o Maur\u00e3o? \u00c0s vezes a vida nos prega boas pe\u00e7as&#8230; No interior do Brasil, especialmente do Mato Grosso, onde vivemos, encontramos express\u00f5es, nuan\u00e7as de palavras e pron\u00fancias para n\u00f3s desconhecidas. At\u00e9 que voc\u00ea se habitue, \u00e9 um exerc\u00edcio de aten\u00e7\u00e3o compreender o que o senhorzinho que vive no campo est\u00e1 falando. Outro dia, [&hellip;]<\/p>\n","protected":false},"author":2,"featured_media":0,"parent":0,"menu_order":0,"comment_status":"closed","ping_status":"closed","template":"","meta":[],"_links":{"self":[{"href":"https:\/\/flordeibez.org\/flor\/wp-json\/wp\/v2\/pages\/1954"}],"collection":[{"href":"https:\/\/flordeibez.org\/flor\/wp-json\/wp\/v2\/pages"}],"about":[{"href":"https:\/\/flordeibez.org\/flor\/wp-json\/wp\/v2\/types\/page"}],"author":[{"embeddable":true,"href":"https:\/\/flordeibez.org\/flor\/wp-json\/wp\/v2\/users\/2"}],"replies":[{"embeddable":true,"href":"https:\/\/flordeibez.org\/flor\/wp-json\/wp\/v2\/comments?post=1954"}],"version-history":[{"count":27,"href":"https:\/\/flordeibez.org\/flor\/wp-json\/wp\/v2\/pages\/1954\/revisions"}],"predecessor-version":[{"id":1987,"href":"https:\/\/flordeibez.org\/flor\/wp-json\/wp\/v2\/pages\/1954\/revisions\/1987"}],"wp:attachment":[{"href":"https:\/\/flordeibez.org\/flor\/wp-json\/wp\/v2\/media?parent=1954"}],"curies":[{"name":"wp","href":"https:\/\/api.w.org\/{rel}","templated":true}]}}