{"id":1637,"date":"2017-08-30T20:24:03","date_gmt":"2017-08-30T23:24:03","guid":{"rendered":"http:\/\/flordeibez.org\/flor\/?page_id=1637"},"modified":"2020-08-27T14:34:18","modified_gmt":"2020-08-27T17:34:18","slug":"quemsomos","status":"publish","type":"page","link":"https:\/\/flordeibez.org\/flor\/quemsomos\/","title":{"rendered":"Quem somos"},"content":{"rendered":"<div id=\"pl-1637\"  class=\"panel-layout\" ><div id=\"pg-1637-0\"  class=\"panel-grid panel-has-style\" ><div class=\"siteorigin-panels-stretch panel-row-style panel-row-style-for-1637-0\" data-stretch-type=\"full-stretched\" ><div id=\"pgc-1637-0-0\"  class=\"panel-grid-cell panel-grid-cell-mobile-last\" ><div id=\"panel-1637-0-0-0\" class=\"so-panel widget widget_sow-editor panel-first-child panel-last-child\" data-index=\"0\" ><div class=\"panel-widget-style panel-widget-style-for-1637-0-0-0\" ><div\n\t\t\t\n\t\t\tclass=\"so-widget-sow-editor so-widget-sow-editor-base\"\n\t\t\t\n\t\t>\n<div class=\"siteorigin-widget-tinymce textwidget\">\n\t<p style=\"text-align: left; font-size: 42px; font-family: helvetica, arial, sans-serif; color: #fff;\">Quem somos?<\/p>\n<p style=\"text-align: left; font-size: 22px; font-family: helvetica, arial, sans-serif; color: #5b4900; line-height: 220%;\">Buscamos criar um espa\u00e7o<br \/>\nde paz e de harmonia<br \/>\ndentro de n\u00f3s<br \/>\ne em nosso entorno.<br \/>\nEstudo, atividade pr\u00e1tica e<br \/>\nrecolhimento silencioso<br \/>\ncomplementam-se<br \/>\nem nosso dia-a-dia. <\/p>\n<\/div>\n<\/div><\/div><\/div><\/div><div id=\"pgc-1637-0-1\"  class=\"panel-grid-cell panel-grid-cell-empty\" ><\/div><\/div><\/div><div id=\"pg-1637-1\"  class=\"panel-grid panel-no-style\" ><div id=\"pgc-1637-1-0\"  class=\"panel-grid-cell\" ><div id=\"panel-1637-1-0-0\" class=\"so-panel widget widget_sow-editor panel-first-child panel-last-child\" data-index=\"1\" ><div\n\t\t\t\n\t\t\tclass=\"so-widget-sow-editor so-widget-sow-editor-base\"\n\t\t\t\n\t\t>\n<div class=\"siteorigin-widget-tinymce textwidget\">\n\t<p style=\"text-align: left; font-size: 24px; font-family: helvetica, arial, sans-serif; color: #2b1100; margin: 10% 10% 10% 10%; line-height: 220%;\">Em meados de 2014 iniciamos o preparo do local que hoje abriga o servi\u00e7o de Flor de Ibez aos reinos da natureza. Em 2015 come\u00e7aram os cursos e forma\u00e7\u00f5es em pr\u00e1ticas sustent\u00e1veis. Em fevereiro de 2017 o grupo constituiu uma associa\u00e7\u00e3o civil sem finalidade lucrativa. Nasceu Flor de Ibez \u2013 Instituto de Vida Integral.<\/p>\n<\/div>\n<\/div><\/div><\/div><\/div><div id=\"pg-1637-2\"  class=\"panel-grid panel-no-style\" ><div id=\"pgc-1637-2-0\"  class=\"panel-grid-cell\" ><div id=\"panel-1637-2-0-0\" class=\"so-panel widget widget_text panel-first-child panel-last-child\" data-index=\"2\" ><div class=\"panel-widget-style panel-widget-style-for-1637-2-0-0\" >\t\t\t<div class=\"textwidget\"><p style=\"text-align: left; font-size: 23px; font-family: helvetica, arial, sans-serif; color: #5b4900;\"><strong>S\u00e3o finalidades de Flor de Ibez<\/strong><\/p>\n<p style=\"text-align: left; font-size: 17px; font-family: helvetica, arial, sans-serif; color: #5b4900; margin-top: 2%; line-height: 180%;\">. Criar um espa\u00e7o interno e externo para a viv\u00eancia de padr\u00f5es de vida fraterna, colaborativa, por meio do altru\u00edsmo;<\/p>\n<p style=\"text-align: left; font-size: 17px; font-family: helvetica, arial, sans-serif; color: #5b4900; margin-top: 2%; line-height: 180%;\">. Promover atividades e eventos filos\u00f3ficos, etnoculturais, educacionais, art\u00edsticos, socioambientais e tamb\u00e9m relativos \u00e0 sa\u00fade integral dos seres;<\/p>\n<p style=\"text-align: left; font-size: 17px; font-family: helvetica, arial, sans-serif; color: #5b4900; margin-top: 2%; line-height: 180%;\">. Promover e incentivar a educa\u00e7\u00e3o ambiental e a busca de sustentabilidade;<\/p>\n<p style=\"text-align: left; font-size: 17px; font-family: helvetica, arial, sans-serif; color: #5b4900; margin-top: 2%; line-height: 180%;\">. Promover e apoiar campanhas de comunica\u00e7\u00e3o, troca de saberes, esclarecimentos, forma\u00e7\u00f5es e divulga\u00e7\u00e3o acerca das amea\u00e7as e desafios socioambientais de popula\u00e7\u00f5es tradicionais;<\/p>\n<p style=\"text-align: left; font-size: 17px; font-family: helvetica, arial, sans-serif; color: #5b4900; margin-top: 2%; line-height: 180%;\">. Promover a\u00e7\u00f5es em rede entre associa\u00e7\u00f5es e tamb\u00e9m com comunidades tradicionais;<\/p>\n<p style=\"text-align: left; font-size: 17px; font-family: helvetica, arial, sans-serif; color: #5b4900; margin-top: 2%; line-height: 180%;\">. Fomentar a valoriza\u00e7\u00e3o das culturas nativas associadas \u00e0 biodiversidade do bioma onde vivem, em especial da regi\u00e3o do Araguaia-Xingu; prestar assist\u00eancia a fam\u00edlias e indiv\u00edduos em situa\u00e7\u00f5es de vulnerabilidade ou risco social;<\/p>\n<p style=\"text-align: left; font-size: 17px; font-family: helvetica, arial, sans-serif; color: #5b4900; margin-top: 2%; line-height: 180%;\">. Promover, assistir e proteger a vida humana, a vida animal, a vida vegetal e a vida mineral;<\/p>\n<p style=\"text-align: left; font-size: 17px; font-family: helvetica, arial, sans-serif; color: #5b4900; margin-top: 2%; line-height: 180%;\">. Desenvolver terapias naturais e alternativas para o fortalecimento da sa\u00fade f\u00edsica e ps\u00edquica, e a busca da cura, de pessoas e animais;<\/p>\n<p style=\"text-align: left; font-size: 17px; font-family: helvetica, arial, sans-serif; color: #5b4900; margin-top: 2%; line-height: 180%;\">. Realizar parcerias a fim de promover suas finalidades.<\/p>\n<\/div>\n\t\t<\/div><\/div><\/div><\/div><div id=\"pg-1637-3\"  class=\"panel-grid panel-has-style\" ><div class=\"siteorigin-panels-stretch panel-row-style panel-row-style-for-1637-3\" data-stretch-type=\"full\" ><div id=\"pgc-1637-3-0\"  class=\"panel-grid-cell\" ><\/div><div id=\"pgc-1637-3-1\"  class=\"panel-grid-cell\" ><div id=\"panel-1637-3-1-0\" class=\"so-panel widget widget_text panel-first-child panel-last-child\" data-index=\"4\" ><div class=\"panel-widget-style panel-widget-style-for-1637-3-1-0\" >\t\t\t<div class=\"textwidget\"><p style=\"text-align: left; font-size: 23px; font-family: helvetica, arial, sans-serif; color: #decd87;\"><b>A fam\u00edlia Flor de Ibez \u00e9 ampla&#8230;<\/b><\/p>\n<p style=\"text-align: left; font-size: 18px; font-family: helvetica, arial, sans-serif; color: #decd87; line-height: 240%;\">Consideramos que dela fazem parte todos os que amam, servem e almejam o bem, em diferentes cidades e na\u00e7\u00f5es, em diferentes planos de consci\u00eancia, unidos pelo prop\u00f3sito \u00fanico do servir desinteressado. Os seres dos v\u00e1rios reinos da Natureza tamb\u00e9m s\u00e3o membros dessa grande fam\u00edlia.<\/p>\n<\/div>\n\t\t<\/div><\/div><\/div><\/div><\/div><div id=\"pg-1637-4\"  class=\"panel-grid panel-no-style\" ><div id=\"pgc-1637-4-0\"  class=\"panel-grid-cell\" ><div id=\"panel-1637-4-0-0\" class=\"so-panel widget widget_text panel-first-child panel-last-child\" data-index=\"5\" ><div class=\"panel-widget-style panel-widget-style-for-1637-4-0-0\" >\t\t\t<div class=\"textwidget\"><p style=\"text-align: left; font-size: 23px; font-family: helvetica, arial, sans-serif; color: #5b4900; line-height: 220%;\"><b>Est\u00e3o encarregados da gest\u00e3o do Instituto:<\/b><\/p>\n<p style=\"text-align: left; font-size: 20px; font-family: helvetica, arial, sans-serif; color: #5b4900; line-height: 220%;\">1. <b>Sim\u00f3n Paz<\/b> &#8211; coordena\u00e7\u00e3o geral<br \/>\n2. <b>Elisa Bar-Nissim (Antonella)<\/b> &#8211; coordena\u00e7\u00e3o administrativo-operacional<br \/>\n3. <b>Nurit Bar-Nissim<\/b> &#8211; coordena\u00e7\u00e3o administrativo-financeira<\/p>\n<p style=\"text-align: left; font-size: 20px; font-family: helvetica, arial, sans-serif; color: #5b4900; line-height: 220%;\">Com o apoio direto dos consultores<br \/>\n4. <b>Fernando Medeiros<\/b><br \/>\n5. <b>Carlos Solano<\/b><\/p>\n<\/div>\n\t\t<\/div><\/div><\/div><\/div><div id=\"pg-1637-5\"  class=\"panel-grid panel-has-style\" ><div class=\"siteorigin-panels-stretch panel-row-style panel-row-style-for-1637-5\" data-stretch-type=\"full\" ><div id=\"pgc-1637-5-0\"  class=\"panel-grid-cell\" ><div id=\"panel-1637-5-0-0\" class=\"so-panel widget widget_media_image panel-first-child panel-last-child\" data-index=\"6\" ><img width=\"1165\" height=\"201\" src=\"https:\/\/flordeibez.org\/flor\/wp-content\/uploads\/2017\/08\/quemsomos_membros_.jpg\" class=\"image wp-image-1888  attachment-full size-full\" alt=\"\" decoding=\"async\" loading=\"lazy\" style=\"max-width: 100%; height: auto;\" srcset=\"https:\/\/flordeibez.org\/flor\/wp-content\/uploads\/2017\/08\/quemsomos_membros_.jpg 1165w, https:\/\/flordeibez.org\/flor\/wp-content\/uploads\/2017\/08\/quemsomos_membros_-800x138.jpg 800w, https:\/\/flordeibez.org\/flor\/wp-content\/uploads\/2017\/08\/quemsomos_membros_-768x133.jpg 768w\" sizes=\"(max-width: 1165px) 100vw, 1165px\" \/><\/div><\/div><\/div><\/div><div id=\"pg-1637-6\"  class=\"panel-grid panel-no-style\" ><div id=\"pgc-1637-6-0\"  class=\"panel-grid-cell\" ><div id=\"panel-1637-6-0-0\" class=\"so-panel widget widget_text panel-first-child panel-last-child\" data-index=\"7\" >\t\t\t<div class=\"textwidget\"><p style=\"text-align: left; font-size: 23px; font-family: helvetica, arial, sans-serif; color: #5b4900;\"><b>E a fam\u00edlia n\u00e3o p\u00e1ra de crescer\u2026<\/b><\/p>\n<\/div>\n\t\t<\/div><\/div><\/div><div id=\"pg-1637-7\"  class=\"panel-grid panel-no-style\" ><div id=\"pgc-1637-7-0\"  class=\"panel-grid-cell\" ><div id=\"panel-1637-7-0-0\" class=\"so-panel widget widget_media_image panel-first-child panel-last-child\" data-index=\"8\" ><img width=\"1120\" height=\"431\" src=\"https:\/\/flordeibez.org\/flor\/wp-content\/uploads\/2017\/08\/quemsomos_fotos_-1280x493.jpg\" class=\"image wp-image-1890  attachment-large size-large\" alt=\"\" decoding=\"async\" loading=\"lazy\" style=\"max-width: 100%; height: auto;\" srcset=\"https:\/\/flordeibez.org\/flor\/wp-content\/uploads\/2017\/08\/quemsomos_fotos_-1280x493.jpg 1280w, https:\/\/flordeibez.org\/flor\/wp-content\/uploads\/2017\/08\/quemsomos_fotos_-800x308.jpg 800w, https:\/\/flordeibez.org\/flor\/wp-content\/uploads\/2017\/08\/quemsomos_fotos_-768x296.jpg 768w, https:\/\/flordeibez.org\/flor\/wp-content\/uploads\/2017\/08\/quemsomos_fotos_.jpg 1562w\" sizes=\"(max-width: 1120px) 100vw, 1120px\" \/><\/div><\/div><\/div><div id=\"pg-1637-8\"  class=\"panel-grid panel-has-style\" ><div class=\"siteorigin-panels-stretch panel-row-style panel-row-style-for-1637-8\" data-stretch-type=\"full-stretched\" ><div id=\"pgc-1637-8-0\"  class=\"panel-grid-cell\" ><div id=\"panel-1637-8-0-0\" class=\"so-panel widget widget_text panel-first-child panel-last-child\" data-index=\"9\" ><div class=\"panel-widget-style panel-widget-style-for-1637-8-0-0\" >\t\t\t<div class=\"textwidget\"><p style=\"text-align: center; font-size: 16px; font-family: helvetica, arial, sans-serif; color: #decd87;\">e-mail flordeibez@gmail.com<br \/>\nwhats app +55 66 9 9673-7893<br \/>\nfacebook Flor de Ibez<\/p>\n<p style=\"text-align: center; font-size: 16px; font-family: helvetica, arial, sans-serif; color: #decd87;\">CNPJ 27.233.268\/0001-20<\/p>\n<p style=\"text-align: center; font-size: 16px; font-family: helvetica, arial, sans-serif; color: #fff;\"><b>Paz a todos os seres!<\/b><\/p>\n<\/div>\n\t\t<\/div><\/div><\/div><\/div><\/div><\/div>","protected":false},"excerpt":{"rendered":"<p>Quem somos? Buscamos criar um espa\u00e7o de paz e de harmonia dentro de n\u00f3s e em nosso entorno. Estudo, atividade pr\u00e1tica e recolhimento silencioso complementam-se em nosso dia-a-dia. Em meados de 2014 iniciamos o preparo do local que hoje abriga o servi\u00e7o de Flor de Ibez aos reinos da natureza. Em 2015 come\u00e7aram os cursos [&hellip;]<\/p>\n","protected":false},"author":2,"featured_media":0,"parent":0,"menu_order":0,"comment_status":"closed","ping_status":"closed","template":"","meta":[],"_links":{"self":[{"href":"https:\/\/flordeibez.org\/flor\/wp-json\/wp\/v2\/pages\/1637"}],"collection":[{"href":"https:\/\/flordeibez.org\/flor\/wp-json\/wp\/v2\/pages"}],"about":[{"href":"https:\/\/flordeibez.org\/flor\/wp-json\/wp\/v2\/types\/page"}],"author":[{"embeddable":true,"href":"https:\/\/flordeibez.org\/flor\/wp-json\/wp\/v2\/users\/2"}],"replies":[{"embeddable":true,"href":"https:\/\/flordeibez.org\/flor\/wp-json\/wp\/v2\/comments?post=1637"}],"version-history":[{"count":100,"href":"https:\/\/flordeibez.org\/flor\/wp-json\/wp\/v2\/pages\/1637\/revisions"}],"predecessor-version":[{"id":4316,"href":"https:\/\/flordeibez.org\/flor\/wp-json\/wp\/v2\/pages\/1637\/revisions\/4316"}],"wp:attachment":[{"href":"https:\/\/flordeibez.org\/flor\/wp-json\/wp\/v2\/media?parent=1637"}],"curies":[{"name":"wp","href":"https:\/\/api.w.org\/{rel}","templated":true}]}}